 {"id":17325,"date":"2025-09-02T10:51:46","date_gmt":"2025-09-02T08:51:46","guid":{"rendered":"https:\/\/www.legalprod.com\/allgemeine-bedingungen-fuer-das-senden-von-nachrichten\/"},"modified":"2025-09-02T10:52:34","modified_gmt":"2025-09-02T08:52:34","slug":"allgemeine-bedingungen-fuer-das-senden-von-nachrichten","status":"publish","type":"page","link":"https:\/\/www.legalprod.com\/de\/allgemeine-bedingungen-fuer-das-senden-von-nachrichten\/","title":{"rendered":"Allgemeine Bedingungen f\u00fcr das Senden von Nachrichten"},"content":{"rendered":"<p>[et_pb_section fb_built=&#8221;1&#8243; next_background_color=&#8221;#ffffff&#8221; admin_label=&#8221;Header&#8221; _builder_version=&#8221;4.23.1&#8243; _module_preset=&#8221;default&#8221; background_color=&#8221;#5233ff&#8221; background_enable_image=&#8221;off&#8221; background_size=&#8221;initial&#8221; background_blend=&#8221;color&#8221; min_height=&#8221;266px&#8221; custom_margin=&#8221;||||false|false&#8221; custom_padding=&#8221;125px||||false|false&#8221; bottom_divider_style=&#8221;slant&#8221; bottom_divider_height=&#8221;0vw&#8221; bottom_divider_repeat=&#8221;1x&#8221; bottom_divider_flip=&#8221;horizontal&#8221; bottom_divider_arrangement=&#8221;above_content&#8221; border_style_all=&#8221;none&#8221; locked=&#8221;off&#8221; global_colors_info=&#8221;{%22gcid-af512a5f-530a-4e80-bfc4-3632d9174c8b%22:%91%93,%22gcid-b593ef39-6aba-4318-8d2d-133b31113704%22:%91%93}&#8221; theme_builder_area=&#8221;post_content&#8221;][et_pb_row _builder_version=&#8221;4.19.0&#8243; _module_preset=&#8221;default&#8221; background_color=&#8221;RGBA(255,255,255,0)&#8221; border_color_all=&#8221;RGBA(255,255,255,0)&#8221; border_style_all=&#8221;none&#8221; global_colors_info=&#8221;{}&#8221; theme_builder_area=&#8221;post_content&#8221;][et_pb_column type=&#8221;4_4&#8243; _builder_version=&#8221;4.19.5&#8243; _module_preset=&#8221;default&#8221; background_color=&#8221;RGBA(255,255,255,0)&#8221; background_enable_image=&#8221;off&#8221; background_size=&#8221;initial&#8221; custom_padding=&#8221;||||false|false&#8221; border_style_all=&#8221;none&#8221; global_colors_info=&#8221;{}&#8221; theme_builder_area=&#8221;post_content&#8221;][et_pb_divider show_divider=&#8221;off&#8221; _builder_version=&#8221;4.19.0&#8243; _module_preset=&#8221;default&#8221; max_width=&#8221;50px&#8221; custom_margin=&#8221;||0px||false|false&#8221; global_colors_info=&#8221;{}&#8221; theme_builder_area=&#8221;post_content&#8221;][\/et_pb_divider][et_pb_text admin_label=&#8221;Texte&#8221; _builder_version=&#8221;4.23.1&#8243; _module_preset=&#8221;default&#8221; text_font=&#8221;Barlow|500|||||||&#8221; text_font_size=&#8221;15px&#8221; text_line_height=&#8221;24px&#8221; header_font=&#8221;Barlow|700|||||||&#8221; header_text_align=&#8221;left&#8221; header_text_color=&#8221;#132F5E&#8221; header_font_size=&#8221;50px&#8221; header_line_height=&#8221;60px&#8221; header_2_font=&#8221;Barlow|600|||||||&#8221; header_2_text_align=&#8221;center&#8221; header_2_text_color=&#8221;#132F5E&#8221; header_2_font_size=&#8221;35px&#8221; header_2_line_height=&#8221;40px&#8221; header_3_font=&#8221;Barlow|600||on|||||&#8221; header_3_text_align=&#8221;left&#8221; header_3_text_color=&#8221;#132F5E&#8221; header_3_font_size=&#8221;24px&#8221; header_3_line_height=&#8221;30px&#8221; header_4_font=&#8221;Barlow|600||on|||||&#8221; header_4_text_align=&#8221;left&#8221; header_4_text_color=&#8221;#C2C5CD&#8221; header_4_line_height=&#8221;24px&#8221; module_alignment=&#8221;left&#8221; hover_enabled=&#8221;0&#8243; border_style_all=&#8221;none&#8221; global_colors_info=&#8221;{}&#8221; theme_builder_area=&#8221;post_content&#8221; sticky_enabled=&#8221;0&#8243;]<\/p>\n<h1 style=\"text-align: center;\" ffffff=\"\" color:=\"\"><span style=\"color: #ffffff;\">Allgemeine Gesch\u00e4ftsbedingungen f\u00fcr das Senden von Nachrichten<\/span><\/h1>\n<p>[\/et_pb_text][\/et_pb_column][\/et_pb_row][\/et_pb_section][et_pb_section fb_built=&#8221;1&#8243; _builder_version=&#8221;4.20.0&#8243; _module_preset=&#8221;default&#8221; global_colors_info=&#8221;{}&#8221; theme_builder_area=&#8221;post_content&#8221;][et_pb_row _builder_version=&#8221;4.20.0&#8243; _module_preset=&#8221;default&#8221; global_colors_info=&#8221;{}&#8221; theme_builder_area=&#8221;post_content&#8221;][et_pb_column type=&#8221;4_4&#8243; _builder_version=&#8221;4.20.0&#8243; _module_preset=&#8221;default&#8221; global_colors_info=&#8221;{}&#8221; theme_builder_area=&#8221;post_content&#8221;][et_pb_text _builder_version=&#8221;4.23.1&#8243; _module_preset=&#8221;default&#8221; hover_enabled=&#8221;0&#8243; global_colors_info=&#8221;{}&#8221; theme_builder_area=&#8221;post_content&#8221; header_text_color=&#8221;#333333&#8243; header_2_text_color=&#8221;#333333&#8243; header_3_text_color=&#8221;#333333&#8243; header_4_text_color=&#8221;#333333&#8243; header_5_text_color=&#8221;#333333&#8243; sticky_enabled=&#8221;0&#8243;]<\/p>\n<p data-pm-slice=\"0 0 []\">LegalProd<\/p>\n<p>34 Avenue Des Champs Elysees Paris FR 75008<\/p>\n<p>stan@legalprod.com<\/p>\n<p>http:\/\/eepurl.com\/jmrmVc<\/p>\n<p>&nbsp;<\/p>\n<h1>Allgemeine Bedingungen f\u00fcr das Senden von Nachrichten<\/h1>\n<p>&nbsp;<\/p>\n<p>LegalProd | 34 Avenue Des Champs Elysees Paris FR 75008<\/p>\n<p>&nbsp;<\/p>\n<h2>Allgemeines<\/h2>\n<p>&nbsp;<\/p>\n<p>Wenn Sie sich f\u00fcr den Dienst registrieren, senden wir Ihnen eine Nachricht, um Ihre Registrierung zu best\u00e4tigen.<\/p>\n<p>&nbsp;<\/p>\n<p>Indem Sie sich f\u00fcr Nachrichten anmelden, erkl\u00e4ren Sie sich damit einverstanden, wiederkehrende automatisierte SMS-Nachrichten zu Marketing- und Informationszwecken von LegalProd zu erhalten. Automatisierte Nachrichten k\u00f6nnen mit Hilfe eines automatischen W\u00e4hlsystems an die Handynummer gesendet werden, die Sie bei der Registrierung angegeben haben, oder an eine andere Nummer, die Sie angeben. <\/p>\n<p>&nbsp;<\/p>\n<p>Die H\u00e4ufigkeit der Nachrichten variiert und zus\u00e4tzliche mobile Nachrichten k\u00f6nnen in regelm\u00e4\u00dfigen Abst\u00e4nden versendet werden, abh\u00e4ngig von Ihrer Interaktion mit LegalProd. LegalProd beh\u00e4lt sich das Recht vor, die H\u00e4ufigkeit der versendeten Nachrichten jederzeit zu \u00e4ndern, um die Gesamtzahl der versendeten Nachrichten zu erh\u00f6hen oder zu verringern. LegalProd beh\u00e4lt sich auch das Recht vor, den Kurzcode, die Telefonnummer oder den alphanumerischen Absender, an den die Nachrichten gesendet werden, zu \u00e4ndern.  <\/p>\n<p>&nbsp;<\/p>\n<p>Es k\u00f6nnen die \u00fcblichen Geb\u00fchren f\u00fcr Nachrichten und Daten anfallen. Wenn Sie Fragen zu Ihrem SMS- oder Datenplan haben, wenden Sie sich bitte an Ihren Mobilfunkanbieter. Dieser ist nicht f\u00fcr versp\u00e4tet oder nicht zugestellte Nachrichten verantwortlich.  <\/p>\n<p>&nbsp;<\/p>\n<p>Ihre Zustimmung zum Erhalt von Werbebotschaften ist keine Bedingung f\u00fcr einen Kauf.<\/p>\n<p>&nbsp;<\/p>\n<h2>Betreiber<\/h2>\n<p>&nbsp;<\/p>\n<p>Die Betreiber sind nicht f\u00fcr versp\u00e4tet oder nicht zugestellte Nachrichten verantwortlich.<\/p>\n<p>&nbsp;<\/p>\n<h2>Annullierung<\/h2>\n<p>&nbsp;<\/p>\n<p>In den Nachrichten wird auf die M\u00f6glichkeit hingewiesen, sich abzumelden, entweder durch Senden von &#8220;STOP&#8221; per SMS oder \u00fcber den in der Nachricht enthaltenen Link. Sobald Sie Ihre Anmeldung storniert haben, erhalten Sie eine Nachricht, in der wir Ihre Abmeldung best\u00e4tigen und Ihnen mitteilen, dass keine weiteren Nachrichten gesendet werden. Wenn Sie wieder Nachrichten von LegalProd erhalten m\u00f6chten, melden Sie sich wie bei Ihrer ersten Anmeldung an. LegalProd wird Ihnen dann erneut Nachrichten senden.   <\/p>\n<p>&nbsp;<\/p>\n<h2>Informationen<\/h2>\n<p>&nbsp;<\/p>\n<p>Wenn Sie Hilfe zu unseren Dienstleistungen ben\u00f6tigen, senden Sie uns bitte eine E-Mail an stan@legalprod.com oder, falls diese Option unterst\u00fctzt wird, senden Sie jederzeit &#8220;HILFE&#8221;, und wir werden Ihnen mitteilen, wie Sie sich abmelden k\u00f6nnen. Wenn in den Nachrichten, die wir Ihnen von LegalProd aus senden, ein Link enthalten ist, k\u00f6nnen Sie auch \u00fcber diesen Link auf das Abmeldeverfahren und auf Informationen \u00fcber unser Unternehmen zugreifen. <\/p>\n<p>&nbsp;<\/p>\n<h2>\u00dcbertragung einer Nummer<\/h2>\n<p>&nbsp;<\/p>\n<p>Sie stimmen zu, dass Sie, bevor Sie Ihre Handynummer \u00e4ndern oder Ihre Handynummer an eine andere Person \u00fcbertragen, sich verpflichten, von der urspr\u00fcnglichen Nummer aus &#8220;STOP&#8221; zu senden oder uns Ihre alte Nummer unter stan@legalprod.com mitzuteilen. Die Pflicht, uns in diesen Situationen zu informieren, ist eine Voraussetzung f\u00fcr die Nutzung dieses Dienstes zum Empfang von Nachrichten. <\/p>\n<p>&nbsp;<\/p>\n<h2>Datenschutz<\/h2>\n<p>&nbsp;<\/p>\n<p>Wenn Sie Fragen zu Ihren Daten oder zu unseren Datenschutzpraktiken haben, besuchen Sie bitte unsere http:\/\/eepurl.com\/jmrmVc.<\/p>\n<p>&nbsp;<\/p>\n<h2>\u00c4nderungen der Allgemeinen Gesch\u00e4ftsbedingungen f\u00fcr das Senden von Nachrichten<\/h2>\n<p>&nbsp;<\/p>\n<p>Wir behalten uns das Recht vor, unser Programm zum Versenden von Nachrichten jederzeit zu \u00e4ndern oder einzustellen. Wir behalten uns auch das Recht vor, diese Allgemeinen Gesch\u00e4ftsbedingungen f\u00fcr das Versenden von Nachrichten jederzeit zu aktualisieren. Diese \u00c4nderungen treten unmittelbar nach ihrer Ver\u00f6ffentlichung in Kraft. Wenn Sie mit einer \u00c4nderung dieser Allgemeinen Gesch\u00e4ftsbedingungen f\u00fcr das Versenden von Nachrichten nicht einverstanden sind, m\u00fcssen Sie Ihre Registrierung f\u00fcr unser Programm zum Versenden von Nachrichten k\u00fcndigen. Die Fortsetzung Ihrer Anmeldung nach diesen \u00c4nderungen gilt als Zustimmung zu diesen \u00c4nderungen.    <\/p>\n<p>&nbsp;<\/p>\n<p>[\/et_pb_text][\/et_pb_column][\/et_pb_row][\/et_pb_section]<\/p>\n","protected":false},"excerpt":{"rendered":"<p>Allgemeine Gesch\u00e4ftsbedingungen f\u00fcr das Senden von NachrichtenLegalProd 34 Avenue Des Champs Elysees Paris FR 75008 stan@legalprod.com http:\/\/eepurl.com\/jmrmVc &nbsp; Allgemeine Bedingungen f\u00fcr das Senden von Nachrichten &nbsp; LegalProd | 34 Avenue Des Champs Elysees Paris FR 75008 &nbsp; Allgemeines &nbsp; Wenn Sie sich f\u00fcr den Dienst registrieren, senden wir Ihnen eine Nachricht, um Ihre Registrierung zu [&hellip;]<\/p>\n","protected":false},"author":3,"featured_media":0,"parent":0,"menu_order":0,"comment_status":"closed","ping_status":"closed","template":"","meta":{"_et_pb_use_builder":"on","_et_pb_old_content":"","_et_gb_content_width":"","_monsterinsights_skip_tracking":false,"_monsterinsights_sitenote_active":false,"_monsterinsights_sitenote_note":"","_monsterinsights_sitenote_category":0,"footnotes":""},"class_list":["post-17325","page","type-page","status-publish","hentry"],"yoast_head":"<!-- This site is optimized with the Yoast SEO plugin v27.5 - https:\/\/yoast.com\/product\/yoast-seo-wordpress\/ -->\n<title>Allgemeine Bedingungen f\u00fcr das Senden von Nachrichten - LEGALPROD<\/title>\n<meta name=\"robots\" content=\"index, follow, max-snippet:-1, max-image-preview:large, max-video-preview:-1\" \/>\n<link rel=\"canonical\" href=\"https:\/\/www.legalprod.com\/de\/allgemeine-bedingungen-fuer-das-senden-von-nachrichten\/\" \/>\n<meta property=\"og:locale\" content=\"de_DE\" \/>\n<meta property=\"og:type\" content=\"article\" \/>\n<meta property=\"og:title\" content=\"Allgemeine Bedingungen f\u00fcr das Senden von Nachrichten - LEGALPROD\" \/>\n<meta property=\"og:description\" content=\"Allgemeine Gesch\u00e4ftsbedingungen f\u00fcr das Senden von NachrichtenLegalProd 34 Avenue Des Champs Elysees Paris FR 75008 stan@legalprod.com http:\/\/eepurl.com\/jmrmVc &nbsp; Allgemeine Bedingungen f\u00fcr das Senden von Nachrichten &nbsp; LegalProd | 34 Avenue Des Champs Elysees Paris FR 75008 &nbsp; Allgemeines &nbsp; Wenn Sie sich f\u00fcr den Dienst registrieren, senden wir Ihnen eine Nachricht, um Ihre Registrierung zu [&hellip;]\" \/>\n<meta property=\"og:url\" content=\"https:\/\/www.legalprod.com\/de\/allgemeine-bedingungen-fuer-das-senden-von-nachrichten\/\" \/>\n<meta property=\"og:site_name\" content=\"LEGALPROD\" \/>\n<meta property=\"article:modified_time\" content=\"2025-09-02T08:52:34+00:00\" \/>\n<meta name=\"twitter:card\" content=\"summary_large_image\" \/>\n<meta name=\"twitter:label1\" content=\"Gesch\u00e4tzte Lesezeit\" \/>\n\t<meta name=\"twitter:data1\" content=\"5\u00a0Minuten\" \/>\n<script type=\"application\/ld+json\" class=\"yoast-schema-graph\">{\"@context\":\"https:\\\/\\\/schema.org\",\"@graph\":[{\"@type\":\"WebPage\",\"@id\":\"https:\\\/\\\/www.legalprod.com\\\/de\\\/allgemeine-bedingungen-fuer-das-senden-von-nachrichten\\\/\",\"url\":\"https:\\\/\\\/www.legalprod.com\\\/de\\\/allgemeine-bedingungen-fuer-das-senden-von-nachrichten\\\/\",\"name\":\"Allgemeine Bedingungen f\u00fcr das Senden von Nachrichten - LEGALPROD\",\"isPartOf\":{\"@id\":\"https:\\\/\\\/www.legalprod.com\\\/de\\\/#website\"},\"datePublished\":\"2025-09-02T08:51:46+00:00\",\"dateModified\":\"2025-09-02T08:52:34+00:00\",\"breadcrumb\":{\"@id\":\"https:\\\/\\\/www.legalprod.com\\\/de\\\/allgemeine-bedingungen-fuer-das-senden-von-nachrichten\\\/#breadcrumb\"},\"inLanguage\":\"de\",\"potentialAction\":[{\"@type\":\"ReadAction\",\"target\":[\"https:\\\/\\\/www.legalprod.com\\\/de\\\/allgemeine-bedingungen-fuer-das-senden-von-nachrichten\\\/\"]}]},{\"@type\":\"BreadcrumbList\",\"@id\":\"https:\\\/\\\/www.legalprod.com\\\/de\\\/allgemeine-bedingungen-fuer-das-senden-von-nachrichten\\\/#breadcrumb\",\"itemListElement\":[{\"@type\":\"ListItem\",\"position\":1,\"name\":\"Accueil\",\"item\":\"https:\\\/\\\/www.legalprod.com\\\/de\\\/\"},{\"@type\":\"ListItem\",\"position\":2,\"name\":\"Allgemeine Bedingungen f\u00fcr das Senden von Nachrichten\"}]},{\"@type\":\"WebSite\",\"@id\":\"https:\\\/\\\/www.legalprod.com\\\/de\\\/#website\",\"url\":\"https:\\\/\\\/www.legalprod.com\\\/de\\\/\",\"name\":\"LEGALPROD\",\"description\":\"La plateforme intelligente des avocats performants\",\"publisher\":{\"@id\":\"https:\\\/\\\/www.legalprod.com\\\/de\\\/#organization\"},\"potentialAction\":[{\"@type\":\"SearchAction\",\"target\":{\"@type\":\"EntryPoint\",\"urlTemplate\":\"https:\\\/\\\/www.legalprod.com\\\/de\\\/?s={search_term_string}\"},\"query-input\":{\"@type\":\"PropertyValueSpecification\",\"valueRequired\":true,\"valueName\":\"search_term_string\"}}],\"inLanguage\":\"de\"},{\"@type\":\"Organization\",\"@id\":\"https:\\\/\\\/www.legalprod.com\\\/de\\\/#organization\",\"name\":\"LEGALPROD\",\"url\":\"https:\\\/\\\/www.legalprod.com\\\/de\\\/\",\"logo\":{\"@type\":\"ImageObject\",\"inLanguage\":\"de\",\"@id\":\"https:\\\/\\\/www.legalprod.com\\\/de\\\/#\\\/schema\\\/logo\\\/image\\\/\",\"url\":\"https:\\\/\\\/www.legalprod.com\\\/wp-content\\\/uploads\\\/2022\\\/11\\\/legalprod.png\",\"contentUrl\":\"https:\\\/\\\/www.legalprod.com\\\/wp-content\\\/uploads\\\/2022\\\/11\\\/legalprod.png\",\"width\":420,\"height\":127,\"caption\":\"LEGALPROD\"},\"image\":{\"@id\":\"https:\\\/\\\/www.legalprod.com\\\/de\\\/#\\\/schema\\\/logo\\\/image\\\/\"},\"sameAs\":[\"https:\\\/\\\/www.linkedin.com\\\/company\\\/legalprod\"]}]}<\/script>\n<!-- \/ Yoast SEO plugin. -->","yoast_head_json":{"title":"Allgemeine Bedingungen f\u00fcr das Senden von Nachrichten - LEGALPROD","robots":{"index":"index","follow":"follow","max-snippet":"max-snippet:-1","max-image-preview":"max-image-preview:large","max-video-preview":"max-video-preview:-1"},"canonical":"https:\/\/www.legalprod.com\/de\/allgemeine-bedingungen-fuer-das-senden-von-nachrichten\/","og_locale":"de_DE","og_type":"article","og_title":"Allgemeine Bedingungen f\u00fcr das Senden von Nachrichten - LEGALPROD","og_description":"Allgemeine Gesch\u00e4ftsbedingungen f\u00fcr das Senden von NachrichtenLegalProd 34 Avenue Des Champs Elysees Paris FR 75008 stan@legalprod.com http:\/\/eepurl.com\/jmrmVc &nbsp; Allgemeine Bedingungen f\u00fcr das Senden von Nachrichten &nbsp; LegalProd | 34 Avenue Des Champs Elysees Paris FR 75008 &nbsp; Allgemeines &nbsp; Wenn Sie sich f\u00fcr den Dienst registrieren, senden wir Ihnen eine Nachricht, um Ihre Registrierung zu [&hellip;]","og_url":"https:\/\/www.legalprod.com\/de\/allgemeine-bedingungen-fuer-das-senden-von-nachrichten\/","og_site_name":"LEGALPROD","article_modified_time":"2025-09-02T08:52:34+00:00","twitter_card":"summary_large_image","twitter_misc":{"Gesch\u00e4tzte Lesezeit":"5\u00a0Minuten"},"schema":{"@context":"https:\/\/schema.org","@graph":[{"@type":"WebPage","@id":"https:\/\/www.legalprod.com\/de\/allgemeine-bedingungen-fuer-das-senden-von-nachrichten\/","url":"https:\/\/www.legalprod.com\/de\/allgemeine-bedingungen-fuer-das-senden-von-nachrichten\/","name":"Allgemeine Bedingungen f\u00fcr das Senden von Nachrichten - LEGALPROD","isPartOf":{"@id":"https:\/\/www.legalprod.com\/de\/#website"},"datePublished":"2025-09-02T08:51:46+00:00","dateModified":"2025-09-02T08:52:34+00:00","breadcrumb":{"@id":"https:\/\/www.legalprod.com\/de\/allgemeine-bedingungen-fuer-das-senden-von-nachrichten\/#breadcrumb"},"inLanguage":"de","potentialAction":[{"@type":"ReadAction","target":["https:\/\/www.legalprod.com\/de\/allgemeine-bedingungen-fuer-das-senden-von-nachrichten\/"]}]},{"@type":"BreadcrumbList","@id":"https:\/\/www.legalprod.com\/de\/allgemeine-bedingungen-fuer-das-senden-von-nachrichten\/#breadcrumb","itemListElement":[{"@type":"ListItem","position":1,"name":"Accueil","item":"https:\/\/www.legalprod.com\/de\/"},{"@type":"ListItem","position":2,"name":"Allgemeine Bedingungen f\u00fcr das Senden von Nachrichten"}]},{"@type":"WebSite","@id":"https:\/\/www.legalprod.com\/de\/#website","url":"https:\/\/www.legalprod.com\/de\/","name":"LEGALPROD","description":"La plateforme intelligente des avocats performants","publisher":{"@id":"https:\/\/www.legalprod.com\/de\/#organization"},"potentialAction":[{"@type":"SearchAction","target":{"@type":"EntryPoint","urlTemplate":"https:\/\/www.legalprod.com\/de\/?s={search_term_string}"},"query-input":{"@type":"PropertyValueSpecification","valueRequired":true,"valueName":"search_term_string"}}],"inLanguage":"de"},{"@type":"Organization","@id":"https:\/\/www.legalprod.com\/de\/#organization","name":"LEGALPROD","url":"https:\/\/www.legalprod.com\/de\/","logo":{"@type":"ImageObject","inLanguage":"de","@id":"https:\/\/www.legalprod.com\/de\/#\/schema\/logo\/image\/","url":"https:\/\/www.legalprod.com\/wp-content\/uploads\/2022\/11\/legalprod.png","contentUrl":"https:\/\/www.legalprod.com\/wp-content\/uploads\/2022\/11\/legalprod.png","width":420,"height":127,"caption":"LEGALPROD"},"image":{"@id":"https:\/\/www.legalprod.com\/de\/#\/schema\/logo\/image\/"},"sameAs":["https:\/\/www.linkedin.com\/company\/legalprod"]}]}},"_links":{"self":[{"href":"https:\/\/www.legalprod.com\/de\/wp-json\/wp\/v2\/pages\/17325","targetHints":{"allow":["GET"]}}],"collection":[{"href":"https:\/\/www.legalprod.com\/de\/wp-json\/wp\/v2\/pages"}],"about":[{"href":"https:\/\/www.legalprod.com\/de\/wp-json\/wp\/v2\/types\/page"}],"author":[{"embeddable":true,"href":"https:\/\/www.legalprod.com\/de\/wp-json\/wp\/v2\/users\/3"}],"replies":[{"embeddable":true,"href":"https:\/\/www.legalprod.com\/de\/wp-json\/wp\/v2\/comments?post=17325"}],"version-history":[{"count":2,"href":"https:\/\/www.legalprod.com\/de\/wp-json\/wp\/v2\/pages\/17325\/revisions"}],"predecessor-version":[{"id":17327,"href":"https:\/\/www.legalprod.com\/de\/wp-json\/wp\/v2\/pages\/17325\/revisions\/17327"}],"wp:attachment":[{"href":"https:\/\/www.legalprod.com\/de\/wp-json\/wp\/v2\/media?parent=17325"}],"curies":[{"name":"wp","href":"https:\/\/api.w.org\/{rel}","templated":true}]}}