 {"id":5559,"date":"2023-02-09T11:36:14","date_gmt":"2023-02-09T10:36:14","guid":{"rendered":"https:\/\/www.legalprod.com\/analytics\/"},"modified":"2024-01-22T14:20:01","modified_gmt":"2024-01-22T13:20:01","slug":"analytics","status":"publish","type":"page","link":"https:\/\/www.legalprod.com\/de\/analytics\/","title":{"rendered":"Analytics"},"content":{"rendered":"<p>[et_pb_section fb_built=&#8221;1&#8243; next_background_color=&#8221;#ffffff&#8221; disabled_on=&#8221;on|off|off&#8221; admin_label=&#8221;Header&#8221; _builder_version=&#8221;4.19.0&#8243; _module_preset=&#8221;default&#8221; background_color=&#8221;RGBA(255,255,255,0)&#8221; use_background_color_gradient=&#8221;on&#8221; background_color_gradient_direction=&#8221;130deg&#8221; background_color_gradient_stops=&#8221;#d8d6ca 40%|#4485c6 80%&#8221; background_color_gradient_overlays_image=&#8221;on&#8221; background_color_gradient_start=&#8221;rgba(0,0,0,0)&#8221; background_color_gradient_start_position=&#8221;50%&#8221; background_color_gradient_end=&#8221;#92a5ab&#8221; background_color_gradient_end_position=&#8221;50%&#8221; background_image=&#8221;https:\/\/www.legalprod.com\/wp-content\/uploads\/2023\/02\/picto-tetiere-fonctionnalites.png&#8221; background_size=&#8221;initial&#8221; background_blend=&#8221;color&#8221; min_height=&#8221;410px&#8221; overflow-y=&#8221;hidden&#8221; custom_margin=&#8221;||||false|false&#8221; custom_padding=&#8221;||||false|false&#8221; bottom_divider_style=&#8221;slant&#8221; bottom_divider_height=&#8221;5vw&#8221; bottom_divider_repeat=&#8221;1x&#8221; bottom_divider_flip=&#8221;horizontal&#8221; custom_css_main_element=&#8221;margin: auto;&#8221; border_style_all=&#8221;none&#8221; locked=&#8221;off&#8221; global_colors_info=&#8221;{%22gcid-af512a5f-530a-4e80-bfc4-3632d9174c8b%22:%91%93,%22gcid-b593ef39-6aba-4318-8d2d-133b31113704%22:%91%93}&#8221;][et_pb_row make_equal=&#8221;on&#8221; _builder_version=&#8221;4.19.0&#8243; _module_preset=&#8221;default&#8221; background_color=&#8221;RGBA(255,255,255,0)&#8221; height=&#8221;1000px&#8221; max_height=&#8221;220px&#8221; custom_margin=&#8221;||||false|false&#8221; custom_padding=&#8221;||||false|false&#8221; custom_css_main_element=&#8221;margin: auto;&#8221; border_color_all=&#8221;RGBA(255,255,255,0)&#8221; border_style_all=&#8221;none&#8221; global_colors_info=&#8221;{}&#8221;][et_pb_column type=&#8221;4_4&#8243; _builder_version=&#8221;4.19.0&#8243; _module_preset=&#8221;default&#8221; background_color=&#8221;RGBA(255,255,255,0)&#8221; background_enable_image=&#8221;off&#8221; background_size=&#8221;initial&#8221; custom_padding=&#8221;||||false|false&#8221; custom_css_main_element=&#8221;margin: auto;&#8221; border_style_all=&#8221;none&#8221; global_colors_info=&#8221;{}&#8221;][et_pb_divider show_divider=&#8221;off&#8221; _builder_version=&#8221;4.19.0&#8243; _module_preset=&#8221;default&#8221; max_width=&#8221;50px&#8221; custom_margin=&#8221;||0px||false|false&#8221; global_colors_info=&#8221;{}&#8221;][\/et_pb_divider][et_pb_text admin_label=&#8221;Texte&#8221; _builder_version=&#8221;4.19.0&#8243; _module_preset=&#8221;default&#8221; text_font=&#8221;Barlow|500|||||||&#8221; text_font_size=&#8221;15px&#8221; text_line_height=&#8221;24px&#8221; header_font=&#8221;Barlow|700|||||||&#8221; header_text_align=&#8221;left&#8221; header_text_color=&#8221;#132F5E&#8221; header_font_size=&#8221;50px&#8221; header_line_height=&#8221;60px&#8221; header_2_font=&#8221;Barlow|600|||||||&#8221; header_2_text_align=&#8221;center&#8221; header_2_text_color=&#8221;#132F5E&#8221; header_2_font_size=&#8221;35px&#8221; header_2_line_height=&#8221;40px&#8221; header_3_font=&#8221;Barlow|600||on|||||&#8221; header_3_text_align=&#8221;left&#8221; header_3_text_color=&#8221;#132F5E&#8221; header_3_font_size=&#8221;24px&#8221; header_3_line_height=&#8221;30px&#8221; header_4_font=&#8221;Barlow|600||on|||||&#8221; header_4_text_align=&#8221;left&#8221; header_4_text_color=&#8221;#C2C5CD&#8221; header_4_line_height=&#8221;24px&#8221; module_alignment=&#8221;left&#8221; border_style_all=&#8221;none&#8221; global_colors_info=&#8221;{}&#8221;]<\/p>\n<h1 style=\"text-align: center;\"><span>Datenanalyse im Dienste Ihrer Strategie<\/span><\/h1>\n<p>[\/et_pb_text][\/et_pb_column][\/et_pb_row][\/et_pb_section][et_pb_section fb_built=&#8221;1&#8243; _builder_version=&#8221;4.19.0&#8243; _module_preset=&#8221;default&#8221; global_colors_info=&#8221;{}&#8221;][et_pb_row column_structure=&#8221;1_3,1_3,1_3&#8243; use_custom_gutter=&#8221;on&#8221; gutter_width=&#8221;1&#8243; make_equal=&#8221;on&#8221; _builder_version=&#8221;4.19.0&#8243; _module_preset=&#8221;default&#8221; background_color=&#8221;RGBA(255,255,255,0)&#8221; custom_margin=&#8221;-30px|auto||auto|false|false&#8221; custom_padding=&#8221;31px|0px|||false|false&#8221; global_colors_info=&#8221;{}&#8221;][et_pb_column type=&#8221;1_3&#8243; _builder_version=&#8221;4.19.0&#8243; _module_preset=&#8221;default&#8221; custom_padding=&#8221;||||false|false&#8221; global_colors_info=&#8221;{}&#8221;][et_pb_image src=&#8221;https:\/\/www.legalprod.com\/wp-content\/uploads\/2023\/02\/indicateurs-kpis-1.png&#8221; alt=&#8221;KPIS-Indikatoren&#8221; title_text=&#8221;indikatoren-kpis&#8221; align=&#8221;center&#8221; _builder_version=&#8221;4.19.0&#8243; _module_preset=&#8221;default&#8221; module_alignment=&#8221;center&#8221; custom_margin=&#8221;||15px||false|false&#8221; global_colors_info=&#8221;{}&#8221;][\/et_pb_image][et_pb_text _builder_version=&#8221;4.19.5&#8243; _module_preset=&#8221;default&#8221; header_font_size=&#8221;27px&#8221; custom_margin=&#8221;||||false|false&#8221; custom_padding=&#8221;||||false|false&#8221; border_radii=&#8221;off||||&#8221; border_color_all=&#8221;RGBA(255,255,255,0)&#8221; border_style_all=&#8221;none&#8221; border_width_left=&#8221;1px&#8221; border_color_left=&#8221;#009FC8&#8243; global_colors_info=&#8221;{}&#8221;]<\/p>\n<p style=\"text-align: center; color: #4485c6; font-weight: 600; font-size: 20px; line-height: 24px; font-family: Barlow; text-transform: uppercase;\">KPIS<\/p>\n<p>[\/et_pb_text][\/et_pb_column][et_pb_column type=&#8221;1_3&#8243; _builder_version=&#8221;4.19.0&#8243; _module_preset=&#8221;default&#8221; custom_padding=&#8221;||||false|false&#8221; border_radii=&#8221;off||||&#8221; border_width_right=&#8221;1px&#8221; border_color_right=&#8221;#4485C6&#8243; border_width_left=&#8221;1px&#8221; border_color_left=&#8221;#4485C6&#8243; global_colors_info=&#8221;{}&#8221;][et_pb_image src=&#8221;https:\/\/www.legalprod.com\/wp-content\/uploads\/2023\/02\/analyse-des-donnees.png&#8221; alt=&#8221;Analyse der Daten&#8221; title_text=&#8221;datenanalyse&#8221; show_bottom_space=&#8221;off&#8221; align=&#8221;center&#8221; _builder_version=&#8221;4.19.0&#8243; _module_preset=&#8221;default&#8221; module_alignment=&#8221;center&#8221; custom_margin=&#8221;||15px||false|false&#8221; global_colors_info=&#8221;{}&#8221;][\/et_pb_image][et_pb_text _builder_version=&#8221;4.19.5&#8243; _module_preset=&#8221;default&#8221; custom_margin=&#8221;||||false|false&#8221; custom_padding=&#8221;||||false|false&#8221; border_style_all=&#8221;none&#8221; border_width_left=&#8221;3px&#8221; border_color_left=&#8221;#009FC8&#8243; global_colors_info=&#8221;{}&#8221;]<\/p>\n<p style=\"text-align: center; color: #4485c6; font-weight: 600; font-size: 20px; line-height: 24px; font-family: Barlow; text-transform: uppercase;\">ALERTES<\/p>\n<p>[\/et_pb_text][\/et_pb_column][et_pb_column type=&#8221;1_3&#8243; _builder_version=&#8221;4.19.0&#8243; _module_preset=&#8221;default&#8221; custom_padding=&#8221;||||false|false&#8221; global_colors_info=&#8221;{}&#8221;][et_pb_image src=&#8221;https:\/\/www.legalprod.com\/wp-content\/uploads\/2023\/02\/tableau-de-bord-dynamique.png&#8221; alt=&#8221;Dynamisches Dashboard&#8221; title_text=&#8221;dynamisches Armaturenbrett&#8221; show_bottom_space=&#8221;off&#8221; align=&#8221;center&#8221; _builder_version=&#8221;4.19.0&#8243; _module_preset=&#8221;default&#8221; module_alignment=&#8221;center&#8221; custom_margin=&#8221;||10px||false|false&#8221; global_colors_info=&#8221;{}&#8221;][\/et_pb_image][et_pb_text _builder_version=&#8221;4.19.5&#8243; _module_preset=&#8221;default&#8221; min_height=&#8221;0px&#8221; max_height=&#8221;43px&#8221; custom_padding=&#8221;|20px|||false|false&#8221; border_color_right=&#8221;#009FC8&#8243; border_color_left=&#8221;#009FC8&#8243; border_style_left=&#8221;none&#8221; global_colors_info=&#8221;{}&#8221;]<\/p>\n<p style=\"text-align: center; color: #4485c6; font-weight: 600; font-size: 20px; line-height: 24px; font-family: Barlow; text-transform: uppercase;\">ANZEIGENTAFEL<br \/>\nDYNAMIK<\/p>\n<p>[\/et_pb_text][\/et_pb_column][\/et_pb_row][\/et_pb_section][et_pb_section fb_built=&#8221;1&#8243; admin_label=&#8221;Services&#8221; _builder_version=&#8221;4.19.0&#8243; _module_preset=&#8221;default&#8221; background_color=&#8221;rgba(204,204,204,0.14)&#8221; background_enable_image=&#8221;off&#8221; background_size=&#8221;initial&#8221; background_position=&#8221;top_left&#8221; custom_padding=&#8221;30px|0px||||&#8221; global_colors_info=&#8221;{}&#8221;][et_pb_row _builder_version=&#8221;4.19.0&#8243; _module_preset=&#8221;default&#8221; min_height=&#8221;51px&#8221; global_colors_info=&#8221;{}&#8221;][et_pb_column type=&#8221;4_4&#8243; _builder_version=&#8221;4.19.0&#8243; _module_preset=&#8221;default&#8221; global_colors_info=&#8221;{}&#8221;][et_pb_text _builder_version=&#8221;4.19.0&#8243; text_font=&#8221;||||||||&#8221; header_font=&#8221;||||||||&#8221; header_2_font=&#8221;Barlow|600|||||||&#8221; header_2_text_color=&#8221;#EF7D00&#8243; header_2_font_size=&#8221;35px&#8221; header_2_line_height=&#8221;1.8em&#8221; header_3_font=&#8221;||||||||&#8221; text_orientation=&#8221;center&#8221; custom_margin=&#8221;||0px||false|false&#8221; global_colors_info=&#8221;{}&#8221;]<\/p>\n<h2><span style=\"color: #4485c6;\">Indikatoren <\/span><span style=\"color: #ff7900;\">um die Leistung zu bewerten<\/span> <span style=\"color: #4485c6;\">Ihrer Praxis<\/span><\/h2>\n<p>[\/et_pb_text][et_pb_image src=&#8221;https:\/\/www.legalprod.com\/wp-content\/uploads\/2022\/11\/separateur-ronds.png&#8221; title_text=&#8221;Rundtrenner&#8221; align=&#8221;center&#8221; _builder_version=&#8221;4.19.5&#8243; _module_preset=&#8221;default&#8221; width=&#8221;100%&#8221; max_width=&#8221;100%&#8221; module_alignment=&#8221;center&#8221; custom_margin=&#8221;||||false|false&#8221; custom_padding=&#8221;||||false|false&#8221; global_colors_info=&#8221;{}&#8221;][\/et_pb_image][\/et_pb_column][\/et_pb_row][et_pb_row column_structure=&#8221;2_5,3_5&#8243; _builder_version=&#8221;4.19.0&#8243; _module_preset=&#8221;default&#8221; background_color=&#8221;RGBA(255,255,255,0)&#8221; global_colors_info=&#8221;{}&#8221;][et_pb_column type=&#8221;2_5&#8243; _builder_version=&#8221;4.19.0&#8243; _module_preset=&#8221;default&#8221; global_colors_info=&#8221;{}&#8221;][et_pb_image src=&#8221;https:\/\/www.legalprod.com\/wp-content\/uploads\/2023\/02\/kpis-productivite-rh.png&#8221; alt=&#8221;KPIs &#8211; Produktivit\u00e4t, HR&#8221; title_text=&#8221;kpis-produktivit\u00e4ts-rh&#8221; _builder_version=&#8221;4.19.5&#8243; _module_preset=&#8221;default&#8221; hover_enabled=&#8221;0&#8243; global_colors_info=&#8221;{}&#8221; align=&#8221;center&#8221; sticky_enabled=&#8221;0&#8243;][\/et_pb_image][\/et_pb_column][et_pb_column type=&#8221;3_5&#8243; _builder_version=&#8221;4.19.0&#8243; _module_preset=&#8221;default&#8221; global_colors_info=&#8221;{}&#8221;][et_pb_text admin_label=&#8221;Texte&#8221; _builder_version=&#8221;4.19.0&#8243; _module_preset=&#8221;default&#8221; text_font=&#8221;Barlow|500|||||||&#8221; text_line_height=&#8221;24px&#8221; header_font=&#8221;Barlow|700|||||||&#8221; header_text_align=&#8221;left&#8221; header_text_color=&#8221;#132F5E&#8221; header_font_size=&#8221;50px&#8221; header_line_height=&#8221;60px&#8221; header_2_font=&#8221;Barlow|600|||||||&#8221; header_2_text_align=&#8221;center&#8221; header_2_text_color=&#8221;#132F5E&#8221; header_2_font_size=&#8221;35px&#8221; header_2_line_height=&#8221;40px&#8221; header_3_font=&#8221;Barlow|600||on|||||&#8221; header_3_text_align=&#8221;left&#8221; header_3_text_color=&#8221;#132F5E&#8221; header_3_font_size=&#8221;24px&#8221; header_3_line_height=&#8221;30px&#8221; header_4_font=&#8221;Barlow|600||on|||||&#8221; header_4_text_align=&#8221;left&#8221; header_4_text_color=&#8221;#C2C5CD&#8221; header_4_line_height=&#8221;24px&#8221; module_alignment=&#8221;left&#8221; min_height=&#8221;128px&#8221; global_colors_info=&#8221;{}&#8221;]<\/p>\n<h3><span style=\"color: #4485c6;\">Steuern Sie Ihre Praxis<\/span><\/h3>\n<ul>\n<li>Verschaffen Sie sich einen 360\u00b0-Blick auf Ihre Kanzlei dank einer <strong>Echtzeit\u00fcbersicht<\/strong> \u00fcber das Budget und die voraussichtliche Auslastung der Anw\u00e4lte.<\/li>\n<\/ul>\n<h3><span style=\"color: #4485c6;\">Alerts<\/span><\/h3>\n<ul>\n<li>Erhalten Sie Warnungen, wenn die Gefahr besteht, dass die Stunden f\u00fcr ein bestimmtes Projekt oder f\u00fcr alle Projekte der Kanzlei \u00fcberschritten werden, um <strong>Ihre Ma\u00dfnahmen<\/strong> an die Entwicklung jedes einzelnen Falls <strong>anzupassen<\/strong>.<\/li>\n<\/ul>\n<h3><span style=\"color: #4485c6;\">Analyse der Gewinnspannen<\/span><\/h3>\n<ul>\n<li>St\u00e4ndiger Einblick f\u00fcr Ihre Kanzlei, wie die Zuweisung des Budgets und die eingesetzten Stunden verfolgt werden, wodurch <strong>die Rentabilit\u00e4t der Projekte gemessen<\/strong> werden kann.<\/li>\n<\/ul>\n<p>[\/et_pb_text][\/et_pb_column][\/et_pb_row][\/et_pb_section][et_pb_section fb_built=&#8221;1&#8243; _builder_version=&#8221;4.19.0&#8243; _module_preset=&#8221;default&#8221; background_color=&#8221;RGBA(255,255,255,0)&#8221; background_enable_pattern_style=&#8221;on&#8221; background_pattern_style=&#8221;diagonal-stripes-2&#8243; background_pattern_color=&#8221;RGBA(255,255,255,0)&#8221; global_colors_info=&#8221;{}&#8221;][et_pb_row _builder_version=&#8221;4.19.0&#8243; _module_preset=&#8221;default&#8221; custom_padding=&#8221;18px|||||&#8221; global_colors_info=&#8221;{}&#8221;][et_pb_column type=&#8221;4_4&#8243; _builder_version=&#8221;4.19.0&#8243; _module_preset=&#8221;default&#8221; global_colors_info=&#8221;{}&#8221;][et_pb_text admin_label=&#8221;Texte&#8221; _builder_version=&#8221;4.19.0&#8243; _module_preset=&#8221;default&#8221; text_font=&#8221;Barlow|500|||||||&#8221; text_font_size=&#8221;15px&#8221; text_line_height=&#8221;24px&#8221; header_font=&#8221;Barlow|700|||||||&#8221; header_text_align=&#8221;left&#8221; header_text_color=&#8221;#132F5E&#8221; header_font_size=&#8221;50px&#8221; header_line_height=&#8221;60px&#8221; header_2_font=&#8221;Barlow|600|||||||&#8221; header_2_text_align=&#8221;center&#8221; header_2_text_color=&#8221;#132F5E&#8221; header_2_font_size=&#8221;35px&#8221; header_2_line_height=&#8221;40px&#8221; header_3_font=&#8221;Barlow|600||on|||||&#8221; header_3_text_align=&#8221;left&#8221; header_3_text_color=&#8221;#132F5E&#8221; header_3_font_size=&#8221;24px&#8221; header_3_line_height=&#8221;30px&#8221; header_4_font=&#8221;Barlow|600||on|||||&#8221; header_4_text_align=&#8221;left&#8221; header_4_text_color=&#8221;#C2C5CD&#8221; header_4_line_height=&#8221;24px&#8221; module_alignment=&#8221;left&#8221; global_colors_info=&#8221;{}&#8221;]<\/p>\n<h2><span style=\"color: #4485c6;\">Z\u00f6gern Sie?<\/span><\/h2>\n<h3 style=\"text-align: center;\"><span style=\"color: #c2c5cd;\">fordern Sie eine kostenlose Demonstration an<\/span><\/h3>\n<p>[\/et_pb_text][et_pb_button button_url=&#8221;@ET-DC@eyJkeW5hbWljIjp0cnVlLCJjb250ZW50IjoicG9zdF9saW5rX3VybF9wYWdlIiwic2V0dGluZ3MiOnsicG9zdF9pZCI6IjExNzkifX0=@&#8221; button_text=&#8221;Das interessiert mich&#8221; button_alignment=&#8221;center&#8221; _builder_version=&#8221;4.19.5&#8243; _dynamic_attributes=&#8221;button_url&#8221; _module_preset=&#8221;default&#8221; global_colors_info=&#8221;{}&#8221;][\/et_pb_button][\/et_pb_column][\/et_pb_row][\/et_pb_section]<\/p>\n","protected":false},"excerpt":{"rendered":"<p>Datenanalyse im Dienste Ihrer StrategieKPISALERTESANZEIGENTAFEL DYNAMIKIndikatoren um die Leistung zu bewerten Ihrer PraxisSteuern Sie Ihre Praxis Verschaffen Sie sich einen 360\u00b0-Blick auf Ihre Kanzlei dank einer Echtzeit\u00fcbersicht \u00fcber das Budget und die voraussichtliche Auslastung der Anw\u00e4lte. Alerts Erhalten Sie Warnungen, wenn die Gefahr besteht, dass die Stunden f\u00fcr ein bestimmtes Projekt oder f\u00fcr alle Projekte [&hellip;]<\/p>\n","protected":false},"author":1,"featured_media":0,"parent":0,"menu_order":0,"comment_status":"closed","ping_status":"closed","template":"","meta":{"_et_pb_use_builder":"on","_et_pb_old_content":"","_et_gb_content_width":"","_monsterinsights_skip_tracking":false,"_monsterinsights_sitenote_active":false,"_monsterinsights_sitenote_note":"","_monsterinsights_sitenote_category":0,"footnotes":""},"class_list":["post-5559","page","type-page","status-publish","hentry"],"yoast_head":"<!-- This site is optimized with the Yoast SEO plugin v27.5 - https:\/\/yoast.com\/product\/yoast-seo-wordpress\/ -->\n<title>Datenanalyse | Anwaltssoftware LegalProd<\/title>\n<meta name=\"description\" content=\"Treffen Sie fundierte Entscheidungen mithilfe der Datenanalyse, die unsere Anwaltssoftware Legalprod bietet. Gewinnen Sie mehr Verst\u00e4ndnis f\u00fcr Ihre Aktivit\u00e4ten.\" \/>\n<meta name=\"robots\" content=\"index, follow, max-snippet:-1, max-image-preview:large, max-video-preview:-1\" \/>\n<link rel=\"canonical\" href=\"https:\/\/www.legalprod.com\/de\/analytics\/\" \/>\n<meta property=\"og:locale\" content=\"de_DE\" \/>\n<meta property=\"og:type\" content=\"article\" \/>\n<meta property=\"og:title\" content=\"Datenanalyse | Anwaltssoftware LegalProd\" \/>\n<meta property=\"og:description\" content=\"Treffen Sie fundierte Entscheidungen mithilfe der Datenanalyse, die unsere Anwaltssoftware Legalprod bietet. Gewinnen Sie mehr Verst\u00e4ndnis f\u00fcr Ihre Aktivit\u00e4ten.\" \/>\n<meta property=\"og:url\" content=\"https:\/\/www.legalprod.com\/de\/analytics\/\" \/>\n<meta property=\"og:site_name\" content=\"LEGALPROD\" \/>\n<meta property=\"article:modified_time\" content=\"2024-01-22T13:20:01+00:00\" \/>\n<meta name=\"twitter:card\" content=\"summary_large_image\" \/>\n<meta name=\"twitter:label1\" content=\"Gesch\u00e4tzte Lesezeit\" \/>\n\t<meta name=\"twitter:data1\" content=\"7\u00a0Minuten\" \/>\n<script type=\"application\/ld+json\" class=\"yoast-schema-graph\">{\"@context\":\"https:\\\/\\\/schema.org\",\"@graph\":[{\"@type\":\"WebPage\",\"@id\":\"https:\\\/\\\/www.legalprod.com\\\/de\\\/analytics\\\/\",\"url\":\"https:\\\/\\\/www.legalprod.com\\\/de\\\/analytics\\\/\",\"name\":\"Datenanalyse | Anwaltssoftware LegalProd\",\"isPartOf\":{\"@id\":\"https:\\\/\\\/www.legalprod.com\\\/de\\\/#website\"},\"datePublished\":\"2023-02-09T10:36:14+00:00\",\"dateModified\":\"2024-01-22T13:20:01+00:00\",\"description\":\"Treffen Sie fundierte Entscheidungen mithilfe der Datenanalyse, die unsere Anwaltssoftware Legalprod bietet. Gewinnen Sie mehr Verst\u00e4ndnis f\u00fcr Ihre Aktivit\u00e4ten.\",\"breadcrumb\":{\"@id\":\"https:\\\/\\\/www.legalprod.com\\\/de\\\/analytics\\\/#breadcrumb\"},\"inLanguage\":\"de\",\"potentialAction\":[{\"@type\":\"ReadAction\",\"target\":[\"https:\\\/\\\/www.legalprod.com\\\/de\\\/analytics\\\/\"]}]},{\"@type\":\"BreadcrumbList\",\"@id\":\"https:\\\/\\\/www.legalprod.com\\\/de\\\/analytics\\\/#breadcrumb\",\"itemListElement\":[{\"@type\":\"ListItem\",\"position\":1,\"name\":\"Accueil\",\"item\":\"https:\\\/\\\/www.legalprod.com\\\/de\\\/\"},{\"@type\":\"ListItem\",\"position\":2,\"name\":\"Analytics\"}]},{\"@type\":\"WebSite\",\"@id\":\"https:\\\/\\\/www.legalprod.com\\\/de\\\/#website\",\"url\":\"https:\\\/\\\/www.legalprod.com\\\/de\\\/\",\"name\":\"LEGALPROD\",\"description\":\"La plateforme intelligente des avocats performants\",\"publisher\":{\"@id\":\"https:\\\/\\\/www.legalprod.com\\\/de\\\/#organization\"},\"potentialAction\":[{\"@type\":\"SearchAction\",\"target\":{\"@type\":\"EntryPoint\",\"urlTemplate\":\"https:\\\/\\\/www.legalprod.com\\\/de\\\/?s={search_term_string}\"},\"query-input\":{\"@type\":\"PropertyValueSpecification\",\"valueRequired\":true,\"valueName\":\"search_term_string\"}}],\"inLanguage\":\"de\"},{\"@type\":\"Organization\",\"@id\":\"https:\\\/\\\/www.legalprod.com\\\/de\\\/#organization\",\"name\":\"LEGALPROD\",\"url\":\"https:\\\/\\\/www.legalprod.com\\\/de\\\/\",\"logo\":{\"@type\":\"ImageObject\",\"inLanguage\":\"de\",\"@id\":\"https:\\\/\\\/www.legalprod.com\\\/de\\\/#\\\/schema\\\/logo\\\/image\\\/\",\"url\":\"https:\\\/\\\/www.legalprod.com\\\/wp-content\\\/uploads\\\/2022\\\/11\\\/legalprod.png\",\"contentUrl\":\"https:\\\/\\\/www.legalprod.com\\\/wp-content\\\/uploads\\\/2022\\\/11\\\/legalprod.png\",\"width\":420,\"height\":127,\"caption\":\"LEGALPROD\"},\"image\":{\"@id\":\"https:\\\/\\\/www.legalprod.com\\\/de\\\/#\\\/schema\\\/logo\\\/image\\\/\"},\"sameAs\":[\"https:\\\/\\\/www.linkedin.com\\\/company\\\/legalprod\"]}]}<\/script>\n<!-- \/ Yoast SEO plugin. -->","yoast_head_json":{"title":"Datenanalyse | Anwaltssoftware LegalProd","description":"Treffen Sie fundierte Entscheidungen mithilfe der Datenanalyse, die unsere Anwaltssoftware Legalprod bietet. Gewinnen Sie mehr Verst\u00e4ndnis f\u00fcr Ihre Aktivit\u00e4ten.","robots":{"index":"index","follow":"follow","max-snippet":"max-snippet:-1","max-image-preview":"max-image-preview:large","max-video-preview":"max-video-preview:-1"},"canonical":"https:\/\/www.legalprod.com\/de\/analytics\/","og_locale":"de_DE","og_type":"article","og_title":"Datenanalyse | Anwaltssoftware LegalProd","og_description":"Treffen Sie fundierte Entscheidungen mithilfe der Datenanalyse, die unsere Anwaltssoftware Legalprod bietet. Gewinnen Sie mehr Verst\u00e4ndnis f\u00fcr Ihre Aktivit\u00e4ten.","og_url":"https:\/\/www.legalprod.com\/de\/analytics\/","og_site_name":"LEGALPROD","article_modified_time":"2024-01-22T13:20:01+00:00","twitter_card":"summary_large_image","twitter_misc":{"Gesch\u00e4tzte Lesezeit":"7\u00a0Minuten"},"schema":{"@context":"https:\/\/schema.org","@graph":[{"@type":"WebPage","@id":"https:\/\/www.legalprod.com\/de\/analytics\/","url":"https:\/\/www.legalprod.com\/de\/analytics\/","name":"Datenanalyse | Anwaltssoftware LegalProd","isPartOf":{"@id":"https:\/\/www.legalprod.com\/de\/#website"},"datePublished":"2023-02-09T10:36:14+00:00","dateModified":"2024-01-22T13:20:01+00:00","description":"Treffen Sie fundierte Entscheidungen mithilfe der Datenanalyse, die unsere Anwaltssoftware Legalprod bietet. Gewinnen Sie mehr Verst\u00e4ndnis f\u00fcr Ihre Aktivit\u00e4ten.","breadcrumb":{"@id":"https:\/\/www.legalprod.com\/de\/analytics\/#breadcrumb"},"inLanguage":"de","potentialAction":[{"@type":"ReadAction","target":["https:\/\/www.legalprod.com\/de\/analytics\/"]}]},{"@type":"BreadcrumbList","@id":"https:\/\/www.legalprod.com\/de\/analytics\/#breadcrumb","itemListElement":[{"@type":"ListItem","position":1,"name":"Accueil","item":"https:\/\/www.legalprod.com\/de\/"},{"@type":"ListItem","position":2,"name":"Analytics"}]},{"@type":"WebSite","@id":"https:\/\/www.legalprod.com\/de\/#website","url":"https:\/\/www.legalprod.com\/de\/","name":"LEGALPROD","description":"La plateforme intelligente des avocats performants","publisher":{"@id":"https:\/\/www.legalprod.com\/de\/#organization"},"potentialAction":[{"@type":"SearchAction","target":{"@type":"EntryPoint","urlTemplate":"https:\/\/www.legalprod.com\/de\/?s={search_term_string}"},"query-input":{"@type":"PropertyValueSpecification","valueRequired":true,"valueName":"search_term_string"}}],"inLanguage":"de"},{"@type":"Organization","@id":"https:\/\/www.legalprod.com\/de\/#organization","name":"LEGALPROD","url":"https:\/\/www.legalprod.com\/de\/","logo":{"@type":"ImageObject","inLanguage":"de","@id":"https:\/\/www.legalprod.com\/de\/#\/schema\/logo\/image\/","url":"https:\/\/www.legalprod.com\/wp-content\/uploads\/2022\/11\/legalprod.png","contentUrl":"https:\/\/www.legalprod.com\/wp-content\/uploads\/2022\/11\/legalprod.png","width":420,"height":127,"caption":"LEGALPROD"},"image":{"@id":"https:\/\/www.legalprod.com\/de\/#\/schema\/logo\/image\/"},"sameAs":["https:\/\/www.linkedin.com\/company\/legalprod"]}]}},"_links":{"self":[{"href":"https:\/\/www.legalprod.com\/de\/wp-json\/wp\/v2\/pages\/5559","targetHints":{"allow":["GET"]}}],"collection":[{"href":"https:\/\/www.legalprod.com\/de\/wp-json\/wp\/v2\/pages"}],"about":[{"href":"https:\/\/www.legalprod.com\/de\/wp-json\/wp\/v2\/types\/page"}],"author":[{"embeddable":true,"href":"https:\/\/www.legalprod.com\/de\/wp-json\/wp\/v2\/users\/1"}],"replies":[{"embeddable":true,"href":"https:\/\/www.legalprod.com\/de\/wp-json\/wp\/v2\/comments?post=5559"}],"version-history":[{"count":1,"href":"https:\/\/www.legalprod.com\/de\/wp-json\/wp\/v2\/pages\/5559\/revisions"}],"predecessor-version":[{"id":5567,"href":"https:\/\/www.legalprod.com\/de\/wp-json\/wp\/v2\/pages\/5559\/revisions\/5567"}],"wp:attachment":[{"href":"https:\/\/www.legalprod.com\/de\/wp-json\/wp\/v2\/media?parent=5559"}],"curies":[{"name":"wp","href":"https:\/\/api.w.org\/{rel}","templated":true}]}}