 {"id":5579,"date":"2023-02-09T10:20:15","date_gmt":"2023-02-09T09:20:15","guid":{"rendered":"https:\/\/www.legalprod.com\/edm\/"},"modified":"2024-01-22T14:20:04","modified_gmt":"2024-01-22T13:20:04","slug":"edm","status":"publish","type":"page","link":"https:\/\/www.legalprod.com\/de\/edm\/","title":{"rendered":"EDM"},"content":{"rendered":"<p>[et_pb_section fb_built=&#8221;1&#8243; next_background_color=&#8221;#ffffff&#8221; disabled_on=&#8221;on|off|off&#8221; admin_label=&#8221;Header&#8221; _builder_version=&#8221;4.19.0&#8243; _module_preset=&#8221;default&#8221; background_color=&#8221;RGBA(255,255,255,0)&#8221; use_background_color_gradient=&#8221;on&#8221; background_color_gradient_direction=&#8221;130deg&#8221; background_color_gradient_stops=&#8221;#d8d6ca 40%|#4485c6 80%&#8221; background_color_gradient_overlays_image=&#8221;on&#8221; background_color_gradient_start=&#8221;rgba(0,0,0,0)&#8221; background_color_gradient_start_position=&#8221;50%&#8221; background_color_gradient_end=&#8221;#92a5ab&#8221; background_color_gradient_end_position=&#8221;50%&#8221; background_image=&#8221;https:\/\/www.legalprod.com\/wp-content\/uploads\/2023\/02\/picto-tetiere-fonctionnalites.png&#8221; background_size=&#8221;initial&#8221; background_blend=&#8221;color&#8221; min_height=&#8221;410px&#8221; overflow-y=&#8221;hidden&#8221; custom_margin=&#8221;||||false|false&#8221; custom_padding=&#8221;||||false|false&#8221; bottom_divider_style=&#8221;slant&#8221; bottom_divider_height=&#8221;5vw&#8221; bottom_divider_repeat=&#8221;1x&#8221; bottom_divider_flip=&#8221;horizontal&#8221; custom_css_main_element=&#8221;margin: auto;&#8221; border_style_all=&#8221;none&#8221; locked=&#8221;off&#8221; global_colors_info=&#8221;{%22gcid-af512a5f-530a-4e80-bfc4-3632d9174c8b%22:%91%93,%22gcid-b593ef39-6aba-4318-8d2d-133b31113704%22:%91%93}&#8221;][et_pb_row make_equal=&#8221;on&#8221; _builder_version=&#8221;4.19.0&#8243; _module_preset=&#8221;default&#8221; background_color=&#8221;RGBA(255,255,255,0)&#8221; height=&#8221;1000px&#8221; max_height=&#8221;220px&#8221; custom_margin=&#8221;||||false|false&#8221; custom_padding=&#8221;||||false|false&#8221; custom_css_main_element=&#8221;margin: auto;&#8221; border_color_all=&#8221;RGBA(255,255,255,0)&#8221; border_style_all=&#8221;none&#8221; global_colors_info=&#8221;{}&#8221;][et_pb_column type=&#8221;4_4&#8243; _builder_version=&#8221;4.19.0&#8243; _module_preset=&#8221;default&#8221; background_color=&#8221;RGBA(255,255,255,0)&#8221; background_enable_image=&#8221;off&#8221; background_size=&#8221;initial&#8221; custom_padding=&#8221;||||false|false&#8221; custom_css_main_element=&#8221;margin: auto;&#8221; border_style_all=&#8221;none&#8221; global_colors_info=&#8221;{}&#8221;][et_pb_divider show_divider=&#8221;off&#8221; _builder_version=&#8221;4.19.0&#8243; _module_preset=&#8221;default&#8221; max_width=&#8221;50px&#8221; custom_margin=&#8221;||0px||false|false&#8221; global_colors_info=&#8221;{}&#8221;][\/et_pb_divider][et_pb_text admin_label=&#8221;Texte&#8221; _builder_version=&#8221;4.19.0&#8243; _module_preset=&#8221;default&#8221; text_font=&#8221;Barlow|500|||||||&#8221; text_font_size=&#8221;15px&#8221; text_line_height=&#8221;24px&#8221; header_font=&#8221;Barlow|700|||||||&#8221; header_text_align=&#8221;left&#8221; header_text_color=&#8221;#132F5E&#8221; header_font_size=&#8221;50px&#8221; header_line_height=&#8221;60px&#8221; header_2_font=&#8221;Barlow|600|||||||&#8221; header_2_text_align=&#8221;center&#8221; header_2_text_color=&#8221;#132F5E&#8221; header_2_font_size=&#8221;35px&#8221; header_2_line_height=&#8221;40px&#8221; header_3_font=&#8221;Barlow|600||on|||||&#8221; header_3_text_align=&#8221;left&#8221; header_3_text_color=&#8221;#132F5E&#8221; header_3_font_size=&#8221;24px&#8221; header_3_line_height=&#8221;30px&#8221; header_4_font=&#8221;Barlow|600||on|||||&#8221; header_4_text_align=&#8221;left&#8221; header_4_text_color=&#8221;#C2C5CD&#8221; header_4_line_height=&#8221;24px&#8221; module_alignment=&#8221;left&#8221; border_style_all=&#8221;none&#8221; global_colors_info=&#8221;{}&#8221;]<\/p>\n<h1 style=\"text-align: center;\"><span>Ein f\u00fcr Anw\u00e4lte konzipiertes EDM<\/span><\/h1>\n<p>[\/et_pb_text][\/et_pb_column][\/et_pb_row][\/et_pb_section][et_pb_section fb_built=&#8221;1&#8243; _builder_version=&#8221;4.19.0&#8243; _module_preset=&#8221;default&#8221; global_colors_info=&#8221;{}&#8221;][et_pb_row column_structure=&#8221;1_3,1_3,1_3&#8243; use_custom_gutter=&#8221;on&#8221; gutter_width=&#8221;1&#8243; make_equal=&#8221;on&#8221; _builder_version=&#8221;4.19.0&#8243; _module_preset=&#8221;default&#8221; background_color=&#8221;RGBA(255,255,255,0)&#8221; custom_margin=&#8221;-30px|auto||auto|false|false&#8221; custom_padding=&#8221;31px|0px|||false|false&#8221; global_colors_info=&#8221;{}&#8221;][et_pb_column type=&#8221;1_3&#8243; _builder_version=&#8221;4.19.0&#8243; _module_preset=&#8221;default&#8221; custom_padding=&#8221;||||false|false&#8221; global_colors_info=&#8221;{}&#8221;][et_pb_image src=&#8221;https:\/\/www.legalprod.com\/wp-content\/uploads\/2023\/02\/recherche-par-mots-cles-ged.png&#8221; alt=&#8221;Suche nach Stichw\u00f6rtern, GED&#8221; title_text=&#8221;recherche-par-mots-cles-ged&#8221; align=&#8221;center&#8221; _builder_version=&#8221;4.19.0&#8243; _module_preset=&#8221;default&#8221; module_alignment=&#8221;center&#8221; custom_margin=&#8221;||15px||false|false&#8221; global_colors_info=&#8221;{}&#8221;][\/et_pb_image][et_pb_text _builder_version=&#8221;4.19.5&#8243; _module_preset=&#8221;default&#8221; header_font_size=&#8221;27px&#8221; custom_margin=&#8221;||||false|false&#8221; custom_padding=&#8221;||||false|false&#8221; border_radii=&#8221;off||||&#8221; border_color_all=&#8221;RGBA(255,255,255,0)&#8221; border_style_all=&#8221;none&#8221; border_width_left=&#8221;1px&#8221; border_color_left=&#8221;#009FC8&#8243; global_colors_info=&#8221;{}&#8221;]<\/p>\n<p style=\"text-align: center; color: #4485c6; font-weight: 600; font-size: 20px; line-height: 24px; font-family: Barlow; text-transform: uppercase;\">FORSCHUNG<br \/>\nNACH SCHL\u00dcSSELW\u00d6RTERN<\/p>\n<p>[\/et_pb_text][\/et_pb_column][et_pb_column type=&#8221;1_3&#8243; _builder_version=&#8221;4.19.0&#8243; _module_preset=&#8221;default&#8221; custom_padding=&#8221;||||false|false&#8221; border_radii=&#8221;off||||&#8221; border_width_right=&#8221;1px&#8221; border_color_right=&#8221;#4485C6&#8243; border_width_left=&#8221;1px&#8221; border_color_left=&#8221;#4485C6&#8243; global_colors_info=&#8221;{}&#8221;][et_pb_image src=&#8221;https:\/\/www.legalprod.com\/wp-content\/uploads\/2023\/02\/controle-des-acces-ged.png&#8221; alt=&#8221;Zugangskontrolle, EDM&#8221; title_text=&#8221;controle-des-acces-ged&#8221; show_bottom_space=&#8221;off&#8221; align=&#8221;center&#8221; _builder_version=&#8221;4.19.0&#8243; _module_preset=&#8221;default&#8221; module_alignment=&#8221;center&#8221; custom_margin=&#8221;||15px||false|false&#8221; global_colors_info=&#8221;{}&#8221;][\/et_pb_image][et_pb_text _builder_version=&#8221;4.19.5&#8243; _module_preset=&#8221;default&#8221; custom_margin=&#8221;||||false|false&#8221; custom_padding=&#8221;||||false|false&#8221; border_style_all=&#8221;none&#8221; border_width_left=&#8221;3px&#8221; border_color_left=&#8221;#009FC8&#8243; global_colors_info=&#8221;{}&#8221;]<\/p>\n<p style=\"text-align: center; color: #4485c6; font-weight: 600; font-size: 20px; line-height: 24px; font-family: Barlow; text-transform: uppercase;\">GEMEINSAME NUTZUNG VON DOKUMENTEN<br \/>\nMIT ZUGANGSKONTROLLE<\/p>\n<p>[\/et_pb_text][\/et_pb_column][et_pb_column type=&#8221;1_3&#8243; _builder_version=&#8221;4.19.0&#8243; _module_preset=&#8221;default&#8221; custom_padding=&#8221;||||false|false&#8221; global_colors_info=&#8221;{}&#8221;][et_pb_image src=&#8221;https:\/\/www.legalprod.com\/wp-content\/uploads\/2023\/02\/securite-maximale-ged.png&#8221; alt=&#8221;Maximale Sicherheit EDM&#8221; title_text=&#8221;security-maximale-ged&#8221; show_bottom_space=&#8221;off&#8221; align=&#8221;center&#8221; _builder_version=&#8221;4.19.0&#8243; _module_preset=&#8221;default&#8221; module_alignment=&#8221;center&#8221; custom_margin=&#8221;||15px||false|false&#8221; global_colors_info=&#8221;{}&#8221;][\/et_pb_image][et_pb_text _builder_version=&#8221;4.19.5&#8243; _module_preset=&#8221;default&#8221; min_height=&#8221;0px&#8221; max_height=&#8221;43px&#8221; custom_padding=&#8221;|20px|||false|false&#8221; border_color_right=&#8221;#009FC8&#8243; border_color_left=&#8221;#009FC8&#8243; border_style_left=&#8221;none&#8221; global_colors_info=&#8221;{}&#8221;]<\/p>\n<p style=\"text-align: center; color: #4485c6; font-weight: 600; font-size: 20px; line-height: 24px; font-family: Barlow; text-transform: uppercase;\">MAXIMALE SICHERHEIT<br \/>\nDEINER DATEN<\/p>\n<p>[\/et_pb_text][\/et_pb_column][\/et_pb_row][\/et_pb_section][et_pb_section fb_built=&#8221;1&#8243; admin_label=&#8221;Services&#8221; _builder_version=&#8221;4.19.0&#8243; _module_preset=&#8221;default&#8221; background_color=&#8221;rgba(204,204,204,0.14)&#8221; background_enable_image=&#8221;off&#8221; background_size=&#8221;initial&#8221; background_position=&#8221;top_left&#8221; custom_padding=&#8221;30px|0px||||&#8221; global_colors_info=&#8221;{}&#8221;][et_pb_row _builder_version=&#8221;4.19.0&#8243; _module_preset=&#8221;default&#8221; min_height=&#8221;51px&#8221; global_colors_info=&#8221;{}&#8221;][et_pb_column type=&#8221;4_4&#8243; _builder_version=&#8221;4.19.0&#8243; _module_preset=&#8221;default&#8221; global_colors_info=&#8221;{}&#8221;][et_pb_text _builder_version=&#8221;4.19.0&#8243; text_font=&#8221;||||||||&#8221; header_font=&#8221;||||||||&#8221; header_2_font=&#8221;Barlow|600|||||||&#8221; header_2_text_color=&#8221;#EF7D00&#8243; header_2_font_size=&#8221;35px&#8221; header_2_line_height=&#8221;1.8em&#8221; header_3_font=&#8221;||||||||&#8221; text_orientation=&#8221;center&#8221; custom_margin=&#8221;||0px||false|false&#8221; global_colors_info=&#8221;{}&#8221;]<\/p>\n<h2><span style=\"color: #ff7900;\">Ein sicherer Tresor <\/span><span style=\"color: #4485c6;\">um Ihre Dokumente sicher zu verwahren<\/span><\/h2>\n<p>[\/et_pb_text][et_pb_image src=&#8221;https:\/\/www.legalprod.com\/wp-content\/uploads\/2022\/11\/separateur-ronds.png&#8221; title_text=&#8221;Rundtrenner&#8221; align=&#8221;center&#8221; _builder_version=&#8221;4.19.5&#8243; _module_preset=&#8221;default&#8221; width=&#8221;100%&#8221; max_width=&#8221;100%&#8221; module_alignment=&#8221;center&#8221; custom_margin=&#8221;||||false|false&#8221; custom_padding=&#8221;||||false|false&#8221; global_colors_info=&#8221;{}&#8221;][\/et_pb_image][\/et_pb_column][\/et_pb_row][et_pb_row column_structure=&#8221;2_5,3_5&#8243; _builder_version=&#8221;4.19.0&#8243; _module_preset=&#8221;default&#8221; background_color=&#8221;RGBA(255,255,255,0)&#8221; global_colors_info=&#8221;{}&#8221;][et_pb_column type=&#8221;2_5&#8243; _builder_version=&#8221;4.19.0&#8243; _module_preset=&#8221;default&#8221; global_colors_info=&#8221;{}&#8221;][et_pb_image src=&#8221;https:\/\/www.legalprod.com\/wp-content\/uploads\/2023\/02\/ged-pour-avocats.png&#8221; alt=&#8221;EDM f\u00fcr Anw\u00e4lte&#8221; title_text=&#8221;ged-f\u00fcr-anw\u00e4lte&#8221; _builder_version=&#8221;4.19.5&#8243; _module_preset=&#8221;default&#8221; hover_enabled=&#8221;0&#8243; global_colors_info=&#8221;{}&#8221; align=&#8221;center&#8221; sticky_enabled=&#8221;0&#8243;][\/et_pb_image][\/et_pb_column][et_pb_column type=&#8221;3_5&#8243; _builder_version=&#8221;4.19.0&#8243; _module_preset=&#8221;default&#8221; global_colors_info=&#8221;{}&#8221;][et_pb_text admin_label=&#8221;Texte&#8221; _builder_version=&#8221;4.19.0&#8243; _module_preset=&#8221;default&#8221; text_font=&#8221;Barlow|500|||||||&#8221; text_line_height=&#8221;24px&#8221; header_font=&#8221;Barlow|700|||||||&#8221; header_text_align=&#8221;left&#8221; header_text_color=&#8221;#132F5E&#8221; header_font_size=&#8221;50px&#8221; header_line_height=&#8221;60px&#8221; header_2_font=&#8221;Barlow|600|||||||&#8221; header_2_text_align=&#8221;center&#8221; header_2_text_color=&#8221;#132F5E&#8221; header_2_font_size=&#8221;35px&#8221; header_2_line_height=&#8221;40px&#8221; header_3_font=&#8221;Barlow|600||on|||||&#8221; header_3_text_align=&#8221;left&#8221; header_3_text_color=&#8221;#132F5E&#8221; header_3_font_size=&#8221;24px&#8221; header_3_line_height=&#8221;30px&#8221; header_4_font=&#8221;Barlow|600||on|||||&#8221; header_4_text_align=&#8221;left&#8221; header_4_text_color=&#8221;#C2C5CD&#8221; header_4_line_height=&#8221;24px&#8221; module_alignment=&#8221;left&#8221; min_height=&#8221;128px&#8221; global_colors_info=&#8221;{}&#8221;]<\/p>\n<h3><span style=\"color: #4485c6;\">Zentralisierung<\/span><\/h3>\n<ul>\n<li><strong>Sichern<\/strong> Sie alle Ihre Dokumente an einem <strong>zentralen Ort<\/strong> und bleiben Sie \u00fcber Aktualisierungen oder den Validierungsstatus informiert.<\/li>\n<\/ul>\n<h3><span style=\"color: #4485c6;\">Sicherheit<\/span><\/h3>\n<ul>\n<li>Ihre <strong>Dokumente<\/strong> werden durch ein verschl\u00fcsseltes System gesch\u00fctzt, sodass sie <strong>nicht manipulierbar<\/strong> sind.<\/li>\n<\/ul>\n<h3><span style=\"color: #4485c6;\">Zusammenarbeit<\/span><\/h3>\n<ul>\n<li>Geben Sie Ihre Dokumente einfach frei, indem Sie Ihren Partnern und Mitarbeitern <strong>dauerhaft oder f\u00fcr einen bestimmten Zeitraum<\/strong> <strong>Berechtigungen<\/strong> erteilen.<\/li>\n<\/ul>\n<h3><span style=\"color: #4485c6;\">Suche<\/span><\/h3>\n<ul>\n<li>Finden Sie Ihre Dokumente leicht wieder, indem Sie sie dank einer <strong>automatisierten Indexierung<\/strong> nach Stichw\u00f6rtern durchsuchen.\n<\/li>\n<\/ul>\n<p>[\/et_pb_text][\/et_pb_column][\/et_pb_row][\/et_pb_section][et_pb_section fb_built=&#8221;1&#8243; _builder_version=&#8221;4.19.0&#8243; _module_preset=&#8221;default&#8221; background_color=&#8221;RGBA(255,255,255,0)&#8221; background_enable_pattern_style=&#8221;on&#8221; background_pattern_style=&#8221;diagonal-stripes-2&#8243; background_pattern_color=&#8221;RGBA(255,255,255,0)&#8221; global_colors_info=&#8221;{}&#8221;][et_pb_row _builder_version=&#8221;4.19.0&#8243; _module_preset=&#8221;default&#8221; custom_padding=&#8221;18px|||||&#8221; global_colors_info=&#8221;{}&#8221;][et_pb_column type=&#8221;4_4&#8243; _builder_version=&#8221;4.19.0&#8243; _module_preset=&#8221;default&#8221; global_colors_info=&#8221;{}&#8221;][et_pb_text admin_label=&#8221;Texte&#8221; _builder_version=&#8221;4.19.0&#8243; _module_preset=&#8221;default&#8221; text_font=&#8221;Barlow|500|||||||&#8221; text_font_size=&#8221;15px&#8221; text_line_height=&#8221;24px&#8221; header_font=&#8221;Barlow|700|||||||&#8221; header_text_align=&#8221;left&#8221; header_text_color=&#8221;#132F5E&#8221; header_font_size=&#8221;50px&#8221; header_line_height=&#8221;60px&#8221; header_2_font=&#8221;Barlow|600|||||||&#8221; header_2_text_align=&#8221;center&#8221; header_2_text_color=&#8221;#132F5E&#8221; header_2_font_size=&#8221;35px&#8221; header_2_line_height=&#8221;40px&#8221; header_3_font=&#8221;Barlow|600||on|||||&#8221; header_3_text_align=&#8221;left&#8221; header_3_text_color=&#8221;#132F5E&#8221; header_3_font_size=&#8221;24px&#8221; header_3_line_height=&#8221;30px&#8221; header_4_font=&#8221;Barlow|600||on|||||&#8221; header_4_text_align=&#8221;left&#8221; header_4_text_color=&#8221;#C2C5CD&#8221; header_4_line_height=&#8221;24px&#8221; module_alignment=&#8221;left&#8221; global_colors_info=&#8221;{}&#8221;]<\/p>\n<h2><span style=\"color: #4485c6;\">Z\u00f6gern Sie?<\/span><\/h2>\n<h3 style=\"text-align: center;\"><span style=\"color: #c2c5cd;\">fordern Sie eine kostenlose Demonstration an<\/span><\/h3>\n<p>[\/et_pb_text][et_pb_button button_url=&#8221;@ET-DC@eyJkeW5hbWljIjp0cnVlLCJjb250ZW50IjoicG9zdF9saW5rX3VybF9wYWdlIiwic2V0dGluZ3MiOnsicG9zdF9pZCI6IjExNzkifX0=@&#8221; button_text=&#8221;Das interessiert mich&#8221; button_alignment=&#8221;center&#8221; _builder_version=&#8221;4.19.5&#8243; _dynamic_attributes=&#8221;button_url&#8221; _module_preset=&#8221;default&#8221; global_colors_info=&#8221;{}&#8221;][\/et_pb_button][\/et_pb_column][\/et_pb_row][\/et_pb_section]<\/p>\n","protected":false},"excerpt":{"rendered":"<p>Ein f\u00fcr Anw\u00e4lte konzipiertes EDMFORSCHUNG NACH SCHL\u00dcSSELW\u00d6RTERNGEMEINSAME NUTZUNG VON DOKUMENTEN MIT ZUGANGSKONTROLLEMAXIMALE SICHERHEIT DEINER DATENEin sicherer Tresor um Ihre Dokumente sicher zu verwahrenZentralisierung Sichern Sie alle Ihre Dokumente an einem zentralen Ort und bleiben Sie \u00fcber Aktualisierungen oder den Validierungsstatus informiert. Sicherheit Ihre Dokumente werden durch ein verschl\u00fcsseltes System gesch\u00fctzt, sodass sie nicht manipulierbar sind. [&hellip;]<\/p>\n","protected":false},"author":1,"featured_media":0,"parent":0,"menu_order":0,"comment_status":"closed","ping_status":"closed","template":"","meta":{"_et_pb_use_builder":"on","_et_pb_old_content":"","_et_gb_content_width":"","_monsterinsights_skip_tracking":false,"_monsterinsights_sitenote_active":false,"_monsterinsights_sitenote_note":"","_monsterinsights_sitenote_category":0,"footnotes":""},"class_list":["post-5579","page","type-page","status-publish","hentry"],"yoast_head":"<!-- This site is optimized with the Yoast SEO plugin v27.4 - https:\/\/yoast.com\/product\/yoast-seo-wordpress\/ -->\n<title>EDM f\u00fcr Anw\u00e4lte | Software f\u00fcr Anw\u00e4lte LegalProd<\/title>\n<meta name=\"description\" content=\"Optimieren Sie Ihr Dokumentenmanagement mit LegalProd, unserem DMS f\u00fcr Anw\u00e4lte. Geben Sie Ihre Dokumente sicher frei, greifen Sie darauf zu und synchronisieren Sie sie mit Ihren Kollegen.\" \/>\n<meta name=\"robots\" content=\"index, follow, max-snippet:-1, max-image-preview:large, max-video-preview:-1\" \/>\n<link rel=\"canonical\" href=\"https:\/\/www.legalprod.com\/de\/edm\/\" \/>\n<meta property=\"og:locale\" content=\"de_DE\" \/>\n<meta property=\"og:type\" content=\"article\" \/>\n<meta property=\"og:title\" content=\"EDM f\u00fcr Anw\u00e4lte | Software f\u00fcr Anw\u00e4lte LegalProd\" \/>\n<meta property=\"og:description\" content=\"Optimieren Sie Ihr Dokumentenmanagement mit LegalProd, unserem DMS f\u00fcr Anw\u00e4lte. Geben Sie Ihre Dokumente sicher frei, greifen Sie darauf zu und synchronisieren Sie sie mit Ihren Kollegen.\" \/>\n<meta property=\"og:url\" content=\"https:\/\/www.legalprod.com\/de\/edm\/\" \/>\n<meta property=\"og:site_name\" content=\"LEGALPROD\" \/>\n<meta property=\"article:modified_time\" content=\"2024-01-22T13:20:04+00:00\" \/>\n<meta name=\"twitter:card\" content=\"summary_large_image\" \/>\n<meta name=\"twitter:label1\" content=\"Gesch\u00e4tzte Lesezeit\" \/>\n\t<meta name=\"twitter:data1\" content=\"7\u00a0Minuten\" \/>\n<script type=\"application\/ld+json\" class=\"yoast-schema-graph\">{\"@context\":\"https:\\\/\\\/schema.org\",\"@graph\":[{\"@type\":\"WebPage\",\"@id\":\"https:\\\/\\\/www.legalprod.com\\\/de\\\/edm\\\/\",\"url\":\"https:\\\/\\\/www.legalprod.com\\\/de\\\/edm\\\/\",\"name\":\"EDM f\u00fcr Anw\u00e4lte | Software f\u00fcr Anw\u00e4lte LegalProd\",\"isPartOf\":{\"@id\":\"https:\\\/\\\/www.legalprod.com\\\/de\\\/#website\"},\"datePublished\":\"2023-02-09T09:20:15+00:00\",\"dateModified\":\"2024-01-22T13:20:04+00:00\",\"description\":\"Optimieren Sie Ihr Dokumentenmanagement mit LegalProd, unserem DMS f\u00fcr Anw\u00e4lte. Geben Sie Ihre Dokumente sicher frei, greifen Sie darauf zu und synchronisieren Sie sie mit Ihren Kollegen.\",\"breadcrumb\":{\"@id\":\"https:\\\/\\\/www.legalprod.com\\\/de\\\/edm\\\/#breadcrumb\"},\"inLanguage\":\"de\",\"potentialAction\":[{\"@type\":\"ReadAction\",\"target\":[\"https:\\\/\\\/www.legalprod.com\\\/de\\\/edm\\\/\"]}]},{\"@type\":\"BreadcrumbList\",\"@id\":\"https:\\\/\\\/www.legalprod.com\\\/de\\\/edm\\\/#breadcrumb\",\"itemListElement\":[{\"@type\":\"ListItem\",\"position\":1,\"name\":\"Accueil\",\"item\":\"https:\\\/\\\/www.legalprod.com\\\/de\\\/\"},{\"@type\":\"ListItem\",\"position\":2,\"name\":\"EDM\"}]},{\"@type\":\"WebSite\",\"@id\":\"https:\\\/\\\/www.legalprod.com\\\/de\\\/#website\",\"url\":\"https:\\\/\\\/www.legalprod.com\\\/de\\\/\",\"name\":\"LEGALPROD\",\"description\":\"La plateforme intelligente des avocats performants\",\"publisher\":{\"@id\":\"https:\\\/\\\/www.legalprod.com\\\/de\\\/#organization\"},\"potentialAction\":[{\"@type\":\"SearchAction\",\"target\":{\"@type\":\"EntryPoint\",\"urlTemplate\":\"https:\\\/\\\/www.legalprod.com\\\/de\\\/?s={search_term_string}\"},\"query-input\":{\"@type\":\"PropertyValueSpecification\",\"valueRequired\":true,\"valueName\":\"search_term_string\"}}],\"inLanguage\":\"de\"},{\"@type\":\"Organization\",\"@id\":\"https:\\\/\\\/www.legalprod.com\\\/de\\\/#organization\",\"name\":\"LEGALPROD\",\"url\":\"https:\\\/\\\/www.legalprod.com\\\/de\\\/\",\"logo\":{\"@type\":\"ImageObject\",\"inLanguage\":\"de\",\"@id\":\"https:\\\/\\\/www.legalprod.com\\\/de\\\/#\\\/schema\\\/logo\\\/image\\\/\",\"url\":\"https:\\\/\\\/www.legalprod.com\\\/wp-content\\\/uploads\\\/2022\\\/11\\\/legalprod.png\",\"contentUrl\":\"https:\\\/\\\/www.legalprod.com\\\/wp-content\\\/uploads\\\/2022\\\/11\\\/legalprod.png\",\"width\":420,\"height\":127,\"caption\":\"LEGALPROD\"},\"image\":{\"@id\":\"https:\\\/\\\/www.legalprod.com\\\/de\\\/#\\\/schema\\\/logo\\\/image\\\/\"},\"sameAs\":[\"https:\\\/\\\/www.linkedin.com\\\/company\\\/legalprod\"]}]}<\/script>\n<!-- \/ Yoast SEO plugin. -->","yoast_head_json":{"title":"EDM f\u00fcr Anw\u00e4lte | Software f\u00fcr Anw\u00e4lte LegalProd","description":"Optimieren Sie Ihr Dokumentenmanagement mit LegalProd, unserem DMS f\u00fcr Anw\u00e4lte. Geben Sie Ihre Dokumente sicher frei, greifen Sie darauf zu und synchronisieren Sie sie mit Ihren Kollegen.","robots":{"index":"index","follow":"follow","max-snippet":"max-snippet:-1","max-image-preview":"max-image-preview:large","max-video-preview":"max-video-preview:-1"},"canonical":"https:\/\/www.legalprod.com\/de\/edm\/","og_locale":"de_DE","og_type":"article","og_title":"EDM f\u00fcr Anw\u00e4lte | Software f\u00fcr Anw\u00e4lte LegalProd","og_description":"Optimieren Sie Ihr Dokumentenmanagement mit LegalProd, unserem DMS f\u00fcr Anw\u00e4lte. Geben Sie Ihre Dokumente sicher frei, greifen Sie darauf zu und synchronisieren Sie sie mit Ihren Kollegen.","og_url":"https:\/\/www.legalprod.com\/de\/edm\/","og_site_name":"LEGALPROD","article_modified_time":"2024-01-22T13:20:04+00:00","twitter_card":"summary_large_image","twitter_misc":{"Gesch\u00e4tzte Lesezeit":"7\u00a0Minuten"},"schema":{"@context":"https:\/\/schema.org","@graph":[{"@type":"WebPage","@id":"https:\/\/www.legalprod.com\/de\/edm\/","url":"https:\/\/www.legalprod.com\/de\/edm\/","name":"EDM f\u00fcr Anw\u00e4lte | Software f\u00fcr Anw\u00e4lte LegalProd","isPartOf":{"@id":"https:\/\/www.legalprod.com\/de\/#website"},"datePublished":"2023-02-09T09:20:15+00:00","dateModified":"2024-01-22T13:20:04+00:00","description":"Optimieren Sie Ihr Dokumentenmanagement mit LegalProd, unserem DMS f\u00fcr Anw\u00e4lte. Geben Sie Ihre Dokumente sicher frei, greifen Sie darauf zu und synchronisieren Sie sie mit Ihren Kollegen.","breadcrumb":{"@id":"https:\/\/www.legalprod.com\/de\/edm\/#breadcrumb"},"inLanguage":"de","potentialAction":[{"@type":"ReadAction","target":["https:\/\/www.legalprod.com\/de\/edm\/"]}]},{"@type":"BreadcrumbList","@id":"https:\/\/www.legalprod.com\/de\/edm\/#breadcrumb","itemListElement":[{"@type":"ListItem","position":1,"name":"Accueil","item":"https:\/\/www.legalprod.com\/de\/"},{"@type":"ListItem","position":2,"name":"EDM"}]},{"@type":"WebSite","@id":"https:\/\/www.legalprod.com\/de\/#website","url":"https:\/\/www.legalprod.com\/de\/","name":"LEGALPROD","description":"La plateforme intelligente des avocats performants","publisher":{"@id":"https:\/\/www.legalprod.com\/de\/#organization"},"potentialAction":[{"@type":"SearchAction","target":{"@type":"EntryPoint","urlTemplate":"https:\/\/www.legalprod.com\/de\/?s={search_term_string}"},"query-input":{"@type":"PropertyValueSpecification","valueRequired":true,"valueName":"search_term_string"}}],"inLanguage":"de"},{"@type":"Organization","@id":"https:\/\/www.legalprod.com\/de\/#organization","name":"LEGALPROD","url":"https:\/\/www.legalprod.com\/de\/","logo":{"@type":"ImageObject","inLanguage":"de","@id":"https:\/\/www.legalprod.com\/de\/#\/schema\/logo\/image\/","url":"https:\/\/www.legalprod.com\/wp-content\/uploads\/2022\/11\/legalprod.png","contentUrl":"https:\/\/www.legalprod.com\/wp-content\/uploads\/2022\/11\/legalprod.png","width":420,"height":127,"caption":"LEGALPROD"},"image":{"@id":"https:\/\/www.legalprod.com\/de\/#\/schema\/logo\/image\/"},"sameAs":["https:\/\/www.linkedin.com\/company\/legalprod"]}]}},"_links":{"self":[{"href":"https:\/\/www.legalprod.com\/de\/wp-json\/wp\/v2\/pages\/5579","targetHints":{"allow":["GET"]}}],"collection":[{"href":"https:\/\/www.legalprod.com\/de\/wp-json\/wp\/v2\/pages"}],"about":[{"href":"https:\/\/www.legalprod.com\/de\/wp-json\/wp\/v2\/types\/page"}],"author":[{"embeddable":true,"href":"https:\/\/www.legalprod.com\/de\/wp-json\/wp\/v2\/users\/1"}],"replies":[{"embeddable":true,"href":"https:\/\/www.legalprod.com\/de\/wp-json\/wp\/v2\/comments?post=5579"}],"version-history":[{"count":1,"href":"https:\/\/www.legalprod.com\/de\/wp-json\/wp\/v2\/pages\/5579\/revisions"}],"predecessor-version":[{"id":5585,"href":"https:\/\/www.legalprod.com\/de\/wp-json\/wp\/v2\/pages\/5579\/revisions\/5585"}],"wp:attachment":[{"href":"https:\/\/www.legalprod.com\/de\/wp-json\/wp\/v2\/media?parent=5579"}],"curies":[{"name":"wp","href":"https:\/\/api.w.org\/{rel}","templated":true}]}}