 {"id":5698,"date":"2023-02-16T17:19:12","date_gmt":"2023-02-16T16:19:12","guid":{"rendered":"https:\/\/www.legalprod.com\/rechtliche-hinweise\/"},"modified":"2026-04-21T11:36:49","modified_gmt":"2026-04-21T09:36:49","slug":"rechtliche-hinweise","status":"publish","type":"page","link":"https:\/\/www.legalprod.com\/de\/rechtliche-hinweise\/","title":{"rendered":"Rechtliche Hinweise"},"content":{"rendered":"<p>[et_pb_section fb_built=&#8221;1&#8243; next_background_color=&#8221;#ffffff&#8221; admin_label=&#8221;Header&#8221; _builder_version=&#8221;4.23.1&#8243; _module_preset=&#8221;default&#8221; background_color=&#8221;#5233ff&#8221; background_enable_image=&#8221;off&#8221; background_size=&#8221;initial&#8221; background_blend=&#8221;color&#8221; min_height=&#8221;266px&#8221; custom_margin=&#8221;||||false|false&#8221; custom_padding=&#8221;125px||||false|false&#8221; bottom_divider_style=&#8221;slant&#8221; bottom_divider_height=&#8221;0vw&#8221; bottom_divider_repeat=&#8221;1x&#8221; bottom_divider_flip=&#8221;horizontal&#8221; bottom_divider_arrangement=&#8221;above_content&#8221; border_style_all=&#8221;none&#8221; locked=&#8221;off&#8221; global_colors_info=&#8221;{%22gcid-af512a5f-530a-4e80-bfc4-3632d9174c8b%22:%91%93,%22gcid-b593ef39-6aba-4318-8d2d-133b31113704%22:%91%93}&#8221;][et_pb_row _builder_version=&#8221;4.19.0&#8243; _module_preset=&#8221;default&#8221; background_color=&#8221;RGBA(255,255,255,0)&#8221; border_color_all=&#8221;RGBA(255,255,255,0)&#8221; border_style_all=&#8221;none&#8221; global_colors_info=&#8221;{}&#8221;][et_pb_column type=&#8221;4_4&#8243; _builder_version=&#8221;4.19.5&#8243; _module_preset=&#8221;default&#8221; background_color=&#8221;RGBA(255,255,255,0)&#8221; background_enable_image=&#8221;off&#8221; background_size=&#8221;initial&#8221; custom_padding=&#8221;||||false|false&#8221; border_style_all=&#8221;none&#8221; global_colors_info=&#8221;{}&#8221;][et_pb_divider show_divider=&#8221;off&#8221; _builder_version=&#8221;4.19.0&#8243; _module_preset=&#8221;default&#8221; max_width=&#8221;50px&#8221; custom_margin=&#8221;||0px||false|false&#8221; global_colors_info=&#8221;{}&#8221;][\/et_pb_divider][et_pb_text admin_label=&#8221;Texte&#8221; _builder_version=&#8221;4.19.5&#8243; _module_preset=&#8221;default&#8221; text_font=&#8221;Barlow|500|||||||&#8221; text_font_size=&#8221;15px&#8221; text_line_height=&#8221;24px&#8221; header_font=&#8221;Barlow|700|||||||&#8221; header_text_align=&#8221;left&#8221; header_text_color=&#8221;#132F5E&#8221; header_font_size=&#8221;50px&#8221; header_line_height=&#8221;60px&#8221; header_2_font=&#8221;Barlow|600|||||||&#8221; header_2_text_align=&#8221;center&#8221; header_2_text_color=&#8221;#132F5E&#8221; header_2_font_size=&#8221;35px&#8221; header_2_line_height=&#8221;40px&#8221; header_3_font=&#8221;Barlow|600||on|||||&#8221; header_3_text_align=&#8221;left&#8221; header_3_text_color=&#8221;#132F5E&#8221; header_3_font_size=&#8221;24px&#8221; header_3_line_height=&#8221;30px&#8221; header_4_font=&#8221;Barlow|600||on|||||&#8221; header_4_text_align=&#8221;left&#8221; header_4_text_color=&#8221;#C2C5CD&#8221; header_4_line_height=&#8221;24px&#8221; module_alignment=&#8221;left&#8221; border_style_all=&#8221;none&#8221; global_colors_info=&#8221;{}&#8221;]<\/p>\n<h1 style=\"text-align: center;\" color:=\"\" ffffff=\"\"><span style=\"color: #ffffff;\">Mentions l\u00e9gales<\/span><\/h1>\n<p>[\/et_pb_text][\/et_pb_column][\/et_pb_row][\/et_pb_section][et_pb_section fb_built=&#8221;1&#8243; _builder_version=&#8221;4.20.0&#8243; _module_preset=&#8221;default&#8221; global_colors_info=&#8221;{}&#8221;][et_pb_row _builder_version=&#8221;4.20.0&#8243; _module_preset=&#8221;default&#8221; global_colors_info=&#8221;{}&#8221;][et_pb_column type=&#8221;4_4&#8243; _builder_version=&#8221;4.20.0&#8243; _module_preset=&#8221;default&#8221; global_colors_info=&#8221;{}&#8221;][et_pb_text _builder_version=&#8221;4.23.1&#8243; _module_preset=&#8221;default&#8221; header_text_color=&#8221;#5233ff&#8221; header_2_text_color=&#8221;#5233ff&#8221; header_3_text_color=&#8221;#5233ff&#8221; global_colors_info=&#8221;{}&#8221;]<\/p>\n<p><em>Derni\u00e8re mise \u00e0 jour : 20\/04\/2026<\/em><\/p>\n<p>Conform\u00e9ment aux dispositions des articles 6-III et 19 de la Loi n\u00b0 2004-575 du 21 juin 2004 pour la Confiance dans l&#8217;\u00e9conomie num\u00e9rique (LCEN), nous portons \u00e0 la connaissance des utilisateurs et visiteurs du site https:\/\/www.legalprod.com les informations suivantes.<\/p>\n<h2 style=\"margin-top: 30px; text-align: left;\"><span style=\"color: #132f5e;\">I. INFORMATIONS L\u00c9GALES<\/span><\/h2>\n<h3><span style=\"color: #132f5e;\">1.1. \u00c9diteur du site<\/span><\/h3>\n<p><strong>Raison sociale :<\/strong> LegalProd<br \/><strong>Forme juridique :<\/strong> Soci\u00e9t\u00e9 par actions simplifi\u00e9e (SAS)<br \/><strong>Adresse du si\u00e8ge social :<\/strong> 34 AV CHAMPS \u00c9LYS\u00c9ES, 75008 Paris<br \/><strong>T\u00e9l\u00e9phone :<\/strong> 01 84 80 43 79<br \/><strong>Capital social :<\/strong> 102 180,20 \u20ac<\/p>\n<h3><span style=\"color: #132f5e;\">1.2. Activit\u00e9<\/span><\/h3>\n<p><strong>Num\u00e9ro d&#8217;inscription au RCS :<\/strong> Paris B 900 029 422<br \/><strong>N\u00b0 TVA intracommunautaire :<\/strong> FR61900029422<\/p>\n<h3><span style=\"color: #132f5e;\">1.3. Site internet<\/span><\/h3>\n<p><strong>Le site internet est h\u00e9berg\u00e9 sur le domaine :<\/strong> www.legalprod.com<\/p>\n<h3><span style=\"color: #132f5e;\">1.4. Responsable de la publication<\/span><\/h3>\n<p><strong>Responsable de la publication :<\/strong> Cyril Maucour<br \/><strong>Email :<\/strong> contact@legalprod.com<br \/><strong>T\u00e9l\u00e9phone :<\/strong> 01 84 80 43 79<br \/><strong>Repr\u00e9sentant l\u00e9gal :<\/strong> Cyril Maucour<br \/><strong>Tribunal de comp\u00e9tence en cas de litige :<\/strong> Paris<\/p>\n<h3><span style=\"color: #132f5e;\">1.5. Agence \/ Webmaster<\/span><\/h3>\n<p><strong>Entreprise :<\/strong> <a href=\"https:\/\/createur2site.fr\/\">Createur2site.fr<\/a><br \/><strong>T\u00e9l\u00e9phone :<\/strong> 06 51 89 35 83<br \/><strong>Email :<\/strong> <a href=\"mailto:contact@createur2site.fr\">contact@createur2site.fr<\/a><\/p>\n<h3><span style=\"color: #132f5e;\">1.6. H\u00e9bergement<\/span><\/h3>\n<p><strong>Entreprise :<\/strong> Kinsta Inc., 8605 Santa Monica Blvd 92581, West Hollywood, CA 90069<\/p>\n<h2 style=\"margin-top: 30px; text-align: left;\"><span style=\"color: #132f5e;\">II. PR\u00c9SENTATION ET PRINCIPE<\/span><\/h2>\n<p>Est d\u00e9sign\u00e9 ci-apr\u00e8s \u00ab Utilisateur \u00bb, tout internaute se connectant et utilisant le site www.legalprod.com.<\/p>\n<p>LegalProd s&#8217;efforce de fournir sur le site www.legalprod.com les informations les plus pr\u00e9cises et \u00e0 jour possibles, mais ne saurait garantir l&#8217;exactitude, la compl\u00e9tude et l&#8217;actualit\u00e9 des informations diffus\u00e9es. En cons\u00e9quence, l&#8217;internaute doit s&#8217;assurer de l&#8217;exactitude des informations et signaler toute modification qu&#8217;il jugerait utile. LegalProd n&#8217;est en aucun cas responsable de l&#8217;utilisation faite de ces informations, ni de tout pr\u00e9judice direct ou indirect pouvant en d\u00e9couler.<\/p>\n<h2 style=\"margin-top: 30px; text-align: left;\"><span style=\"color: #132f5e;\">III. ACCESSIBILIT\u00c9<\/span><\/h2>\n<p>Le site www.legalprod.com est par principe accessible aux utilisateurs 24h\/24, 7j\/7, sauf interruption, programm\u00e9e ou non, pour les besoins de sa maintenance ou en cas de force majeure. N&#8217;\u00e9tant soumis qu&#8217;\u00e0 une obligation de moyen, LegalProd ne saurait \u00eatre tenu pour responsable de tout dommage r\u00e9sultant d&#8217;une indisponibilit\u00e9 du service.<\/p>\n<h2 style=\"margin-top: 30px; text-align: left;\"><span style=\"color: #132f5e;\">IV. PROPRI\u00c9T\u00c9 INTELLECTUELLE<\/span><\/h2>\n<p>LegalProd est propri\u00e9taire exclusif de tous les droits de propri\u00e9t\u00e9 intellectuelle ou d\u00e9tient les droits d&#8217;usage sur tous les \u00e9l\u00e9ments accessibles sur le site, tant sur la structure que sur les textes, images, graphismes, logo, ic\u00f4nes, sons, logiciels.<\/p>\n<p>Toute reproduction totale ou partielle du site www.legalprod.com, repr\u00e9sentation, modification, publication ou adaptation totale ou partielle de l&#8217;un quelconque de ces \u00e9l\u00e9ments est interdite, sauf autorisation \u00e9crite pr\u00e9alable de LegalProd. \u00c0 d\u00e9faut, elle sera consid\u00e9r\u00e9e comme constitutive d&#8217;une contrefa\u00e7on et passible de poursuite conform\u00e9ment aux dispositions des articles L.335-2 et suivants du Code de la propri\u00e9t\u00e9 intellectuelle.<\/p>\n<h2 style=\"margin-top: 30px; text-align: left;\"><span style=\"color: #132f5e;\">V. LIENS HYPERTEXTES ET COOKIES<\/span><\/h2>\n<h3><span style=\"color: #132f5e;\">5.1. Liens hypertextes<\/span><\/h3>\n<p>Le site www.legalprod.com peut contenir un certain nombre de liens hypertextes vers d&#8217;autres sites. LegalProd ne dispose d&#8217;aucun moyen pour contr\u00f4ler les sites en connexion avec son site internet et ne r\u00e9pond pas de la disponibilit\u00e9 de tels sites et sources externes. LegalProd ne peut \u00eatre tenue pour responsable de tout dommage r\u00e9sultant du contenu de ces sites ou sources externes.<\/p>\n<p>Les propri\u00e9taires de sites internet tiers ne peuvent mettre en place un hyperlien en direction de ce site sans l&#8217;autorisation expresse et pr\u00e9alable de LegalProd.<\/p>\n<h3><span style=\"color: #132f5e;\">5.2. Cookies<\/span><\/h3>\n<p>L&#8217;utilisateur est inform\u00e9 que lors de ses visites sur le site www.legalprod.com, un ou des cookies sont susceptibles de s&#8217;installer automatiquement sur son ordinateur par l&#8217;interm\u00e9diaire de son logiciel de navigation. Un cookie est un bloc de donn\u00e9es qui ne permet pas d&#8217;identifier l&#8217;utilisateur, mais qui enregistre des informations relatives \u00e0 la navigation sur le site. Le param\u00e9trage du logiciel de navigation permet d&#8217;informer de la pr\u00e9sence de cookies et, le cas \u00e9ch\u00e9ant, de les refuser, dans les conditions d\u00e9crites \u00e0 l&#8217;adresse suivante : www.cnil.fr.<\/p>\n<h3><span style=\"color: #132f5e;\">5.3. Cookies tiers<\/span><\/h3>\n<p>Notre site peut contenir des liens vers ou depuis des sites partenaires et d&#8217;autres sites tiers. Chacun de ces sites poss\u00e8de sa propre politique de confidentialit\u00e9, et la responsabilit\u00e9 de LegalProd s&#8217;arr\u00eate au moment o\u00f9 vous quittez le site www.legalprod.com. Il est recommand\u00e9 de v\u00e9rifier les politiques de confidentialit\u00e9 des sites tiers avant de leur transmettre des donn\u00e9es personnelles.<\/p>\n<h2 style=\"margin-top: 30px; text-align: left;\"><span style=\"color: #132f5e;\">VI. PROTECTION DES BIENS ET DES PERSONNES &#8211; GESTION DES DONN\u00c9ES PERSONNELLES<\/span><\/h2>\n<p>Le Client est inform\u00e9 des r\u00e9glementations concernant la communication marketing, la loi du 21 juin 2014 pour la confiance dans l&#8217;\u00e9conomie num\u00e9rique, la loi Informatique et Libert\u00e9 du 6 ao\u00fbt 2004 ainsi que du R\u00e8glement G\u00e9n\u00e9ral sur la Protection des Donn\u00e9es (RGPD : n\u00b0 2016\/679).<\/p>\n<h3><span style=\"color: #132f5e;\">6.1. Responsables de la collecte des donn\u00e9es personnelles<\/span><\/h3>\n<p>Pour les donn\u00e9es personnelles collect\u00e9es dans le cadre de la cr\u00e9ation du compte personnel de l&#8217;Utilisateur et de sa navigation sur le site, le responsable du traitement est LegalProd, repr\u00e9sent\u00e9 par son repr\u00e9sentant l\u00e9gal. LegalProd s&#8217;engage \u00e0 respecter le cadre des dispositions l\u00e9gales en vigueur et prend toutes les mesures raisonnables pour s&#8217;assurer de l&#8217;exactitude et de la pertinence des donn\u00e9es personnelles au regard des finalit\u00e9s pour lesquelles elles sont trait\u00e9es.<\/p>\n<h3><span style=\"color: #132f5e;\">6.2. Finalit\u00e9 des donn\u00e9es collect\u00e9es<\/span><\/h3>\n<p>LegalProd est susceptible de traiter tout ou partie des donn\u00e9es dans les finalit\u00e9s suivantes :<\/p>\n<ul>\n<li>permettre la navigation sur le site et la connexion \u00e0 l&#8217;espace priv\u00e9 par l&#8217;Utilisateur ;<\/li>\n<li>pr\u00e9venir et lutter contre la fraude informatique (spamming, hacking, etc.) ;<\/li>\n<li>am\u00e9liorer la navigation sur le site.<\/li>\n<\/ul>\n<p>LegalProd ne commercialise pas les donn\u00e9es personnelles, qui sont uniquement utilis\u00e9es par n\u00e9cessit\u00e9 ou \u00e0 des fins statistiques et d&#8217;analyses.<\/p>\n<h2 style=\"margin-top: 30px; text-align: left;\"><span style=\"color: #132f5e;\">VII. INTELLIGENCE ARTIFICIELLE &#8211; TRAITEMENT DES DONN\u00c9ES DANS LEGALPROD<\/span><\/h2>\n<h3><span style=\"color: #132f5e;\">7.1. Infrastructure et cloisonnement<\/span><\/h3>\n<p>Dans le cadre du Service LegalProd, les technologies d&#8217;intelligence artificielle g\u00e9n\u00e9rative sont h\u00e9berg\u00e9es sur l&#8217;infrastructure s\u00e9curis\u00e9e Google Cloud Vertex AI (incluant les mod\u00e8les d&#8217;Anthropic). Les donn\u00e9es saisies par l&#8217;Utilisateur et les documents g\u00e9n\u00e9r\u00e9s sont trait\u00e9s dans un environnement strictement cloisonn\u00e9, localis\u00e9 sur des serveurs europ\u00e9ens.<\/p>\n<h3><span style=\"color: #132f5e;\">7.2. Non-entra\u00eenement et non-conservation des donn\u00e9es<\/span><\/h3>\n<p>LegalProd garantit qu&#8217;aucune donn\u00e9e saisie par l&#8217;Utilisateur n&#8217;est utilis\u00e9e pour entra\u00eener, affiner ou am\u00e9liorer les mod\u00e8les d&#8217;intelligence artificielle fondateurs. Le Service est configur\u00e9 en mode \u00ab Zero Data Retention \u00bb : les requ\u00eates et r\u00e9sultats ne sont ni stock\u00e9s de mani\u00e8re permanente, ni journalis\u00e9s, ni analys\u00e9s par le fournisseur de l&#8217;infrastructure Cloud.<\/p>\n<h3><span style=\"color: #132f5e;\">7.3. Nature du service IA et absence de conseil juridique<\/span><\/h3>\n<p>L&#8217;intelligence artificielle int\u00e9gr\u00e9e au Service constitue un outil d&#8217;aide \u00e0 la recherche et \u00e0 l&#8217;analyse documentaire. Les r\u00e9sultats g\u00e9n\u00e9r\u00e9s sont fournis \u00e0 titre purement informatif \u00e0 partir d&#8217;une base de donn\u00e9es juridique propri\u00e9taire v\u00e9rifi\u00e9e. Ils ne constituent pas une consultation juridique et ne sauraient se substituer aux conseils d&#8217;un professionnel du droit d\u00fbment qualifi\u00e9. L&#8217;Utilisateur demeure seul responsable de l&#8217;interpr\u00e9tation et de l&#8217;utilisation de ces r\u00e9sultats.<\/p>\n<h2 style=\"margin-top: 30px; text-align: left;\"><span style=\"color: #132f5e;\">VIII. LIMITATION DE RESPONSABILIT\u00c9S<\/span><\/h2>\n<p>Les informations contenues sur ce site sont aussi pr\u00e9cises que possible et le site est p\u00e9riodiquement remis \u00e0 jour, mais peut toutefois contenir des inexactitudes, des omissions ou des lacunes. www.legalprod.com ne peut pas \u00eatre tenu responsable des lacunes, erreurs ou dysfonctionnements engendr\u00e9s.<\/p>\n<p>Tout contenu t\u00e9l\u00e9charg\u00e9 se fait aux risques et p\u00e9rils de l&#8217;Utilisateur et sous sa seule responsabilit\u00e9. LegalProd ne saurait \u00eatre tenu responsable d&#8217;un quelconque dommage subi par le mat\u00e9riel informatique de l&#8217;Utilisateur ou d&#8217;une quelconque perte de donn\u00e9es cons\u00e9cutives au t\u00e9l\u00e9chargement.<\/p>\n<p>Les liens hypertextes mis en place dans le cadre du pr\u00e9sent site en direction d&#8217;autres ressources pr\u00e9sentes sur le r\u00e9seau Internet ne sauraient engager la responsabilit\u00e9 de LegalProd.<\/p>\n<h3><span style=\"color: #132f5e;\">\u00c0 propos des mentions l\u00e9gales<\/span><\/h3>\n<p>Les mentions l\u00e9gales d\u00e9finies sur cette page s&#8217;appliquent \u00e0 l&#8217;ensemble du pr\u00e9sent site internet et sont susceptibles d&#8217;\u00e9voluer sans pr\u00e9avis. L&#8217;Utilisateur est invit\u00e9 \u00e0 les consulter r\u00e9guli\u00e8rement afin d&#8217;en prendre connaissance.<\/p>\n<p>[\/et_pb_text][\/et_pb_column][\/et_pb_row][\/et_pb_section]<\/p>\n","protected":false},"excerpt":{"rendered":"<p>Mentions l\u00e9galesDerni\u00e8re mise \u00e0 jour : 20\/04\/2026 Conform\u00e9ment aux dispositions des articles 6-III et 19 de la Loi n\u00b0 2004-575 du 21 juin 2004 pour la Confiance dans l&#8217;\u00e9conomie num\u00e9rique (LCEN), nous portons \u00e0 la connaissance des utilisateurs et visiteurs du site https:\/\/www.legalprod.com les informations suivantes. I. INFORMATIONS L\u00c9GALES 1.1. \u00c9diteur du site Raison sociale [&hellip;]<\/p>\n","protected":false},"author":1,"featured_media":0,"parent":0,"menu_order":0,"comment_status":"closed","ping_status":"open","template":"","meta":{"_et_pb_use_builder":"on","_et_pb_old_content":"","_et_gb_content_width":"","_monsterinsights_skip_tracking":false,"_monsterinsights_sitenote_active":false,"_monsterinsights_sitenote_note":"","_monsterinsights_sitenote_category":0,"footnotes":""},"class_list":["post-5698","page","type-page","status-publish","hentry"],"yoast_head":"<!-- This site is optimized with the Yoast SEO plugin v27.5 - https:\/\/yoast.com\/product\/yoast-seo-wordpress\/ -->\n<title>Rechtliche Hinweise | Anwaltssoftware LegalProd<\/title>\n<meta name=\"robots\" content=\"index, follow, max-snippet:-1, max-image-preview:large, max-video-preview:-1\" \/>\n<link rel=\"canonical\" href=\"https:\/\/www.legalprod.com\/de\/rechtliche-hinweise\/\" \/>\n<meta property=\"og:locale\" content=\"de_DE\" \/>\n<meta property=\"og:type\" content=\"article\" \/>\n<meta property=\"og:title\" content=\"Rechtliche Hinweise | Anwaltssoftware LegalProd\" \/>\n<meta property=\"og:description\" content=\"Mentions l\u00e9galesDerni\u00e8re mise \u00e0 jour : 20\/04\/2026 Conform\u00e9ment aux dispositions des articles 6-III et 19 de la Loi n\u00b0 2004-575 du 21 juin 2004 pour la Confiance dans l&#039;\u00e9conomie num\u00e9rique (LCEN), nous portons \u00e0 la connaissance des utilisateurs et visiteurs du site https:\/\/www.legalprod.com les informations suivantes. I. INFORMATIONS L\u00c9GALES 1.1. \u00c9diteur du site Raison sociale [&hellip;]\" \/>\n<meta property=\"og:url\" content=\"https:\/\/www.legalprod.com\/de\/rechtliche-hinweise\/\" \/>\n<meta property=\"og:site_name\" content=\"LEGALPROD\" \/>\n<meta property=\"article:modified_time\" content=\"2026-04-21T09:36:49+00:00\" \/>\n<meta name=\"twitter:card\" content=\"summary_large_image\" \/>\n<meta name=\"twitter:label1\" content=\"Gesch\u00e4tzte Lesezeit\" \/>\n\t<meta name=\"twitter:data1\" content=\"8\u00a0Minuten\" \/>\n<script type=\"application\/ld+json\" class=\"yoast-schema-graph\">{\"@context\":\"https:\\\/\\\/schema.org\",\"@graph\":[{\"@type\":\"WebPage\",\"@id\":\"https:\\\/\\\/www.legalprod.com\\\/de\\\/rechtliche-hinweise\\\/\",\"url\":\"https:\\\/\\\/www.legalprod.com\\\/de\\\/rechtliche-hinweise\\\/\",\"name\":\"Rechtliche Hinweise | Anwaltssoftware LegalProd\",\"isPartOf\":{\"@id\":\"https:\\\/\\\/www.legalprod.com\\\/de\\\/#website\"},\"datePublished\":\"2023-02-16T16:19:12+00:00\",\"dateModified\":\"2026-04-21T09:36:49+00:00\",\"breadcrumb\":{\"@id\":\"https:\\\/\\\/www.legalprod.com\\\/de\\\/rechtliche-hinweise\\\/#breadcrumb\"},\"inLanguage\":\"de\",\"potentialAction\":[{\"@type\":\"ReadAction\",\"target\":[\"https:\\\/\\\/www.legalprod.com\\\/de\\\/rechtliche-hinweise\\\/\"]}]},{\"@type\":\"BreadcrumbList\",\"@id\":\"https:\\\/\\\/www.legalprod.com\\\/de\\\/rechtliche-hinweise\\\/#breadcrumb\",\"itemListElement\":[{\"@type\":\"ListItem\",\"position\":1,\"name\":\"Accueil\",\"item\":\"https:\\\/\\\/www.legalprod.com\\\/de\\\/\"},{\"@type\":\"ListItem\",\"position\":2,\"name\":\"Rechtliche Hinweise\"}]},{\"@type\":\"WebSite\",\"@id\":\"https:\\\/\\\/www.legalprod.com\\\/de\\\/#website\",\"url\":\"https:\\\/\\\/www.legalprod.com\\\/de\\\/\",\"name\":\"LEGALPROD\",\"description\":\"La plateforme intelligente des avocats performants\",\"publisher\":{\"@id\":\"https:\\\/\\\/www.legalprod.com\\\/de\\\/#organization\"},\"potentialAction\":[{\"@type\":\"SearchAction\",\"target\":{\"@type\":\"EntryPoint\",\"urlTemplate\":\"https:\\\/\\\/www.legalprod.com\\\/de\\\/?s={search_term_string}\"},\"query-input\":{\"@type\":\"PropertyValueSpecification\",\"valueRequired\":true,\"valueName\":\"search_term_string\"}}],\"inLanguage\":\"de\"},{\"@type\":\"Organization\",\"@id\":\"https:\\\/\\\/www.legalprod.com\\\/de\\\/#organization\",\"name\":\"LEGALPROD\",\"url\":\"https:\\\/\\\/www.legalprod.com\\\/de\\\/\",\"logo\":{\"@type\":\"ImageObject\",\"inLanguage\":\"de\",\"@id\":\"https:\\\/\\\/www.legalprod.com\\\/de\\\/#\\\/schema\\\/logo\\\/image\\\/\",\"url\":\"https:\\\/\\\/www.legalprod.com\\\/wp-content\\\/uploads\\\/2022\\\/11\\\/legalprod.png\",\"contentUrl\":\"https:\\\/\\\/www.legalprod.com\\\/wp-content\\\/uploads\\\/2022\\\/11\\\/legalprod.png\",\"width\":420,\"height\":127,\"caption\":\"LEGALPROD\"},\"image\":{\"@id\":\"https:\\\/\\\/www.legalprod.com\\\/de\\\/#\\\/schema\\\/logo\\\/image\\\/\"},\"sameAs\":[\"https:\\\/\\\/www.linkedin.com\\\/company\\\/legalprod\"]}]}<\/script>\n<!-- \/ Yoast SEO plugin. -->","yoast_head_json":{"title":"Rechtliche Hinweise | Anwaltssoftware LegalProd","robots":{"index":"index","follow":"follow","max-snippet":"max-snippet:-1","max-image-preview":"max-image-preview:large","max-video-preview":"max-video-preview:-1"},"canonical":"https:\/\/www.legalprod.com\/de\/rechtliche-hinweise\/","og_locale":"de_DE","og_type":"article","og_title":"Rechtliche Hinweise | Anwaltssoftware LegalProd","og_description":"Mentions l\u00e9galesDerni\u00e8re mise \u00e0 jour : 20\/04\/2026 Conform\u00e9ment aux dispositions des articles 6-III et 19 de la Loi n\u00b0 2004-575 du 21 juin 2004 pour la Confiance dans l'\u00e9conomie num\u00e9rique (LCEN), nous portons \u00e0 la connaissance des utilisateurs et visiteurs du site https:\/\/www.legalprod.com les informations suivantes. I. INFORMATIONS L\u00c9GALES 1.1. \u00c9diteur du site Raison sociale [&hellip;]","og_url":"https:\/\/www.legalprod.com\/de\/rechtliche-hinweise\/","og_site_name":"LEGALPROD","article_modified_time":"2026-04-21T09:36:49+00:00","twitter_card":"summary_large_image","twitter_misc":{"Gesch\u00e4tzte Lesezeit":"8\u00a0Minuten"},"schema":{"@context":"https:\/\/schema.org","@graph":[{"@type":"WebPage","@id":"https:\/\/www.legalprod.com\/de\/rechtliche-hinweise\/","url":"https:\/\/www.legalprod.com\/de\/rechtliche-hinweise\/","name":"Rechtliche Hinweise | Anwaltssoftware LegalProd","isPartOf":{"@id":"https:\/\/www.legalprod.com\/de\/#website"},"datePublished":"2023-02-16T16:19:12+00:00","dateModified":"2026-04-21T09:36:49+00:00","breadcrumb":{"@id":"https:\/\/www.legalprod.com\/de\/rechtliche-hinweise\/#breadcrumb"},"inLanguage":"de","potentialAction":[{"@type":"ReadAction","target":["https:\/\/www.legalprod.com\/de\/rechtliche-hinweise\/"]}]},{"@type":"BreadcrumbList","@id":"https:\/\/www.legalprod.com\/de\/rechtliche-hinweise\/#breadcrumb","itemListElement":[{"@type":"ListItem","position":1,"name":"Accueil","item":"https:\/\/www.legalprod.com\/de\/"},{"@type":"ListItem","position":2,"name":"Rechtliche Hinweise"}]},{"@type":"WebSite","@id":"https:\/\/www.legalprod.com\/de\/#website","url":"https:\/\/www.legalprod.com\/de\/","name":"LEGALPROD","description":"La plateforme intelligente des avocats performants","publisher":{"@id":"https:\/\/www.legalprod.com\/de\/#organization"},"potentialAction":[{"@type":"SearchAction","target":{"@type":"EntryPoint","urlTemplate":"https:\/\/www.legalprod.com\/de\/?s={search_term_string}"},"query-input":{"@type":"PropertyValueSpecification","valueRequired":true,"valueName":"search_term_string"}}],"inLanguage":"de"},{"@type":"Organization","@id":"https:\/\/www.legalprod.com\/de\/#organization","name":"LEGALPROD","url":"https:\/\/www.legalprod.com\/de\/","logo":{"@type":"ImageObject","inLanguage":"de","@id":"https:\/\/www.legalprod.com\/de\/#\/schema\/logo\/image\/","url":"https:\/\/www.legalprod.com\/wp-content\/uploads\/2022\/11\/legalprod.png","contentUrl":"https:\/\/www.legalprod.com\/wp-content\/uploads\/2022\/11\/legalprod.png","width":420,"height":127,"caption":"LEGALPROD"},"image":{"@id":"https:\/\/www.legalprod.com\/de\/#\/schema\/logo\/image\/"},"sameAs":["https:\/\/www.linkedin.com\/company\/legalprod"]}]}},"_links":{"self":[{"href":"https:\/\/www.legalprod.com\/de\/wp-json\/wp\/v2\/pages\/5698","targetHints":{"allow":["GET"]}}],"collection":[{"href":"https:\/\/www.legalprod.com\/de\/wp-json\/wp\/v2\/pages"}],"about":[{"href":"https:\/\/www.legalprod.com\/de\/wp-json\/wp\/v2\/types\/page"}],"author":[{"embeddable":true,"href":"https:\/\/www.legalprod.com\/de\/wp-json\/wp\/v2\/users\/1"}],"replies":[{"embeddable":true,"href":"https:\/\/www.legalprod.com\/de\/wp-json\/wp\/v2\/comments?post=5698"}],"version-history":[{"count":5,"href":"https:\/\/www.legalprod.com\/de\/wp-json\/wp\/v2\/pages\/5698\/revisions"}],"predecessor-version":[{"id":21869,"href":"https:\/\/www.legalprod.com\/de\/wp-json\/wp\/v2\/pages\/5698\/revisions\/21869"}],"wp:attachment":[{"href":"https:\/\/www.legalprod.com\/de\/wp-json\/wp\/v2\/media?parent=5698"}],"curies":[{"name":"wp","href":"https:\/\/api.w.org\/{rel}","templated":true}]}}