 {"id":10811,"date":"2024-07-12T16:25:28","date_gmt":"2024-07-12T14:25:28","guid":{"rendered":"https:\/\/www.legalprod.com\/desarrollador-symfony-vuejs-h-f\/"},"modified":"2024-07-26T17:06:29","modified_gmt":"2024-07-26T15:06:29","slug":"desarrollador-symfony-vuejs-h-f","status":"publish","type":"page","link":"https:\/\/www.legalprod.com\/es\/desarrollador-symfony-vuejs-h-f\/","title":{"rendered":"Desarrollador Symfony + VueJS H\/F"},"content":{"rendered":"<p>[et_pb_section fb_built=&#8221;1&#8243; custom_padding_last_edited=&#8221;on|tablet&#8221; _builder_version=&#8221;4.23.1&#8243; _module_preset=&#8221;default&#8221; background_color=&#8221;#5233ff&#8221; z_index=&#8221;1&#8243; custom_padding=&#8221;205px||210px||false|false&#8221; custom_padding_tablet=&#8221;175px||150px||false|false&#8221; custom_padding_phone=&#8221;175px||150px||false|false&#8221; global_colors_info=&#8221;{}&#8221;][et_pb_row column_structure=&#8221;1_2,1_2&#8243; use_custom_gutter=&#8221;on&#8221; gutter_width=&#8221;1&#8243; _builder_version=&#8221;4.23.1&#8243; _module_preset=&#8221;default&#8221; max_width=&#8221;1200px&#8221; module_alignment=&#8221;center&#8221; custom_padding=&#8221;||0px|||&#8221; global_colors_info=&#8221;{}&#8221;][et_pb_column type=&#8221;1_2&#8243; _builder_version=&#8221;4.23.1&#8243; _module_preset=&#8221;default&#8221; global_colors_info=&#8221;{}&#8221;][et_pb_text _builder_version=&#8221;4.23.1&#8243; _module_preset=&#8221;default&#8221; text_font=&#8221;Poppins||||||||&#8221; text_text_color=&#8221;#020000&#8243; text_font_size=&#8221;73px&#8221; text_line_height=&#8221;117.2%&#8221; header_font=&#8221;Poppins||||||||&#8221; header_text_color=&#8221;#ffffff&#8221; header_font_size=&#8221;45px&#8221; header_line_height=&#8221;130%&#8221; custom_padding=&#8221;||20px||false|false&#8221; header_font_size_tablet=&#8221;35px&#8221; header_font_size_phone=&#8221;35px&#8221; header_font_size_last_edited=&#8221;on|tablet&#8221; global_colors_info=&#8221;{}&#8221;]<\/p>\n<h1>Desarrollador Symfony + VueJS H\/F<\/h1>\n<p>[\/et_pb_text][\/et_pb_column][et_pb_column type=&#8221;1_2&#8243; _builder_version=&#8221;4.23.1&#8243; _module_preset=&#8221;default&#8221; global_colors_info=&#8221;{}&#8221;][et_pb_icon font_icon=&#8221;&#xf120;||fa||900&#8243; icon_color=&#8221;#FFFFFF&#8221; _builder_version=&#8221;4.23.1&#8243; _module_preset=&#8221;default&#8221; custom_margin=&#8221;15px||||false|false&#8221; hover_enabled=&#8221;0&#8243; global_colors_info=&#8221;{}&#8221; disabled_on=&#8221;on|on|off&#8221; sticky_enabled=&#8221;0&#8243;][\/et_pb_icon][\/et_pb_column][\/et_pb_row][et_pb_row _builder_version=&#8221;4.23.1&#8243; _module_preset=&#8221;default&#8221; max_width=&#8221;1200px&#8221; global_colors_info=&#8221;{}&#8221;][et_pb_column type=&#8221;4_4&#8243; _builder_version=&#8221;4.23.1&#8243; _module_preset=&#8221;default&#8221; global_colors_info=&#8221;{}&#8221;][et_pb_text _builder_version=&#8221;4.23.1&#8243; _module_preset=&#8221;default&#8221; text_font=&#8221;Poppins||||||||&#8221; text_text_color=&#8221;#FFFFFF&#8221; text_font_size=&#8221;17px&#8221; custom_padding=&#8221;||10px||false|false&#8221; global_colors_info=&#8221;{}&#8221;]<\/p>\n<p>Par\u00eds &#8211; Contrato indefinido<\/p>\n<p>Funciones del puesto :<\/p>\n<p><span style=\"text-decoration: underline;\"><strong>\u00bfTus tareas?<\/strong><\/span><\/p>\n<p>Como parte de nuestro equipo, trabajar\u00e1s en un proyecto de desarrollo de software para bufetes de abogados.<\/p>\n<p>Como Ingeniero Desarrollador Symfony + VueJS (H\/M), ser\u00e1s responsable de las siguientes tareas :<\/p>\n<ul>\n<li>El desarrollo de funcionalidades Front-End y Back-End de acuerdo con las especificaciones definidas;<\/li>\n<li>Revisi\u00f3n del c\u00f3digo en colaboraci\u00f3n con otros miembros del equipo;<\/li>\n<li>Redacci\u00f3n de pruebas unitarias y funcionales para garantizar la calidad del ;<\/li>\n<li>Industrializaci\u00f3n de desarrollos a trav\u00e9s de nuestro PIC ;<\/li>\n<li>Participaci\u00f3n en ceremonias \u00e1giles: Reuni\u00f3n Scrum Diaria, Revisi\u00f3n de Sprint, Retrospectiva de Sprint y P\u00f3quer de Planificaci\u00f3n.<\/li>\n<\/ul>\n<p>&nbsp;<\/p>\n<p><span style=\"text-decoration: underline;\"><strong>La pila t\u00e9cnica :<\/strong><\/span><\/p>\n<ul>\n<li>Imperativo: VueJS, Symfony<\/li>\n<li>Popular: NodeJS, ReactJS<\/li>\n<li>Base de datos: MySQL y PostgreSQL<\/li>\n<li>Herramientas: Git, Jenkins, Jira<\/li>\n<\/ul>\n<p>&nbsp;<\/p>\n<p><span style=\"text-decoration: underline;\"><strong>Perfil requerido:<\/strong><\/span><\/p>\n<p>\u00bfQu\u00e9 pasa? \u00bfListo para aceptar el reto?<\/p>\n<p>No dudes en presentarte si te reconoces:<\/p>\n<ul>\n<li>Tienes una titulaci\u00f3n de 5 a\u00f1os (m\u00e1ster o escuela de ingenier\u00eda) y al menos 1 a\u00f1o de experiencia en desarrollo front-end con VueJS y desarrollo back-end con Symfony.<\/li>\n<li>Disfrutas descubriendo nuevos contextos funcionales y comprendiendo los objetivos de las aplicaciones que desarrollas.<\/li>\n<li>A gusto en una organizaci\u00f3n \u00e1gil, demostrar\u00e1s rigor y aplicar\u00e1s normas de calidad en todo el proceso de desarrollo.<\/li>\n<\/ul>\n<p>Adem\u00e1s de tus aptitudes t\u00e9cnicas, tambi\u00e9n nos interesan tu potencial y tu motivaci\u00f3n.<\/p>\n<p>Nuestros puestos est\u00e1n abiertos a personas con discapacidad.<\/p>\n<p>Env\u00eda tu CV a cyril.maucour@gmail.com o contact@legalprod.com<\/p>\n<p>[\/et_pb_text][\/et_pb_column][\/et_pb_row][et_pb_row _builder_version=&#8221;4.23.1&#8243; _module_preset=&#8221;default&#8221; max_width=&#8221;1200px&#8221; custom_padding=&#8221;5px||5px||true|false&#8221; global_colors_info=&#8221;{}&#8221;][et_pb_column type=&#8221;4_4&#8243; _builder_version=&#8221;4.23.1&#8243; _module_preset=&#8221;default&#8221; global_colors_info=&#8221;{}&#8221;][et_pb_button button_url=&#8221;mailto:contact@legalprod.com&#8221; button_text=&#8221;Contacta con nosotros&#8221; button_alignment=&#8221;left&#8221; _builder_version=&#8221;4.23.1&#8243; _module_preset=&#8221;default&#8221; custom_button=&#8221;on&#8221; button_text_color=&#8221;#5233ff&#8221; button_bg_color=&#8221;#FFFFFF&#8221; button_border_width=&#8221;0px&#8221; button_border_color=&#8221;RGBA(255,255,255,0)&#8221; button_border_radius=&#8221;25px&#8221; button_icon=&#8221;&#x35;||divi||400&#8243; custom_margin=&#8221;||||false|false&#8221; global_colors_info=&#8221;{}&#8221; button_bg_color__hover_enabled=&#8221;on|hover&#8221; button_bg_color__hover=&#8221;#FFFFFF&#8221; button_bg_enable_color__hover=&#8221;on&#8221; button_text_color__hover_enabled=&#8221;on|hover&#8221; button_text_color__hover=&#8221;#000000&#8243;][\/et_pb_button][\/et_pb_column][\/et_pb_row][\/et_pb_section]<\/p>\n","protected":false},"excerpt":{"rendered":"<p>Desarrollador Symfony + VueJS H\/F Par\u00eds &#8211; Contrato indefinido Funciones del puesto : \u00bfTus tareas? Como parte de nuestro equipo, trabajar\u00e1s en un proyecto de desarrollo de software para bufetes de abogados. Como Ingeniero Desarrollador Symfony + VueJS (H\/M), ser\u00e1s responsable de las siguientes tareas : El desarrollo de funcionalidades Front-End y Back-End de acuerdo [&hellip;]<\/p>\n","protected":false},"author":3,"featured_media":0,"parent":0,"menu_order":0,"comment_status":"closed","ping_status":"closed","template":"","meta":{"_et_pb_use_builder":"on","_et_pb_old_content":"","_et_gb_content_width":"","_monsterinsights_skip_tracking":false,"_monsterinsights_sitenote_active":false,"_monsterinsights_sitenote_note":"","_monsterinsights_sitenote_category":0,"footnotes":""},"class_list":["post-10811","page","type-page","status-publish","hentry"],"yoast_head":"<!-- This site is optimized with the Yoast SEO plugin v27.4 - https:\/\/yoast.com\/product\/yoast-seo-wordpress\/ -->\n<title>Desarrollador Symfony + VueJS H\/F - LEGALPROD<\/title>\n<meta name=\"robots\" content=\"noindex, nofollow\" \/>\n<meta property=\"og:locale\" content=\"es_ES\" \/>\n<meta property=\"og:type\" content=\"article\" \/>\n<meta property=\"og:title\" content=\"Desarrollador Symfony + VueJS H\/F - LEGALPROD\" \/>\n<meta property=\"og:description\" content=\"Desarrollador Symfony + VueJS H\/F Par\u00eds - Contrato indefinido Funciones del puesto : \u00bfTus tareas? Como parte de nuestro equipo, trabajar\u00e1s en un proyecto de desarrollo de software para bufetes de abogados. Como Ingeniero Desarrollador Symfony + VueJS (H\/M), ser\u00e1s responsable de las siguientes tareas : El desarrollo de funcionalidades Front-End y Back-End de acuerdo [&hellip;]\" \/>\n<meta property=\"og:url\" content=\"https:\/\/www.legalprod.com\/es\/desarrollador-symfony-vuejs-h-f\/\" \/>\n<meta property=\"og:site_name\" content=\"LEGALPROD\" \/>\n<meta property=\"article:modified_time\" content=\"2024-07-26T15:06:29+00:00\" \/>\n<meta name=\"twitter:card\" content=\"summary_large_image\" \/>\n<meta name=\"twitter:label1\" content=\"Tiempo de lectura\" \/>\n\t<meta name=\"twitter:data1\" content=\"3 minutos\" \/>\n<script type=\"application\/ld+json\" class=\"yoast-schema-graph\">{\"@context\":\"https:\\\/\\\/schema.org\",\"@graph\":[{\"@type\":\"WebPage\",\"@id\":\"https:\\\/\\\/www.legalprod.com\\\/es\\\/desarrollador-symfony-vuejs-h-f\\\/\",\"url\":\"https:\\\/\\\/www.legalprod.com\\\/es\\\/desarrollador-symfony-vuejs-h-f\\\/\",\"name\":\"Desarrollador Symfony + VueJS H\\\/F - LEGALPROD\",\"isPartOf\":{\"@id\":\"https:\\\/\\\/www.legalprod.com\\\/es\\\/#website\"},\"datePublished\":\"2024-07-12T14:25:28+00:00\",\"dateModified\":\"2024-07-26T15:06:29+00:00\",\"breadcrumb\":{\"@id\":\"https:\\\/\\\/www.legalprod.com\\\/es\\\/desarrollador-symfony-vuejs-h-f\\\/#breadcrumb\"},\"inLanguage\":\"es\",\"potentialAction\":[{\"@type\":\"ReadAction\",\"target\":[\"https:\\\/\\\/www.legalprod.com\\\/es\\\/desarrollador-symfony-vuejs-h-f\\\/\"]}]},{\"@type\":\"BreadcrumbList\",\"@id\":\"https:\\\/\\\/www.legalprod.com\\\/es\\\/desarrollador-symfony-vuejs-h-f\\\/#breadcrumb\",\"itemListElement\":[{\"@type\":\"ListItem\",\"position\":1,\"name\":\"Accueil\",\"item\":\"https:\\\/\\\/www.legalprod.com\\\/es\\\/\"},{\"@type\":\"ListItem\",\"position\":2,\"name\":\"Desarrollador Symfony + VueJS H\\\/F\"}]},{\"@type\":\"WebSite\",\"@id\":\"https:\\\/\\\/www.legalprod.com\\\/es\\\/#website\",\"url\":\"https:\\\/\\\/www.legalprod.com\\\/es\\\/\",\"name\":\"LEGALPROD\",\"description\":\"La plateforme intelligente des avocats performants\",\"publisher\":{\"@id\":\"https:\\\/\\\/www.legalprod.com\\\/es\\\/#organization\"},\"potentialAction\":[{\"@type\":\"SearchAction\",\"target\":{\"@type\":\"EntryPoint\",\"urlTemplate\":\"https:\\\/\\\/www.legalprod.com\\\/es\\\/?s={search_term_string}\"},\"query-input\":{\"@type\":\"PropertyValueSpecification\",\"valueRequired\":true,\"valueName\":\"search_term_string\"}}],\"inLanguage\":\"es\"},{\"@type\":\"Organization\",\"@id\":\"https:\\\/\\\/www.legalprod.com\\\/es\\\/#organization\",\"name\":\"LEGALPROD\",\"url\":\"https:\\\/\\\/www.legalprod.com\\\/es\\\/\",\"logo\":{\"@type\":\"ImageObject\",\"inLanguage\":\"es\",\"@id\":\"https:\\\/\\\/www.legalprod.com\\\/es\\\/#\\\/schema\\\/logo\\\/image\\\/\",\"url\":\"https:\\\/\\\/www.legalprod.com\\\/wp-content\\\/uploads\\\/2022\\\/11\\\/legalprod.png\",\"contentUrl\":\"https:\\\/\\\/www.legalprod.com\\\/wp-content\\\/uploads\\\/2022\\\/11\\\/legalprod.png\",\"width\":420,\"height\":127,\"caption\":\"LEGALPROD\"},\"image\":{\"@id\":\"https:\\\/\\\/www.legalprod.com\\\/es\\\/#\\\/schema\\\/logo\\\/image\\\/\"},\"sameAs\":[\"https:\\\/\\\/www.linkedin.com\\\/company\\\/legalprod\"]}]}<\/script>\n<!-- \/ Yoast SEO plugin. -->","yoast_head_json":{"title":"Desarrollador Symfony + VueJS H\/F - LEGALPROD","robots":{"index":"noindex","follow":"nofollow"},"og_locale":"es_ES","og_type":"article","og_title":"Desarrollador Symfony + VueJS H\/F - LEGALPROD","og_description":"Desarrollador Symfony + VueJS H\/F Par\u00eds - Contrato indefinido Funciones del puesto : \u00bfTus tareas? Como parte de nuestro equipo, trabajar\u00e1s en un proyecto de desarrollo de software para bufetes de abogados. Como Ingeniero Desarrollador Symfony + VueJS (H\/M), ser\u00e1s responsable de las siguientes tareas : El desarrollo de funcionalidades Front-End y Back-End de acuerdo [&hellip;]","og_url":"https:\/\/www.legalprod.com\/es\/desarrollador-symfony-vuejs-h-f\/","og_site_name":"LEGALPROD","article_modified_time":"2024-07-26T15:06:29+00:00","twitter_card":"summary_large_image","twitter_misc":{"Tiempo de lectura":"3 minutos"},"schema":{"@context":"https:\/\/schema.org","@graph":[{"@type":"WebPage","@id":"https:\/\/www.legalprod.com\/es\/desarrollador-symfony-vuejs-h-f\/","url":"https:\/\/www.legalprod.com\/es\/desarrollador-symfony-vuejs-h-f\/","name":"Desarrollador Symfony + VueJS H\/F - LEGALPROD","isPartOf":{"@id":"https:\/\/www.legalprod.com\/es\/#website"},"datePublished":"2024-07-12T14:25:28+00:00","dateModified":"2024-07-26T15:06:29+00:00","breadcrumb":{"@id":"https:\/\/www.legalprod.com\/es\/desarrollador-symfony-vuejs-h-f\/#breadcrumb"},"inLanguage":"es","potentialAction":[{"@type":"ReadAction","target":["https:\/\/www.legalprod.com\/es\/desarrollador-symfony-vuejs-h-f\/"]}]},{"@type":"BreadcrumbList","@id":"https:\/\/www.legalprod.com\/es\/desarrollador-symfony-vuejs-h-f\/#breadcrumb","itemListElement":[{"@type":"ListItem","position":1,"name":"Accueil","item":"https:\/\/www.legalprod.com\/es\/"},{"@type":"ListItem","position":2,"name":"Desarrollador Symfony + VueJS H\/F"}]},{"@type":"WebSite","@id":"https:\/\/www.legalprod.com\/es\/#website","url":"https:\/\/www.legalprod.com\/es\/","name":"LEGALPROD","description":"La plateforme intelligente des avocats performants","publisher":{"@id":"https:\/\/www.legalprod.com\/es\/#organization"},"potentialAction":[{"@type":"SearchAction","target":{"@type":"EntryPoint","urlTemplate":"https:\/\/www.legalprod.com\/es\/?s={search_term_string}"},"query-input":{"@type":"PropertyValueSpecification","valueRequired":true,"valueName":"search_term_string"}}],"inLanguage":"es"},{"@type":"Organization","@id":"https:\/\/www.legalprod.com\/es\/#organization","name":"LEGALPROD","url":"https:\/\/www.legalprod.com\/es\/","logo":{"@type":"ImageObject","inLanguage":"es","@id":"https:\/\/www.legalprod.com\/es\/#\/schema\/logo\/image\/","url":"https:\/\/www.legalprod.com\/wp-content\/uploads\/2022\/11\/legalprod.png","contentUrl":"https:\/\/www.legalprod.com\/wp-content\/uploads\/2022\/11\/legalprod.png","width":420,"height":127,"caption":"LEGALPROD"},"image":{"@id":"https:\/\/www.legalprod.com\/es\/#\/schema\/logo\/image\/"},"sameAs":["https:\/\/www.linkedin.com\/company\/legalprod"]}]}},"_links":{"self":[{"href":"https:\/\/www.legalprod.com\/es\/wp-json\/wp\/v2\/pages\/10811","targetHints":{"allow":["GET"]}}],"collection":[{"href":"https:\/\/www.legalprod.com\/es\/wp-json\/wp\/v2\/pages"}],"about":[{"href":"https:\/\/www.legalprod.com\/es\/wp-json\/wp\/v2\/types\/page"}],"author":[{"embeddable":true,"href":"https:\/\/www.legalprod.com\/es\/wp-json\/wp\/v2\/users\/3"}],"replies":[{"embeddable":true,"href":"https:\/\/www.legalprod.com\/es\/wp-json\/wp\/v2\/comments?post=10811"}],"version-history":[{"count":6,"href":"https:\/\/www.legalprod.com\/es\/wp-json\/wp\/v2\/pages\/10811\/revisions"}],"predecessor-version":[{"id":10945,"href":"https:\/\/www.legalprod.com\/es\/wp-json\/wp\/v2\/pages\/10811\/revisions\/10945"}],"wp:attachment":[{"href":"https:\/\/www.legalprod.com\/es\/wp-json\/wp\/v2\/media?parent=10811"}],"curies":[{"name":"wp","href":"https:\/\/api.w.org\/{rel}","templated":true}]}}