 {"id":17318,"date":"2025-09-02T10:51:46","date_gmt":"2025-09-02T08:51:46","guid":{"rendered":"https:\/\/www.legalprod.com\/condiciones-generales-para-el-envio-de-mensajes\/"},"modified":"2025-09-02T10:52:31","modified_gmt":"2025-09-02T08:52:31","slug":"condiciones-generales-para-el-envio-de-mensajes","status":"publish","type":"page","link":"https:\/\/www.legalprod.com\/es\/condiciones-generales-para-el-envio-de-mensajes\/","title":{"rendered":"Condiciones generales para el env\u00edo de mensajes"},"content":{"rendered":"<p>[et_pb_section fb_built=&#8221;1&#8243; next_background_color=&#8221;#ffffff&#8221; admin_label=&#8221;Header&#8221; _builder_version=&#8221;4.23.1&#8243; _module_preset=&#8221;default&#8221; background_color=&#8221;#5233ff&#8221; background_enable_image=&#8221;off&#8221; background_size=&#8221;initial&#8221; background_blend=&#8221;color&#8221; min_height=&#8221;266px&#8221; custom_margin=&#8221;||||false|false&#8221; custom_padding=&#8221;125px||||false|false&#8221; bottom_divider_style=&#8221;slant&#8221; bottom_divider_height=&#8221;0vw&#8221; bottom_divider_repeat=&#8221;1x&#8221; bottom_divider_flip=&#8221;horizontal&#8221; bottom_divider_arrangement=&#8221;above_content&#8221; border_style_all=&#8221;none&#8221; locked=&#8221;off&#8221; global_colors_info=&#8221;{%22gcid-af512a5f-530a-4e80-bfc4-3632d9174c8b%22:%91%93,%22gcid-b593ef39-6aba-4318-8d2d-133b31113704%22:%91%93}&#8221; theme_builder_area=&#8221;post_content&#8221;][et_pb_row _builder_version=&#8221;4.19.0&#8243; _module_preset=&#8221;default&#8221; background_color=&#8221;RGBA(255,255,255,0)&#8221; border_color_all=&#8221;RGBA(255,255,255,0)&#8221; border_style_all=&#8221;none&#8221; global_colors_info=&#8221;{}&#8221; theme_builder_area=&#8221;post_content&#8221;][et_pb_column type=&#8221;4_4&#8243; _builder_version=&#8221;4.19.5&#8243; _module_preset=&#8221;default&#8221; background_color=&#8221;RGBA(255,255,255,0)&#8221; background_enable_image=&#8221;off&#8221; background_size=&#8221;initial&#8221; custom_padding=&#8221;||||false|false&#8221; border_style_all=&#8221;none&#8221; global_colors_info=&#8221;{}&#8221; theme_builder_area=&#8221;post_content&#8221;][et_pb_divider show_divider=&#8221;off&#8221; _builder_version=&#8221;4.19.0&#8243; _module_preset=&#8221;default&#8221; max_width=&#8221;50px&#8221; custom_margin=&#8221;||0px||false|false&#8221; global_colors_info=&#8221;{}&#8221; theme_builder_area=&#8221;post_content&#8221;][\/et_pb_divider][et_pb_text admin_label=&#8221;Texte&#8221; _builder_version=&#8221;4.23.1&#8243; _module_preset=&#8221;default&#8221; text_font=&#8221;Barlow|500|||||||&#8221; text_font_size=&#8221;15px&#8221; text_line_height=&#8221;24px&#8221; header_font=&#8221;Barlow|700|||||||&#8221; header_text_align=&#8221;left&#8221; header_text_color=&#8221;#132F5E&#8221; header_font_size=&#8221;50px&#8221; header_line_height=&#8221;60px&#8221; header_2_font=&#8221;Barlow|600|||||||&#8221; header_2_text_align=&#8221;center&#8221; header_2_text_color=&#8221;#132F5E&#8221; header_2_font_size=&#8221;35px&#8221; header_2_line_height=&#8221;40px&#8221; header_3_font=&#8221;Barlow|600||on|||||&#8221; header_3_text_align=&#8221;left&#8221; header_3_text_color=&#8221;#132F5E&#8221; header_3_font_size=&#8221;24px&#8221; header_3_line_height=&#8221;30px&#8221; header_4_font=&#8221;Barlow|600||on|||||&#8221; header_4_text_align=&#8221;left&#8221; header_4_text_color=&#8221;#C2C5CD&#8221; header_4_line_height=&#8221;24px&#8221; module_alignment=&#8221;left&#8221; hover_enabled=&#8221;0&#8243; border_style_all=&#8221;none&#8221; global_colors_info=&#8221;{}&#8221; theme_builder_area=&#8221;post_content&#8221; sticky_enabled=&#8221;0&#8243;]<\/p>\n<h1 style=\"text-align: center;\" ffffff=\"\" color:=\"\"><span style=\"color: #ffffff;\">Condiciones generales para el env\u00edo de mensajes<\/span><\/h1>\n<p>[\/et_pb_text][\/et_pb_column][\/et_pb_row][\/et_pb_section][et_pb_section fb_built=&#8221;1&#8243; _builder_version=&#8221;4.20.0&#8243; _module_preset=&#8221;default&#8221; global_colors_info=&#8221;{}&#8221; theme_builder_area=&#8221;post_content&#8221;][et_pb_row _builder_version=&#8221;4.20.0&#8243; _module_preset=&#8221;default&#8221; global_colors_info=&#8221;{}&#8221; theme_builder_area=&#8221;post_content&#8221;][et_pb_column type=&#8221;4_4&#8243; _builder_version=&#8221;4.20.0&#8243; _module_preset=&#8221;default&#8221; global_colors_info=&#8221;{}&#8221; theme_builder_area=&#8221;post_content&#8221;][et_pb_text _builder_version=&#8221;4.23.1&#8243; _module_preset=&#8221;default&#8221; hover_enabled=&#8221;0&#8243; global_colors_info=&#8221;{}&#8221; theme_builder_area=&#8221;post_content&#8221; header_text_color=&#8221;#333333&#8243; header_2_text_color=&#8221;#333333&#8243; header_3_text_color=&#8221;#333333&#8243; header_4_text_color=&#8221;#333333&#8243; header_5_text_color=&#8221;#333333&#8243; sticky_enabled=&#8221;0&#8243;]<\/p>\n<p data-pm-slice=\"0 0 []\">LegalProd<\/p>\n<p>34 Avenue Des Champs Elysees Par\u00eds FR 75008<\/p>\n<p>stan@legalprod.com<\/p>\n<p>http:\/\/eepurl.com\/jmrmVc<\/p>\n<p>&nbsp;<\/p>\n<h1>Condiciones generales de env\u00edo de mensajes<\/h1>\n<p>&nbsp;<\/p>\n<p>LegalProd | 34 Avenue Des Champs Elysees Par\u00eds FR 75008<\/p>\n<p>&nbsp;<\/p>\n<h2>General<\/h2>\n<p>&nbsp;<\/p>\n<p>Cuando te inscribas en el servicio, te enviaremos un mensaje para confirmar tu inscripci\u00f3n.<\/p>\n<p>&nbsp;<\/p>\n<p>Al registrarte para recibir mensajes, aceptas recibir de forma recurrente mensajes SMS informativos y de marketing automatizados de LegalProd. Los mensajes automatizados pueden enviarse mediante un sistema de marcaci\u00f3n autom\u00e1tica al n\u00famero de m\u00f3vil que proporcionaste al registrarte o a cualquier otro n\u00famero que designes. <\/p>\n<p>&nbsp;<\/p>\n<p>La frecuencia de los mensajes var\u00eda, y pueden enviarse peri\u00f3dicamente mensajes m\u00f3viles adicionales en funci\u00f3n de tu interacci\u00f3n con LegalProd. LegalProd se reserva el derecho a cambiar la frecuencia de env\u00edo de mensajes en cualquier momento para aumentar o disminuir el n\u00famero total de mensajes enviados. LegalProd tambi\u00e9n se reserva el derecho a cambiar el c\u00f3digo corto, n\u00famero de tel\u00e9fono o remitente alfanum\u00e9rico al que se env\u00edan los mensajes.  <\/p>\n<p>&nbsp;<\/p>\n<p>Pueden aplicarse las tarifas habituales por mensajes y datos. Si tienes alguna duda sobre tu plan de SMS o datos, ponte en contacto con tu proveedor de telefon\u00eda m\u00f3vil. No se responsabilizan de los mensajes tard\u00edos o no entregados.  <\/p>\n<p>&nbsp;<\/p>\n<p>Tu consentimiento para recibir mensajes comerciales no constituye una condici\u00f3n de compra.<\/p>\n<p>&nbsp;<\/p>\n<h2>Operarios<\/h2>\n<p>&nbsp;<\/p>\n<p>Los operadores no son responsables de los mensajes tard\u00edos o no entregados.<\/p>\n<p>&nbsp;<\/p>\n<h2>Anulaci\u00f3n<\/h2>\n<p>&nbsp;<\/p>\n<p>Los mensajes te indicar\u00e1n la posibilidad de darte de baja, ya sea enviando un mensaje de texto con la palabra &#8220;BAJA&#8221; o a trav\u00e9s del enlace incluido en el mensaje. Una vez que hayas cancelado tu suscripci\u00f3n, te enviaremos un mensaje confirmando que te has dado de baja y que no se enviar\u00e1n m\u00e1s mensajes. Si deseas volver a recibir mensajes de LegalProd, suscr\u00edbete como hiciste la primera vez. LegalProd volver\u00e1 a enviarte mensajes.   <\/p>\n<p>&nbsp;<\/p>\n<h2>Informaci\u00f3n<\/h2>\n<p>&nbsp;<\/p>\n<p>Si necesitas ayuda con nuestros servicios, env\u00edanos un correo electr\u00f3nico a stan@legalprod.com o, si esta opci\u00f3n es compatible, env\u00eda &#8220;AYUDA&#8221; a en cualquier momento, y te indicaremos c\u00f3mo darte de baja. Si hay un enlace en los mensajes que te enviamos desde LegalProd, tambi\u00e9n puedes acceder al procedimiento para darte de baja y a informaci\u00f3n sobre nuestra empresa a trav\u00e9s de ese enlace. <\/p>\n<p>&nbsp;<\/p>\n<h2>Transferencia de n\u00fameros<\/h2>\n<p>&nbsp;<\/p>\n<p>Aceptas que antes de cambiar tu n\u00famero de m\u00f3vil o transferirlo a otra persona, te comprometes a enviar &#8220;STOP&#8221; desde el n\u00famero original o a informarnos de tu antiguo n\u00famero en stan@legalprod.com. El deber de informarnos en estas situaciones es una condici\u00f3n previa para utilizar este servicio para recibir mensajes. <\/p>\n<p>&nbsp;<\/p>\n<h2>Confidencialidad<\/h2>\n<p>&nbsp;<\/p>\n<p>Si tienes alguna pregunta sobre tus datos o nuestras pr\u00e1cticas de privacidad, visita http:\/\/eepurl.com\/jmrmVc.<\/p>\n<p>&nbsp;<\/p>\n<h2>Cambios en las Condiciones Generales de env\u00edo de mensajes<\/h2>\n<p>&nbsp;<\/p>\n<p>Nos reservamos el derecho a modificar o poner fin a nuestro programa de mensajer\u00eda en cualquier momento. Tambi\u00e9n nos reservamos el derecho a actualizar en cualquier momento estas Condiciones de mensajer\u00eda. Estos cambios entrar\u00e1n en vigor inmediatamente despu\u00e9s de su publicaci\u00f3n. Si no est\u00e1s de acuerdo con cualquier cambio en estos T\u00e9rminos y Condiciones de Mensajes, debes cancelar tu registro en nuestro Programa de Mensajes. Tu registro continuado despu\u00e9s de estos cambios constituir\u00e1 tu aceptaci\u00f3n de los mismos.    <\/p>\n<p>&nbsp;<\/p>\n<p>[\/et_pb_text][\/et_pb_column][\/et_pb_row][\/et_pb_section]<\/p>\n","protected":false},"excerpt":{"rendered":"<p>Condiciones generales para el env\u00edo de mensajesLegalProd 34 Avenue Des Champs Elysees Par\u00eds FR 75008 stan@legalprod.com http:\/\/eepurl.com\/jmrmVc &nbsp; Condiciones generales de env\u00edo de mensajes &nbsp; LegalProd | 34 Avenue Des Champs Elysees Par\u00eds FR 75008 &nbsp; General &nbsp; Cuando te inscribas en el servicio, te enviaremos un mensaje para confirmar tu inscripci\u00f3n. &nbsp; Al registrarte [&hellip;]<\/p>\n","protected":false},"author":3,"featured_media":0,"parent":0,"menu_order":0,"comment_status":"closed","ping_status":"closed","template":"","meta":{"_et_pb_use_builder":"on","_et_pb_old_content":"","_et_gb_content_width":"","_monsterinsights_skip_tracking":false,"_monsterinsights_sitenote_active":false,"_monsterinsights_sitenote_note":"","_monsterinsights_sitenote_category":0,"footnotes":""},"class_list":["post-17318","page","type-page","status-publish","hentry"],"yoast_head":"<!-- This site is optimized with the Yoast SEO plugin v27.5 - https:\/\/yoast.com\/product\/yoast-seo-wordpress\/ -->\n<title>Condiciones generales para el env\u00edo de mensajes - LEGALPROD<\/title>\n<meta name=\"robots\" content=\"index, follow, max-snippet:-1, max-image-preview:large, max-video-preview:-1\" \/>\n<link rel=\"canonical\" href=\"https:\/\/www.legalprod.com\/es\/condiciones-generales-para-el-envio-de-mensajes\/\" \/>\n<meta property=\"og:locale\" content=\"es_ES\" \/>\n<meta property=\"og:type\" content=\"article\" \/>\n<meta property=\"og:title\" content=\"Condiciones generales para el env\u00edo de mensajes - LEGALPROD\" \/>\n<meta property=\"og:description\" content=\"Condiciones generales para el env\u00edo de mensajesLegalProd 34 Avenue Des Champs Elysees Par\u00eds FR 75008 stan@legalprod.com http:\/\/eepurl.com\/jmrmVc &nbsp; Condiciones generales de env\u00edo de mensajes &nbsp; LegalProd | 34 Avenue Des Champs Elysees Par\u00eds FR 75008 &nbsp; General &nbsp; Cuando te inscribas en el servicio, te enviaremos un mensaje para confirmar tu inscripci\u00f3n. &nbsp; Al registrarte [&hellip;]\" \/>\n<meta property=\"og:url\" content=\"https:\/\/www.legalprod.com\/es\/condiciones-generales-para-el-envio-de-mensajes\/\" \/>\n<meta property=\"og:site_name\" content=\"LEGALPROD\" \/>\n<meta property=\"article:modified_time\" content=\"2025-09-02T08:52:31+00:00\" \/>\n<meta name=\"twitter:card\" content=\"summary_large_image\" \/>\n<meta name=\"twitter:label1\" content=\"Tiempo de lectura\" \/>\n\t<meta name=\"twitter:data1\" content=\"5 minutos\" \/>\n<script type=\"application\/ld+json\" class=\"yoast-schema-graph\">{\"@context\":\"https:\\\/\\\/schema.org\",\"@graph\":[{\"@type\":\"WebPage\",\"@id\":\"https:\\\/\\\/www.legalprod.com\\\/es\\\/condiciones-generales-para-el-envio-de-mensajes\\\/\",\"url\":\"https:\\\/\\\/www.legalprod.com\\\/es\\\/condiciones-generales-para-el-envio-de-mensajes\\\/\",\"name\":\"Condiciones generales para el env\u00edo de mensajes - LEGALPROD\",\"isPartOf\":{\"@id\":\"https:\\\/\\\/www.legalprod.com\\\/es\\\/#website\"},\"datePublished\":\"2025-09-02T08:51:46+00:00\",\"dateModified\":\"2025-09-02T08:52:31+00:00\",\"breadcrumb\":{\"@id\":\"https:\\\/\\\/www.legalprod.com\\\/es\\\/condiciones-generales-para-el-envio-de-mensajes\\\/#breadcrumb\"},\"inLanguage\":\"es\",\"potentialAction\":[{\"@type\":\"ReadAction\",\"target\":[\"https:\\\/\\\/www.legalprod.com\\\/es\\\/condiciones-generales-para-el-envio-de-mensajes\\\/\"]}]},{\"@type\":\"BreadcrumbList\",\"@id\":\"https:\\\/\\\/www.legalprod.com\\\/es\\\/condiciones-generales-para-el-envio-de-mensajes\\\/#breadcrumb\",\"itemListElement\":[{\"@type\":\"ListItem\",\"position\":1,\"name\":\"Accueil\",\"item\":\"https:\\\/\\\/www.legalprod.com\\\/es\\\/\"},{\"@type\":\"ListItem\",\"position\":2,\"name\":\"Condiciones generales para el env\u00edo de mensajes\"}]},{\"@type\":\"WebSite\",\"@id\":\"https:\\\/\\\/www.legalprod.com\\\/es\\\/#website\",\"url\":\"https:\\\/\\\/www.legalprod.com\\\/es\\\/\",\"name\":\"LEGALPROD\",\"description\":\"La plateforme intelligente des avocats performants\",\"publisher\":{\"@id\":\"https:\\\/\\\/www.legalprod.com\\\/es\\\/#organization\"},\"potentialAction\":[{\"@type\":\"SearchAction\",\"target\":{\"@type\":\"EntryPoint\",\"urlTemplate\":\"https:\\\/\\\/www.legalprod.com\\\/es\\\/?s={search_term_string}\"},\"query-input\":{\"@type\":\"PropertyValueSpecification\",\"valueRequired\":true,\"valueName\":\"search_term_string\"}}],\"inLanguage\":\"es\"},{\"@type\":\"Organization\",\"@id\":\"https:\\\/\\\/www.legalprod.com\\\/es\\\/#organization\",\"name\":\"LEGALPROD\",\"url\":\"https:\\\/\\\/www.legalprod.com\\\/es\\\/\",\"logo\":{\"@type\":\"ImageObject\",\"inLanguage\":\"es\",\"@id\":\"https:\\\/\\\/www.legalprod.com\\\/es\\\/#\\\/schema\\\/logo\\\/image\\\/\",\"url\":\"https:\\\/\\\/www.legalprod.com\\\/wp-content\\\/uploads\\\/2022\\\/11\\\/legalprod.png\",\"contentUrl\":\"https:\\\/\\\/www.legalprod.com\\\/wp-content\\\/uploads\\\/2022\\\/11\\\/legalprod.png\",\"width\":420,\"height\":127,\"caption\":\"LEGALPROD\"},\"image\":{\"@id\":\"https:\\\/\\\/www.legalprod.com\\\/es\\\/#\\\/schema\\\/logo\\\/image\\\/\"},\"sameAs\":[\"https:\\\/\\\/www.linkedin.com\\\/company\\\/legalprod\"]}]}<\/script>\n<!-- \/ Yoast SEO plugin. -->","yoast_head_json":{"title":"Condiciones generales para el env\u00edo de mensajes - LEGALPROD","robots":{"index":"index","follow":"follow","max-snippet":"max-snippet:-1","max-image-preview":"max-image-preview:large","max-video-preview":"max-video-preview:-1"},"canonical":"https:\/\/www.legalprod.com\/es\/condiciones-generales-para-el-envio-de-mensajes\/","og_locale":"es_ES","og_type":"article","og_title":"Condiciones generales para el env\u00edo de mensajes - LEGALPROD","og_description":"Condiciones generales para el env\u00edo de mensajesLegalProd 34 Avenue Des Champs Elysees Par\u00eds FR 75008 stan@legalprod.com http:\/\/eepurl.com\/jmrmVc &nbsp; Condiciones generales de env\u00edo de mensajes &nbsp; LegalProd | 34 Avenue Des Champs Elysees Par\u00eds FR 75008 &nbsp; General &nbsp; Cuando te inscribas en el servicio, te enviaremos un mensaje para confirmar tu inscripci\u00f3n. &nbsp; Al registrarte [&hellip;]","og_url":"https:\/\/www.legalprod.com\/es\/condiciones-generales-para-el-envio-de-mensajes\/","og_site_name":"LEGALPROD","article_modified_time":"2025-09-02T08:52:31+00:00","twitter_card":"summary_large_image","twitter_misc":{"Tiempo de lectura":"5 minutos"},"schema":{"@context":"https:\/\/schema.org","@graph":[{"@type":"WebPage","@id":"https:\/\/www.legalprod.com\/es\/condiciones-generales-para-el-envio-de-mensajes\/","url":"https:\/\/www.legalprod.com\/es\/condiciones-generales-para-el-envio-de-mensajes\/","name":"Condiciones generales para el env\u00edo de mensajes - LEGALPROD","isPartOf":{"@id":"https:\/\/www.legalprod.com\/es\/#website"},"datePublished":"2025-09-02T08:51:46+00:00","dateModified":"2025-09-02T08:52:31+00:00","breadcrumb":{"@id":"https:\/\/www.legalprod.com\/es\/condiciones-generales-para-el-envio-de-mensajes\/#breadcrumb"},"inLanguage":"es","potentialAction":[{"@type":"ReadAction","target":["https:\/\/www.legalprod.com\/es\/condiciones-generales-para-el-envio-de-mensajes\/"]}]},{"@type":"BreadcrumbList","@id":"https:\/\/www.legalprod.com\/es\/condiciones-generales-para-el-envio-de-mensajes\/#breadcrumb","itemListElement":[{"@type":"ListItem","position":1,"name":"Accueil","item":"https:\/\/www.legalprod.com\/es\/"},{"@type":"ListItem","position":2,"name":"Condiciones generales para el env\u00edo de mensajes"}]},{"@type":"WebSite","@id":"https:\/\/www.legalprod.com\/es\/#website","url":"https:\/\/www.legalprod.com\/es\/","name":"LEGALPROD","description":"La plateforme intelligente des avocats performants","publisher":{"@id":"https:\/\/www.legalprod.com\/es\/#organization"},"potentialAction":[{"@type":"SearchAction","target":{"@type":"EntryPoint","urlTemplate":"https:\/\/www.legalprod.com\/es\/?s={search_term_string}"},"query-input":{"@type":"PropertyValueSpecification","valueRequired":true,"valueName":"search_term_string"}}],"inLanguage":"es"},{"@type":"Organization","@id":"https:\/\/www.legalprod.com\/es\/#organization","name":"LEGALPROD","url":"https:\/\/www.legalprod.com\/es\/","logo":{"@type":"ImageObject","inLanguage":"es","@id":"https:\/\/www.legalprod.com\/es\/#\/schema\/logo\/image\/","url":"https:\/\/www.legalprod.com\/wp-content\/uploads\/2022\/11\/legalprod.png","contentUrl":"https:\/\/www.legalprod.com\/wp-content\/uploads\/2022\/11\/legalprod.png","width":420,"height":127,"caption":"LEGALPROD"},"image":{"@id":"https:\/\/www.legalprod.com\/es\/#\/schema\/logo\/image\/"},"sameAs":["https:\/\/www.linkedin.com\/company\/legalprod"]}]}},"_links":{"self":[{"href":"https:\/\/www.legalprod.com\/es\/wp-json\/wp\/v2\/pages\/17318","targetHints":{"allow":["GET"]}}],"collection":[{"href":"https:\/\/www.legalprod.com\/es\/wp-json\/wp\/v2\/pages"}],"about":[{"href":"https:\/\/www.legalprod.com\/es\/wp-json\/wp\/v2\/types\/page"}],"author":[{"embeddable":true,"href":"https:\/\/www.legalprod.com\/es\/wp-json\/wp\/v2\/users\/3"}],"replies":[{"embeddable":true,"href":"https:\/\/www.legalprod.com\/es\/wp-json\/wp\/v2\/comments?post=17318"}],"version-history":[{"count":2,"href":"https:\/\/www.legalprod.com\/es\/wp-json\/wp\/v2\/pages\/17318\/revisions"}],"predecessor-version":[{"id":17324,"href":"https:\/\/www.legalprod.com\/es\/wp-json\/wp\/v2\/pages\/17318\/revisions\/17324"}],"wp:attachment":[{"href":"https:\/\/www.legalprod.com\/es\/wp-json\/wp\/v2\/media?parent=17318"}],"curies":[{"name":"wp","href":"https:\/\/api.w.org\/{rel}","templated":true}]}}