 {"id":5427,"date":"2023-02-03T15:55:06","date_gmt":"2023-02-03T14:55:06","guid":{"rendered":"https:\/\/www.legalprod.com\/reforzar-el-trabajo-en-equipo\/"},"modified":"2024-01-22T14:19:28","modified_gmt":"2024-01-22T13:19:28","slug":"reforzar-el-trabajo-en-equipo","status":"publish","type":"page","link":"https:\/\/www.legalprod.com\/es\/reforzar-el-trabajo-en-equipo\/","title":{"rendered":"Reforzar el trabajo en equipo"},"content":{"rendered":"<p>[et_pb_section fb_built=&#8221;1&#8243; next_background_color=&#8221;#ffffff&#8221; disabled_on=&#8221;on|off|off&#8221; admin_label=&#8221;Header&#8221; _builder_version=&#8221;4.19.5&#8243; _module_preset=&#8221;default&#8221; background_color=&#8221;RGBA(255,255,255,0)&#8221; use_background_color_gradient=&#8221;on&#8221; background_color_gradient_direction=&#8221;130deg&#8221; background_color_gradient_stops=&#8221;#d8d6ca 40%|#4485c6 80%&#8221; background_color_gradient_overlays_image=&#8221;on&#8221; background_color_gradient_start=&#8221;rgba(0,0,0,0)&#8221; background_color_gradient_start_position=&#8221;50%&#8221; background_color_gradient_end=&#8221;#92a5ab&#8221; background_color_gradient_end_position=&#8221;50%&#8221; background_image=&#8221;https:\/\/www.legalprod.com\/wp-content\/uploads\/2023\/02\/picto-tetiere-enjeux.png&#8221; background_size=&#8221;initial&#8221; background_blend=&#8221;color&#8221; min_height=&#8221;410px&#8221; overflow-y=&#8221;hidden&#8221; custom_margin=&#8221;||||false|false&#8221; custom_padding=&#8221;||||false|false&#8221; bottom_divider_style=&#8221;slant&#8221; bottom_divider_height=&#8221;5vw&#8221; bottom_divider_repeat=&#8221;1x&#8221; bottom_divider_flip=&#8221;horizontal&#8221; custom_css_main_element=&#8221;margin: auto;&#8221; border_style_all=&#8221;none&#8221; locked=&#8221;off&#8221; global_colors_info=&#8221;{%22gcid-af512a5f-530a-4e80-bfc4-3632d9174c8b%22:%91%93,%22gcid-b593ef39-6aba-4318-8d2d-133b31113704%22:%91%93}&#8221;][et_pb_row make_equal=&#8221;on&#8221; _builder_version=&#8221;4.19.0&#8243; _module_preset=&#8221;default&#8221; background_color=&#8221;RGBA(255,255,255,0)&#8221; height=&#8221;1000px&#8221; max_height=&#8221;220px&#8221; custom_margin=&#8221;||||false|false&#8221; custom_padding=&#8221;||||false|false&#8221; custom_css_main_element=&#8221;margin: auto;&#8221; border_color_all=&#8221;RGBA(255,255,255,0)&#8221; border_style_all=&#8221;none&#8221; global_colors_info=&#8221;{}&#8221;][et_pb_column type=&#8221;4_4&#8243; _builder_version=&#8221;4.19.0&#8243; _module_preset=&#8221;default&#8221; background_color=&#8221;RGBA(255,255,255,0)&#8221; background_enable_image=&#8221;off&#8221; background_size=&#8221;initial&#8221; custom_padding=&#8221;||||false|false&#8221; custom_css_main_element=&#8221;margin: auto;&#8221; border_style_all=&#8221;none&#8221; global_colors_info=&#8221;{}&#8221;][et_pb_divider show_divider=&#8221;off&#8221; _builder_version=&#8221;4.19.0&#8243; _module_preset=&#8221;default&#8221; max_width=&#8221;50px&#8221; custom_margin=&#8221;||0px||false|false&#8221; global_colors_info=&#8221;{}&#8221;][\/et_pb_divider][et_pb_text admin_label=&#8221;Texte&#8221; _builder_version=&#8221;4.19.0&#8243; _module_preset=&#8221;default&#8221; text_font=&#8221;Barlow|500|||||||&#8221; text_font_size=&#8221;15px&#8221; text_line_height=&#8221;24px&#8221; header_font=&#8221;Barlow|700|||||||&#8221; header_text_align=&#8221;left&#8221; header_text_color=&#8221;#132F5E&#8221; header_font_size=&#8221;50px&#8221; header_line_height=&#8221;60px&#8221; header_2_font=&#8221;Barlow|600|||||||&#8221; header_2_text_align=&#8221;center&#8221; header_2_text_color=&#8221;#132F5E&#8221; header_2_font_size=&#8221;35px&#8221; header_2_line_height=&#8221;40px&#8221; header_3_font=&#8221;Barlow|600||on|||||&#8221; header_3_text_align=&#8221;left&#8221; header_3_text_color=&#8221;#132F5E&#8221; header_3_font_size=&#8221;24px&#8221; header_3_line_height=&#8221;30px&#8221; header_4_font=&#8221;Barlow|600||on|||||&#8221; header_4_text_align=&#8221;left&#8221; header_4_text_color=&#8221;#C2C5CD&#8221; header_4_line_height=&#8221;24px&#8221; module_alignment=&#8221;left&#8221; border_style_all=&#8221;none&#8221; global_colors_info=&#8221;{}&#8221;]<\/p>\n<h1 style=\"text-align: center;\"><span style=\"color: #132f5e;\">Reforzar el trabajo en equipo<\/span><\/h1>\n<p>[\/et_pb_text][\/et_pb_column][\/et_pb_row][\/et_pb_section][et_pb_section fb_built=&#8221;1&#8243; _builder_version=&#8221;4.19.0&#8243; _module_preset=&#8221;default&#8221; custom_margin=&#8221;||||false|false&#8221; custom_padding=&#8221;0px||||false|false&#8221; global_colors_info=&#8221;{}&#8221;][et_pb_row column_structure=&#8221;1_5,3_5,1_5&#8243; use_custom_gutter=&#8221;on&#8221; gutter_width=&#8221;4&#8243; _builder_version=&#8221;4.19.0&#8243; _module_preset=&#8221;default&#8221; global_colors_info=&#8221;{}&#8221;][et_pb_column type=&#8221;1_5&#8243; _builder_version=&#8221;4.19.0&#8243; _module_preset=&#8221;default&#8221; global_colors_info=&#8221;{}&#8221;][\/et_pb_column][et_pb_column type=&#8221;3_5&#8243; _builder_version=&#8221;4.19.0&#8243; _module_preset=&#8221;default&#8221; global_colors_info=&#8221;{}&#8221;][et_pb_text _builder_version=&#8221;4.19.0&#8243; _module_preset=&#8221;default&#8221; border_color_all=&#8221;#EF7D00&#8243; border_width_left=&#8221;5px&#8221; global_colors_info=&#8221;{}&#8221;]<\/p>\n<p style=\"font-size: 24px; line-height: 34px; margin-left: 30px; color: #132f5e; text-align: left;\">Re\u00fana a sus equipos en torno a cada proyecto y facilite los intercambios entre empleados<\/p>\n<p>[\/et_pb_text][\/et_pb_column][et_pb_column type=&#8221;1_5&#8243; _builder_version=&#8221;4.19.0&#8243; _module_preset=&#8221;default&#8221; global_colors_info=&#8221;{}&#8221;][\/et_pb_column][\/et_pb_row][\/et_pb_section][et_pb_section fb_built=&#8221;1&#8243; admin_label=&#8221;Services&#8221; _builder_version=&#8221;4.19.0&#8243; _module_preset=&#8221;default&#8221; background_color=&#8221;rgba(204,204,204,0.14)&#8221; background_enable_image=&#8221;off&#8221; background_size=&#8221;initial&#8221; background_position=&#8221;top_left&#8221; custom_padding=&#8221;30px|0px||||&#8221; global_colors_info=&#8221;{}&#8221;][et_pb_row _builder_version=&#8221;4.19.0&#8243; _module_preset=&#8221;default&#8221; min_height=&#8221;51px&#8221; global_colors_info=&#8221;{}&#8221;][et_pb_column type=&#8221;4_4&#8243; _builder_version=&#8221;4.19.0&#8243; _module_preset=&#8221;default&#8221; global_colors_info=&#8221;{}&#8221;][et_pb_text _builder_version=&#8221;4.19.0&#8243; text_font=&#8221;||||||||&#8221; header_font=&#8221;||||||||&#8221; header_2_font=&#8221;Barlow|600|||||||&#8221; header_2_text_color=&#8221;#EF7D00&#8243; header_2_font_size=&#8221;35px&#8221; header_2_line_height=&#8221;1.8em&#8221; header_3_font=&#8221;||||||||&#8221; text_orientation=&#8221;center&#8221; custom_margin=&#8221;||0px||false|false&#8221; global_colors_info=&#8221;{}&#8221;]<\/p>\n<h2><span style=\"color: #ff7900;\">Trabaje de forma \u00e1gil <\/span><span style=\"color: #4485c6;\">con sus equipos <\/span> <\/h2>\n<p>[\/et_pb_text][et_pb_image src=&#8221;https:\/\/www.legalprod.com\/wp-content\/uploads\/2022\/11\/separateur-ronds.png&#8221; title_text=&#8221;separador redondo&#8221; align=&#8221;center&#8221; _builder_version=&#8221;4.19.5&#8243; _module_preset=&#8221;default&#8221; width=&#8221;100%&#8221; max_width=&#8221;100%&#8221; module_alignment=&#8221;center&#8221; custom_margin=&#8221;||||false|false&#8221; custom_padding=&#8221;||||false|false&#8221; global_colors_info=&#8221;{}&#8221;][\/et_pb_image][\/et_pb_column][\/et_pb_row][et_pb_row column_structure=&#8221;2_5,3_5&#8243; _builder_version=&#8221;4.19.0&#8243; _module_preset=&#8221;default&#8221; background_color=&#8221;RGBA(255,255,255,0)&#8221; global_colors_info=&#8221;{}&#8221;][et_pb_column type=&#8221;2_5&#8243; _builder_version=&#8221;4.19.0&#8243; _module_preset=&#8221;default&#8221; global_colors_info=&#8221;{}&#8221;][et_pb_image src=&#8221;https:\/\/www.legalprod.com\/wp-content\/uploads\/2023\/02\/logiciel-avocat-gestion-collaborative.png&#8221; alt=&#8221;Software de gesti\u00f3n colaborativa&#8221; title_text=&#8221;software-abogado-gesti\u00f3n-colaborativa&#8221; align=&#8221;center&#8221; _builder_version=&#8221;4.20.0&#8243; _module_preset=&#8221;default&#8221; global_colors_info=&#8221;{}&#8221;][\/et_pb_image][\/et_pb_column][et_pb_column type=&#8221;3_5&#8243; _builder_version=&#8221;4.19.0&#8243; _module_preset=&#8221;default&#8221; global_colors_info=&#8221;{}&#8221;][et_pb_text admin_label=&#8221;Texte&#8221; _builder_version=&#8221;4.19.0&#8243; _module_preset=&#8221;default&#8221; text_font=&#8221;Barlow|500|||||||&#8221; text_line_height=&#8221;24px&#8221; header_font=&#8221;Barlow|700|||||||&#8221; header_text_align=&#8221;left&#8221; header_text_color=&#8221;#132F5E&#8221; header_font_size=&#8221;50px&#8221; header_line_height=&#8221;60px&#8221; header_2_font=&#8221;Barlow|600|||||||&#8221; header_2_text_align=&#8221;center&#8221; header_2_text_color=&#8221;#132F5E&#8221; header_2_font_size=&#8221;35px&#8221; header_2_line_height=&#8221;40px&#8221; header_3_font=&#8221;Barlow|600||on|||||&#8221; header_3_text_align=&#8221;left&#8221; header_3_text_color=&#8221;#132F5E&#8221; header_3_font_size=&#8221;24px&#8221; header_3_line_height=&#8221;30px&#8221; header_4_font=&#8221;Barlow|600||on|||||&#8221; header_4_text_align=&#8221;left&#8221; header_4_text_color=&#8221;#C2C5CD&#8221; header_4_line_height=&#8221;24px&#8221; module_alignment=&#8221;left&#8221; min_height=&#8221;128px&#8221; global_colors_info=&#8221;{}&#8221;]<\/p>\n<h3><span style=\"color: #4485c6;\">escritura <span style=\"color: #ff7900;\">colaborativa<\/span><\/span><\/h3>\n<ul>\n<li>Redacte sus documentos <strong>trabajando conjuntamente<\/strong> en todas sus producciones al mismo tiempo.<\/li>\n<\/ul>\n<h3><span style=\"color: #4485c6;\">Seguimiento de la <span style=\"color: #ff7900;\">acci\u00f3n<\/span><\/span><\/h3>\n<ul>\n<li><strong>Acceso con un solo clic <\/strong>al calendario del equipo y a las tareas en curso.<\/li>\n<\/ul>\n<h3><span style=\"color: #4485c6;\">Seguimiento de <span style=\"color: #ff7900;\">tareas<\/span><\/span><\/h3>\n<ul>\n<li><strong>Asigne tareas <\/strong>con plazos y controle su progreso.<\/li>\n<\/ul>\n<h3><span style=\"color: #4485c6;\">Control del <span style=\"color: #ff7900;\">tiempo<\/span><\/span><\/h3>\n<ul>\n<li>Controle el tiempo de sus empleados <strong>en tiempo real <\/strong>y adapte sus tareas a sus horarios.<\/li>\n<\/ul>\n<h3><span style=\"color: #4485c6;\">Liderazgo de equipos <span style=\"color: #ff7900;\">y comunicaci\u00f3n<\/span><\/span><\/h3>\n<ul>\n<li>Gestione sus equipos <strong>mediante un sistema de mensajer\u00eda y videoconferencia encriptado<\/strong>.<\/li>\n<\/ul>\n<h3><span style=\"color: #4485c6;\">Compartir <span style=\"color: #ff7900;\">documentos<\/span><\/span><\/h3>\n<ul>\n<li>No hace falta que busques tus documentos, se comparten con tu equipo en una <strong>caja fuerte electr\u00f3nica segura<\/strong>, accesible mediante un sistema de asignaci\u00f3n de derechos.<\/li>\n<\/ul>\n<p>[\/et_pb_text][\/et_pb_column][\/et_pb_row][\/et_pb_section][et_pb_section fb_built=&#8221;1&#8243; _builder_version=&#8221;4.19.0&#8243; _module_preset=&#8221;default&#8221; background_color=&#8221;RGBA(255,255,255,0)&#8221; background_enable_pattern_style=&#8221;on&#8221; background_pattern_style=&#8221;diagonal-stripes-2&#8243; background_pattern_color=&#8221;RGBA(255,255,255,0)&#8221; global_colors_info=&#8221;{}&#8221;][et_pb_row _builder_version=&#8221;4.19.0&#8243; _module_preset=&#8221;default&#8221; custom_padding=&#8221;18px|||||&#8221; global_colors_info=&#8221;{}&#8221;][et_pb_column type=&#8221;4_4&#8243; _builder_version=&#8221;4.19.0&#8243; _module_preset=&#8221;default&#8221; global_colors_info=&#8221;{}&#8221;][et_pb_text admin_label=&#8221;Texte&#8221; _builder_version=&#8221;4.19.0&#8243; _module_preset=&#8221;default&#8221; text_font=&#8221;Barlow|500|||||||&#8221; text_font_size=&#8221;15px&#8221; text_line_height=&#8221;24px&#8221; header_font=&#8221;Barlow|700|||||||&#8221; header_text_align=&#8221;left&#8221; header_text_color=&#8221;#132F5E&#8221; header_font_size=&#8221;50px&#8221; header_line_height=&#8221;60px&#8221; header_2_font=&#8221;Barlow|600|||||||&#8221; header_2_text_align=&#8221;center&#8221; header_2_text_color=&#8221;#132F5E&#8221; header_2_font_size=&#8221;35px&#8221; header_2_line_height=&#8221;40px&#8221; header_3_font=&#8221;Barlow|600||on|||||&#8221; header_3_text_align=&#8221;left&#8221; header_3_text_color=&#8221;#132F5E&#8221; header_3_font_size=&#8221;24px&#8221; header_3_line_height=&#8221;30px&#8221; header_4_font=&#8221;Barlow|600||on|||||&#8221; header_4_text_align=&#8221;left&#8221; header_4_text_color=&#8221;#C2C5CD&#8221; header_4_line_height=&#8221;24px&#8221; module_alignment=&#8221;left&#8221; global_colors_info=&#8221;{}&#8221;]<\/p>\n<h2><span style=\"color: #4485c6;\">\u00bfEst\u00e1s dudando?<\/span><\/h2>\n<h3 style=\"text-align: center;\"><span style=\"color: #c2c5cd;\">solicite una demostraci\u00f3n gratuita<\/span><\/h3>\n<p>[\/et_pb_text][et_pb_button button_url=&#8221;@ET-DC@eyJkeW5hbWljIjp0cnVlLCJjb250ZW50IjoicG9zdF9saW5rX3VybF9wYWdlIiwic2V0dGluZ3MiOnsicG9zdF9pZCI6IjExNzkifX0=@&#8221; button_text=&#8221;Me interesa&#8221; button_alignment=&#8221;center&#8221; _builder_version=&#8221;4.19.5&#8243; _dynamic_attributes=&#8221;button_url&#8221; _module_preset=&#8221;default&#8221; global_colors_info=&#8221;{}&#8221;][\/et_pb_button][\/et_pb_column][\/et_pb_row][\/et_pb_section][et_pb_section fb_built=&#8221;1&#8243; _builder_version=&#8221;4.20.0&#8243; _module_preset=&#8221;default&#8221; global_colors_info=&#8221;{}&#8221; theme_builder_area=&#8221;post_content&#8221;][et_pb_row _builder_version=&#8221;4.20.0&#8243; _module_preset=&#8221;default&#8221; animation_style=&#8221;slide&#8221; global_colors_info=&#8221;{}&#8221; theme_builder_area=&#8221;post_content&#8221;][et_pb_column type=&#8221;4_4&#8243; _builder_version=&#8221;4.20.0&#8243; _module_preset=&#8221;default&#8221; global_colors_info=&#8221;{}&#8221; theme_builder_area=&#8221;post_content&#8221;][et_pb_text _builder_version=&#8221;4.20.0&#8243; text_font=&#8221;||||||||&#8221; header_font=&#8221;||||||||&#8221; header_2_font=&#8221;Barlow|600|||||||&#8221; header_2_text_color=&#8221;#EF7D00&#8243; header_2_font_size=&#8221;35px&#8221; header_2_line_height=&#8221;1.8em&#8221; header_3_font=&#8221;||||||||&#8221; text_orientation=&#8221;center&#8221; custom_margin=&#8221;||0px||false|false&#8221; global_colors_info=&#8221;{}&#8221; theme_builder_area=&#8221;post_content&#8221;]<\/p>\n<h2><span style=\"color: #4485c6;\">Descubra <\/span><span style=\"color: #ff7900;\">nuestros art\u00edculos<\/span><\/h2>\n<p>[\/et_pb_text][et_pb_blog fullwidth=&#8221;off&#8221; posts_number=&#8221;3&#8243; include_categories=&#8221;all&#8221; use_manual_excerpt=&#8221;off&#8221; excerpt_length=&#8221;0&#8243; show_author=&#8221;off&#8221; show_categories=&#8221;off&#8221; show_excerpt=&#8221;off&#8221; show_pagination=&#8221;off&#8221; _builder_version=&#8221;4.20.0&#8243; _module_preset=&#8221;default&#8221; header_font_size=&#8221;14px&#8221; animation_style=&#8221;slide&#8221; box_shadow_style_image=&#8221;preset2&#8243; global_colors_info=&#8221;{}&#8221; theme_builder_area=&#8221;post_content&#8221;][\/et_pb_blog][\/et_pb_column][\/et_pb_row][\/et_pb_section]<\/p>\n","protected":false},"excerpt":{"rendered":"<p>Reforzar el trabajo en equipoRe\u00fana a sus equipos en torno a cada proyecto y facilite los intercambios entre empleadosTrabaje de forma \u00e1gil con sus equipos escritura colaborativa Redacte sus documentos trabajando conjuntamente en todas sus producciones al mismo tiempo. Seguimiento de la acci\u00f3n Acceso con un solo clic al calendario del equipo y a las [&hellip;]<\/p>\n","protected":false},"author":1,"featured_media":0,"parent":0,"menu_order":0,"comment_status":"closed","ping_status":"closed","template":"","meta":{"_et_pb_use_builder":"on","_et_pb_old_content":"","_et_gb_content_width":"","_monsterinsights_skip_tracking":false,"_monsterinsights_sitenote_active":false,"_monsterinsights_sitenote_note":"","_monsterinsights_sitenote_category":0,"footnotes":""},"class_list":["post-5427","page","type-page","status-publish","hentry"],"yoast_head":"<!-- This site is optimized with the Yoast SEO plugin v27.5 - https:\/\/yoast.com\/product\/yoast-seo-wordpress\/ -->\n<title>Gesti\u00f3n colaborativa | Software para abogados LegalProd<\/title>\n<meta name=\"description\" content=\"Optimice su gesti\u00f3n colaborativa con el software de gesti\u00f3n de despachos de abogados de Legalprod. Aproveche las herramientas avanzadas para reforzar su trabajo en equipo.\" \/>\n<meta name=\"robots\" content=\"index, follow, max-snippet:-1, max-image-preview:large, max-video-preview:-1\" \/>\n<link rel=\"canonical\" href=\"https:\/\/www.legalprod.com\/es\/reforzar-el-trabajo-en-equipo\/\" \/>\n<meta property=\"og:locale\" content=\"es_ES\" \/>\n<meta property=\"og:type\" content=\"article\" \/>\n<meta property=\"og:title\" content=\"Gesti\u00f3n colaborativa | Software para abogados LegalProd\" \/>\n<meta property=\"og:description\" content=\"Optimice su gesti\u00f3n colaborativa con el software de gesti\u00f3n de despachos de abogados de Legalprod. Aproveche las herramientas avanzadas para reforzar su trabajo en equipo.\" \/>\n<meta property=\"og:url\" content=\"https:\/\/www.legalprod.com\/es\/reforzar-el-trabajo-en-equipo\/\" \/>\n<meta property=\"og:site_name\" content=\"LEGALPROD\" \/>\n<meta property=\"article:modified_time\" content=\"2024-01-22T13:19:28+00:00\" \/>\n<meta name=\"twitter:card\" content=\"summary_large_image\" \/>\n<meta name=\"twitter:label1\" content=\"Tiempo de lectura\" \/>\n\t<meta name=\"twitter:data1\" content=\"7 minutos\" \/>\n<script type=\"application\/ld+json\" class=\"yoast-schema-graph\">{\"@context\":\"https:\\\/\\\/schema.org\",\"@graph\":[{\"@type\":\"WebPage\",\"@id\":\"https:\\\/\\\/www.legalprod.com\\\/es\\\/reforzar-el-trabajo-en-equipo\\\/\",\"url\":\"https:\\\/\\\/www.legalprod.com\\\/es\\\/reforzar-el-trabajo-en-equipo\\\/\",\"name\":\"Gesti\u00f3n colaborativa | Software para abogados LegalProd\",\"isPartOf\":{\"@id\":\"https:\\\/\\\/www.legalprod.com\\\/es\\\/#website\"},\"datePublished\":\"2023-02-03T14:55:06+00:00\",\"dateModified\":\"2024-01-22T13:19:28+00:00\",\"description\":\"Optimice su gesti\u00f3n colaborativa con el software de gesti\u00f3n de despachos de abogados de Legalprod. Aproveche las herramientas avanzadas para reforzar su trabajo en equipo.\",\"breadcrumb\":{\"@id\":\"https:\\\/\\\/www.legalprod.com\\\/es\\\/reforzar-el-trabajo-en-equipo\\\/#breadcrumb\"},\"inLanguage\":\"es\",\"potentialAction\":[{\"@type\":\"ReadAction\",\"target\":[\"https:\\\/\\\/www.legalprod.com\\\/es\\\/reforzar-el-trabajo-en-equipo\\\/\"]}]},{\"@type\":\"BreadcrumbList\",\"@id\":\"https:\\\/\\\/www.legalprod.com\\\/es\\\/reforzar-el-trabajo-en-equipo\\\/#breadcrumb\",\"itemListElement\":[{\"@type\":\"ListItem\",\"position\":1,\"name\":\"Accueil\",\"item\":\"https:\\\/\\\/www.legalprod.com\\\/es\\\/\"},{\"@type\":\"ListItem\",\"position\":2,\"name\":\"Reforzar el trabajo en equipo\"}]},{\"@type\":\"WebSite\",\"@id\":\"https:\\\/\\\/www.legalprod.com\\\/es\\\/#website\",\"url\":\"https:\\\/\\\/www.legalprod.com\\\/es\\\/\",\"name\":\"LEGALPROD\",\"description\":\"La plateforme intelligente des avocats performants\",\"publisher\":{\"@id\":\"https:\\\/\\\/www.legalprod.com\\\/es\\\/#organization\"},\"potentialAction\":[{\"@type\":\"SearchAction\",\"target\":{\"@type\":\"EntryPoint\",\"urlTemplate\":\"https:\\\/\\\/www.legalprod.com\\\/es\\\/?s={search_term_string}\"},\"query-input\":{\"@type\":\"PropertyValueSpecification\",\"valueRequired\":true,\"valueName\":\"search_term_string\"}}],\"inLanguage\":\"es\"},{\"@type\":\"Organization\",\"@id\":\"https:\\\/\\\/www.legalprod.com\\\/es\\\/#organization\",\"name\":\"LEGALPROD\",\"url\":\"https:\\\/\\\/www.legalprod.com\\\/es\\\/\",\"logo\":{\"@type\":\"ImageObject\",\"inLanguage\":\"es\",\"@id\":\"https:\\\/\\\/www.legalprod.com\\\/es\\\/#\\\/schema\\\/logo\\\/image\\\/\",\"url\":\"https:\\\/\\\/www.legalprod.com\\\/wp-content\\\/uploads\\\/2022\\\/11\\\/legalprod.png\",\"contentUrl\":\"https:\\\/\\\/www.legalprod.com\\\/wp-content\\\/uploads\\\/2022\\\/11\\\/legalprod.png\",\"width\":420,\"height\":127,\"caption\":\"LEGALPROD\"},\"image\":{\"@id\":\"https:\\\/\\\/www.legalprod.com\\\/es\\\/#\\\/schema\\\/logo\\\/image\\\/\"},\"sameAs\":[\"https:\\\/\\\/www.linkedin.com\\\/company\\\/legalprod\"]}]}<\/script>\n<!-- \/ Yoast SEO plugin. -->","yoast_head_json":{"title":"Gesti\u00f3n colaborativa | Software para abogados LegalProd","description":"Optimice su gesti\u00f3n colaborativa con el software de gesti\u00f3n de despachos de abogados de Legalprod. Aproveche las herramientas avanzadas para reforzar su trabajo en equipo.","robots":{"index":"index","follow":"follow","max-snippet":"max-snippet:-1","max-image-preview":"max-image-preview:large","max-video-preview":"max-video-preview:-1"},"canonical":"https:\/\/www.legalprod.com\/es\/reforzar-el-trabajo-en-equipo\/","og_locale":"es_ES","og_type":"article","og_title":"Gesti\u00f3n colaborativa | Software para abogados LegalProd","og_description":"Optimice su gesti\u00f3n colaborativa con el software de gesti\u00f3n de despachos de abogados de Legalprod. Aproveche las herramientas avanzadas para reforzar su trabajo en equipo.","og_url":"https:\/\/www.legalprod.com\/es\/reforzar-el-trabajo-en-equipo\/","og_site_name":"LEGALPROD","article_modified_time":"2024-01-22T13:19:28+00:00","twitter_card":"summary_large_image","twitter_misc":{"Tiempo de lectura":"7 minutos"},"schema":{"@context":"https:\/\/schema.org","@graph":[{"@type":"WebPage","@id":"https:\/\/www.legalprod.com\/es\/reforzar-el-trabajo-en-equipo\/","url":"https:\/\/www.legalprod.com\/es\/reforzar-el-trabajo-en-equipo\/","name":"Gesti\u00f3n colaborativa | Software para abogados LegalProd","isPartOf":{"@id":"https:\/\/www.legalprod.com\/es\/#website"},"datePublished":"2023-02-03T14:55:06+00:00","dateModified":"2024-01-22T13:19:28+00:00","description":"Optimice su gesti\u00f3n colaborativa con el software de gesti\u00f3n de despachos de abogados de Legalprod. Aproveche las herramientas avanzadas para reforzar su trabajo en equipo.","breadcrumb":{"@id":"https:\/\/www.legalprod.com\/es\/reforzar-el-trabajo-en-equipo\/#breadcrumb"},"inLanguage":"es","potentialAction":[{"@type":"ReadAction","target":["https:\/\/www.legalprod.com\/es\/reforzar-el-trabajo-en-equipo\/"]}]},{"@type":"BreadcrumbList","@id":"https:\/\/www.legalprod.com\/es\/reforzar-el-trabajo-en-equipo\/#breadcrumb","itemListElement":[{"@type":"ListItem","position":1,"name":"Accueil","item":"https:\/\/www.legalprod.com\/es\/"},{"@type":"ListItem","position":2,"name":"Reforzar el trabajo en equipo"}]},{"@type":"WebSite","@id":"https:\/\/www.legalprod.com\/es\/#website","url":"https:\/\/www.legalprod.com\/es\/","name":"LEGALPROD","description":"La plateforme intelligente des avocats performants","publisher":{"@id":"https:\/\/www.legalprod.com\/es\/#organization"},"potentialAction":[{"@type":"SearchAction","target":{"@type":"EntryPoint","urlTemplate":"https:\/\/www.legalprod.com\/es\/?s={search_term_string}"},"query-input":{"@type":"PropertyValueSpecification","valueRequired":true,"valueName":"search_term_string"}}],"inLanguage":"es"},{"@type":"Organization","@id":"https:\/\/www.legalprod.com\/es\/#organization","name":"LEGALPROD","url":"https:\/\/www.legalprod.com\/es\/","logo":{"@type":"ImageObject","inLanguage":"es","@id":"https:\/\/www.legalprod.com\/es\/#\/schema\/logo\/image\/","url":"https:\/\/www.legalprod.com\/wp-content\/uploads\/2022\/11\/legalprod.png","contentUrl":"https:\/\/www.legalprod.com\/wp-content\/uploads\/2022\/11\/legalprod.png","width":420,"height":127,"caption":"LEGALPROD"},"image":{"@id":"https:\/\/www.legalprod.com\/es\/#\/schema\/logo\/image\/"},"sameAs":["https:\/\/www.linkedin.com\/company\/legalprod"]}]}},"_links":{"self":[{"href":"https:\/\/www.legalprod.com\/es\/wp-json\/wp\/v2\/pages\/5427","targetHints":{"allow":["GET"]}}],"collection":[{"href":"https:\/\/www.legalprod.com\/es\/wp-json\/wp\/v2\/pages"}],"about":[{"href":"https:\/\/www.legalprod.com\/es\/wp-json\/wp\/v2\/types\/page"}],"author":[{"embeddable":true,"href":"https:\/\/www.legalprod.com\/es\/wp-json\/wp\/v2\/users\/1"}],"replies":[{"embeddable":true,"href":"https:\/\/www.legalprod.com\/es\/wp-json\/wp\/v2\/comments?post=5427"}],"version-history":[{"count":1,"href":"https:\/\/www.legalprod.com\/es\/wp-json\/wp\/v2\/pages\/5427\/revisions"}],"predecessor-version":[{"id":5432,"href":"https:\/\/www.legalprod.com\/es\/wp-json\/wp\/v2\/pages\/5427\/revisions\/5432"}],"wp:attachment":[{"href":"https:\/\/www.legalprod.com\/es\/wp-json\/wp\/v2\/media?parent=5427"}],"curies":[{"name":"wp","href":"https:\/\/api.w.org\/{rel}","templated":true}]}}