 {"id":5844,"date":"2023-02-16T17:19:12","date_gmt":"2023-02-16T16:19:12","guid":{"rendered":"https:\/\/www.legalprod.com\/informacion-juridica\/"},"modified":"2026-02-11T10:48:07","modified_gmt":"2026-02-11T09:48:07","slug":"informacion-juridica","status":"publish","type":"page","link":"https:\/\/www.legalprod.com\/es\/informacion-juridica\/","title":{"rendered":"Informaci\u00f3n jur\u00eddica"},"content":{"rendered":"<p>[et_pb_section fb_built=&#8221;1&#8243; next_background_color=&#8221;#ffffff&#8221; admin_label=&#8221;Header&#8221; _builder_version=&#8221;4.23.1&#8243; _module_preset=&#8221;default&#8221; background_color=&#8221;#5233ff&#8221; background_enable_image=&#8221;off&#8221; background_size=&#8221;initial&#8221; background_blend=&#8221;color&#8221; min_height=&#8221;266px&#8221; custom_margin=&#8221;||||false|false&#8221; custom_padding=&#8221;125px||||false|false&#8221; bottom_divider_style=&#8221;slant&#8221; bottom_divider_height=&#8221;0vw&#8221; bottom_divider_repeat=&#8221;1x&#8221; bottom_divider_flip=&#8221;horizontal&#8221; bottom_divider_arrangement=&#8221;above_content&#8221; border_style_all=&#8221;none&#8221; locked=&#8221;off&#8221; global_colors_info=&#8221;{%22gcid-af512a5f-530a-4e80-bfc4-3632d9174c8b%22:%91%93,%22gcid-b593ef39-6aba-4318-8d2d-133b31113704%22:%91%93}&#8221;][et_pb_row _builder_version=&#8221;4.19.0&#8243; _module_preset=&#8221;default&#8221; background_color=&#8221;RGBA(255,255,255,0)&#8221; border_color_all=&#8221;RGBA(255,255,255,0)&#8221; border_style_all=&#8221;none&#8221; global_colors_info=&#8221;{}&#8221;][et_pb_column type=&#8221;4_4&#8243; _builder_version=&#8221;4.19.5&#8243; _module_preset=&#8221;default&#8221; background_color=&#8221;RGBA(255,255,255,0)&#8221; background_enable_image=&#8221;off&#8221; background_size=&#8221;initial&#8221; custom_padding=&#8221;||||false|false&#8221; border_style_all=&#8221;none&#8221; global_colors_info=&#8221;{}&#8221;][et_pb_divider show_divider=&#8221;off&#8221; _builder_version=&#8221;4.19.0&#8243; _module_preset=&#8221;default&#8221; max_width=&#8221;50px&#8221; custom_margin=&#8221;||0px||false|false&#8221; global_colors_info=&#8221;{}&#8221;][\/et_pb_divider][et_pb_text admin_label=&#8221;Texte&#8221; _builder_version=&#8221;4.19.5&#8243; _module_preset=&#8221;default&#8221; text_font=&#8221;Barlow|500|||||||&#8221; text_font_size=&#8221;15px&#8221; text_line_height=&#8221;24px&#8221; header_font=&#8221;Barlow|700|||||||&#8221; header_text_align=&#8221;left&#8221; header_text_color=&#8221;#132F5E&#8221; header_font_size=&#8221;50px&#8221; header_line_height=&#8221;60px&#8221; header_2_font=&#8221;Barlow|600|||||||&#8221; header_2_text_align=&#8221;center&#8221; header_2_text_color=&#8221;#132F5E&#8221; header_2_font_size=&#8221;35px&#8221; header_2_line_height=&#8221;40px&#8221; header_3_font=&#8221;Barlow|600||on|||||&#8221; header_3_text_align=&#8221;left&#8221; header_3_text_color=&#8221;#132F5E&#8221; header_3_font_size=&#8221;24px&#8221; header_3_line_height=&#8221;30px&#8221; header_4_font=&#8221;Barlow|600||on|||||&#8221; header_4_text_align=&#8221;left&#8221; header_4_text_color=&#8221;#C2C5CD&#8221; header_4_line_height=&#8221;24px&#8221; module_alignment=&#8221;left&#8221; border_style_all=&#8221;none&#8221; global_colors_info=&#8221;{}&#8221;]<\/p>\n<h1 style=\"text-align: center;\" ffffff=\"\" color:=\"\"><span style=\"color: #ffffff;\">Informaci\u00f3n jur\u00eddica<\/span><\/h1>\n<p>[\/et_pb_text][\/et_pb_column][\/et_pb_row][\/et_pb_section][et_pb_section fb_built=&#8221;1&#8243; _builder_version=&#8221;4.20.0&#8243; _module_preset=&#8221;default&#8221; global_colors_info=&#8221;{}&#8221;][et_pb_row _builder_version=&#8221;4.20.0&#8243; _module_preset=&#8221;default&#8221; global_colors_info=&#8221;{}&#8221;][et_pb_column type=&#8221;4_4&#8243; _builder_version=&#8221;4.20.0&#8243; _module_preset=&#8221;default&#8221; global_colors_info=&#8221;{}&#8221;][et_pb_text _builder_version=&#8221;4.23.1&#8243; _module_preset=&#8221;default&#8221; header_text_color=&#8221;#5233ff&#8221; header_2_text_color=&#8221;#5233ff&#8221; header_3_text_color=&#8221;#5233ff&#8221; hover_enabled=&#8221;0&#8243; global_colors_info=&#8221;{}&#8221; sticky_enabled=&#8221;0&#8243;]<\/p>\n<p class=\"p1\"><span class=\"s1\">De conformidad con lo dispuesto en los art\u00edculos 6-III y 19 de la Ley n\u00ba 2004-575 de 21 de junio de 2004 sobre la confianza en la econom\u00eda digital, conocida como L.C.E.N., se pone en conocimiento de los usuarios y visitantes del sitio web https:\/\/www.legalprod.com la siguiente informaci\u00f3n:<\/span><\/p>\n<h2 style=\"margin-top: 30px; text-align: left;\"><span style=\"color: #132f5e;\">I- INFORMACI\u00d3N JUR\u00cdDICA<\/span><\/h2>\n<h3><span style=\"color: #132f5e;\">1.1. Editor del sitio<\/span><\/h3>\n<p><strong>Nombre de la empresa: <\/strong>LegalProd<br \/>Domicilio <strong>social: <\/strong>34 AV CHAMPS \u00c9LYS\u00c9ES<br \/><strong>C\u00f3digo postal: <\/strong>75008<br \/><strong>Ciudad: <\/strong>Par\u00eds<br \/><strong>Tel. :  <\/strong>01 84 80 43 79<br \/><strong>Forma jur\u00eddica: <\/strong>sas<br \/><strong>Importe del capital social :  <\/strong><strong> <\/strong>102 180.20<\/p>\n<h3><span style=\"color: #132f5e;\">1.2. ACTIVIDAD<\/span><\/h3>\n<p><strong>N\u00famero de registro mercantil: <\/strong>Par\u00eds B 900 029 422<br \/><strong>N\u00famero de IVA intracomunitario: <\/strong>FR61900029422<\/p>\n<h3><span style=\"color: #132f5e;\">1.3. P\u00e1gina web<\/span><\/h3>\n<p>El <strong>sitio web est\u00e1 alojado en el dominio: <\/strong>www.legalprod.com<\/p>\n<h3><span style=\"color: #132f5e;\">1.4. Persona responsable de la publicaci\u00f3n<\/span><\/h3>\n<p><strong>Director de la publicaci\u00f3n: <\/strong>Cyril Maucour<br \/><strong>Correo electr\u00f3nico : <\/strong>contact@legalprod.com<br \/><strong>Tel. :  <\/strong>01 84 80 43 79<br \/><strong>Representante legal de la empresa: <\/strong>Cyril Maucour<br \/><strong>Jurisdicci\u00f3n en caso de litigio: <\/strong>Par\u00eds<\/p>\n<h3><span style=\"color: #132f5e;\">1.5. Agencia \/ Webmaster<\/span><\/h3>\n<p><strong>Empresa : <a href=\"https:\/\/createur2site.fr\/\">creaci\u00f3n de sitios web createur2site.fr<\/a><\/strong><br \/><strong>Tel. :  <\/strong>06 51 89 35 83<\/p>\n<p><strong>Correo electr\u00f3nico : <\/strong><a href=\"mailto:contact@createur2site.fr\">contact@createur2site.fr<\/a><\/p>\n<h3><span style=\"color: #132f5e;\">1.6. Alojamiento<\/span><\/h3>\n<p><strong>La empresa:<\/strong> <span>Kinsta  <span style=\"color: #4c4243; font-size: 16px; line-height: 24px; font-style: normal; text-decoration: none; font-family: 'Open Sans',Arial,Helvetica,sans-serif;\">Inc. 8605 Santa Monica Blvd #92581, West Hollywood, CA 90069<\/span><br \/><\/span><\/p>\n<h2 style=\"margin-top: 30px; text-align: left;\"><span style=\"color: #132f5e;\">II. PRESENTACI\u00d3N Y PRINCIPIO<\/span><\/h2>\n<p>Se denomina : Usuario, cualquier usuario de Internet que se conecte y utilice el sitio mencionado: www.legalprod.com.<br \/>LegalProd se esfuerza por proporcionar la informaci\u00f3n m\u00e1s exacta y actualizada posible en el sitio www.legalprod.com (sin perjuicio de los cambios realizados desde su puesta en l\u00ednea), pero no puede garantizar la exactitud, exhaustividad y actualidad de la informaci\u00f3n proporcionada en su sitio, ya sea por su propia culpa o por la de terceros asociados que proporcionan esta informaci\u00f3n. Por consiguiente, los internautas deben asegurarse de la exactitud de la informaci\u00f3n e informar de cualquier cambio que consideren \u00fatil. LegalProd no se responsabiliza en modo alguno del uso que se haga de esta informaci\u00f3n, ni de los perjuicios directos o indirectos que pudieran derivarse.<\/p>\n<h2 style=\"margin-top: 30px; text-align: left;\"><span style=\"color: #132f5e;\">III. ACCESIBILIDAD<\/span><\/h2>\n<p>En principio, el sitio web www.legalprod.com es accesible a los usuarios 24 horas al d\u00eda, 7 d\u00edas a la semana, salvo en caso de interrupciones programadas o no programadas por motivos de mantenimiento o en casos de fuerza mayor. En caso de que el acceso al servicio no sea posible, LegalProd se compromete a hacer todo lo posible para restablecer el acceso al servicio. Dado que LegalProd s\u00f3lo est\u00e1 sujeta a una obligaci\u00f3n de medios, no se hace responsable de los da\u00f1os y perjuicios de cualquier naturaleza derivados de la indisponibilidad del servicio.<\/p>\n<h2 style=\"margin-top: 30px; text-align: left;\"><span style=\"color: #132f5e;\">IV. PROPIEDAD INTELECTUAL<\/span><\/h2>\n<p>LegalProd es el propietario exclusivo de todos los derechos de propiedad intelectual u ostenta los derechos de uso sobre todos los elementos accesibles en el sitio, tanto sobre la estructura como sobre los textos, im\u00e1genes, gr\u00e1ficos, logotipos, iconos, sonidos, software&#8230;<br \/>Cualquier reproducci\u00f3n total o parcial del sitio www.legalprod.com, representaci\u00f3n, modificaci\u00f3n, publicaci\u00f3n, adaptaci\u00f3n total o parcial de cualquiera de estos elementos est\u00e1 prohibida, salvo autorizaci\u00f3n previa por escrito de LegalProd. En caso contrario, se considerar\u00e1 que constituye una infracci\u00f3n y podr\u00e1 ser perseguida de conformidad con lo dispuesto en los art\u00edculos L.335-2 y siguientes del C\u00f3digo de la Propiedad Intelectual franc\u00e9s.<\/p>\n<h2 style=\"margin-top: 30px; text-align: left;\"><span style=\"color: #132f5e;\">V. ENLACES DE HIPERTEXTO Y COOKIES<\/span><\/h2>\n<p>&nbsp;<\/p>\n<h3><span style=\"color: #132f5e;\">5.1. Enlaces de hipertexto<\/span><\/h3>\n<p>El sitio web www.legalprod.com puede contener una serie de enlaces de hipertexto a otros sitios web. LegalProd no dispone de medios para controlar los sitios vinculados a su sitio web y no es responsable de la disponibilidad de dichos sitios y fuentes externas, ni los garantiza. LegalProd no se hace responsable de los da\u00f1os y perjuicios de toda naturaleza que pudieran derivarse del contenido de dichos sitios o fuentes externas y, en particular, de la informaci\u00f3n, productos o servicios que ofrecen.<br \/>Si navega a uno de estos sitios, tenga en cuenta que tienen su propia pol\u00edtica de privacidad y que nuestra responsabilidad termina cuando abandona nuestro sitio.<br \/>Los titulares de sitios web de terceros no podr\u00e1n establecer un hiperenlace a este sitio sin la autorizaci\u00f3n previa y expresa de LegalProd, que se reserva el derecho de aceptar o rechazar un hiperenlace sin tener que justificar su decisi\u00f3n.<\/p>\n<h3><span style=\"color: #132f5e;\">5.2. Cookies<\/span><\/h3>\n<p>Se informa a los usuarios de que, cuando visitan el sitio web www.legalprod.com, pueden instalarse autom\u00e1ticamente en su ordenador una o varias cookies a trav\u00e9s del software de su navegador. Una cookie es un bloque de datos que no permite identificar al usuario, pero que registra informaci\u00f3n relativa a su navegaci\u00f3n por el sitio. Contiene una serie de datos que se almacenan en tu ordenador en un simple archivo de texto al que accede un servidor para leer y registrar informaci\u00f3n.<br \/>Puedes configurar tu navegador para que te avise cuando recibas una cookie y, si lo deseas, para rechazarla, tal y como se describe en la siguiente direcci\u00f3n: www.cnil.fr.<\/p>\n<h3><span style=\"color: #132f5e;\">5.3. Cookies de terceros<\/span><\/h3>\n<p>Nuestro sitio puede contener enlaces hacia o desde sitios asociados y otros sitios de terceros. Si navega a uno de estos sitios, tenga en cuenta que tienen su propia pol\u00edtica de privacidad y que nuestra responsabilidad termina cuando abandona nuestro sitio. Compruebe las pol\u00edticas de confidencialidad antes de transmitir sus datos personales a sitios de terceros.<\/p>\n<h2 style=\"margin-top: 30px; text-align: left;\"><span style=\"color: #132f5e;\">VI. PROTECCI\u00d3N DE PERSONAS Y BIENES &#8211; GESTI\u00d3N DE DATOS PERSONALES<\/span><\/h2>\n<p>El Cliente est\u00e1 informado de la normativa relativa a las comunicaciones de marketing, la ley de 21 de junio de 2014 para la confianza en la Econom\u00eda Digital, la Ley de Protecci\u00f3n de Datos de 06 de agosto de 2004 y el Reglamento General de Protecci\u00f3n de Datos (RGPD: n\u00b0 2016-679).<\/p>\n<h3><span style=\"color: #132f5e;\">6.1. Responsables de la recogida de datos personales<\/span><\/h3>\n<p>Para los Datos Personales recogidos en el marco de la creaci\u00f3n de la cuenta personal del Usuario y de la navegaci\u00f3n en el Sitio, el responsable del tratamiento de los Datos Personales es: LegalProd. www.legalprod.com est\u00e1 representada por LegalProd, su representante legal.<br \/>Como responsable del tratamiento de los datos que recoge, www.legalprod.com se compromete a cumplir las disposiciones legales vigentes. En particular, es responsabilidad del Cliente establecer los fines de su tratamiento de datos, proporcionar a sus clientes potenciales y clientes, una vez obtenido su consentimiento, informaci\u00f3n completa sobre el tratamiento de sus datos personales y mantener un registro preciso de dicho tratamiento. Siempre que www.legalprod.com procesa Datos Personales, www.legalprod.com toma todas las medidas razonables para garantizar que los Datos Personales sean exactos y pertinentes para los fines para los que www.legalprod.com los procesa.<\/p>\n<h3><span style=\"color: #132f5e;\">6.2. Finalidad de los datos recogidos<\/span><\/h3>\n<p><strong>www.legalprod.com puede tratar algunos o todos los datos siguientes:<\/strong><\/p>\n<ul>\n<ul>\n<li>Para permitir a los usuarios navegar por el Sitio y conectarse a su \u00e1rea privada: datos de conexi\u00f3n y uso del Sitio;<\/li>\n<li>Para prevenir y combatir el fraude inform\u00e1tico (spamming, hacking, etc.): equipo inform\u00e1tico utilizado para la navegaci\u00f3n, direcci\u00f3n IP, p\u00e1ginas visitadas, etc;<\/li>\n<li>Para mejorar la navegaci\u00f3n en el Sitio: datos de conexi\u00f3n y uso ;<\/li>\n<\/ul>\n<\/ul>\n<p>www.legalprod.com no vende sus datos personales, que s\u00f3lo se utilizan cuando es necesario o con fines estad\u00edsticos y de an\u00e1lisis.<\/p>\n<h2 style=\"margin-top: 30px; text-align: left;\"><span style=\"color: #132f5e;\">VII . LIMITACI\u00d3N DE RESPONSABILIDAD<\/span><\/h2>\n<p>La informaci\u00f3n contenida en este sitio es lo m\u00e1s exacta posible y se actualiza peri\u00f3dicamente, pero puede contener inexactitudes, omisiones o lagunas. Si observa una laguna, un error o lo que parece ser un mal funcionamiento, notif\u00edquelo por correo electr\u00f3nico, describiendo el problema con la mayor precisi\u00f3n posible (p\u00e1gina que causa el problema, acci\u00f3n desencadenante, tipo de ordenador y navegador utilizados, etc.). www.legalprod.com no se hace responsable de las lagunas, errores o fallos de funcionamiento causados.<br \/>Cualquier contenido descargado se hace por cuenta y riesgo del usuario y bajo su exclusiva responsabilidad. En consecuencia, LegalProd no se hace responsable de los da\u00f1os sufridos por el ordenador del usuario ni de la p\u00e9rdida de datos resultante de la descarga.<br \/>LegalProd no se hace responsable de los enlaces de hipertexto establecidos en el marco de este sitio web que conduzcan a otros recursos de Internet.<\/p>\n<h3><span style=\"color: #132f5e;\">Acerca del aviso legal  <\/span><\/h3>\n<p>Los avisos legales definidos en esta p\u00e1gina se aplican a todo este sitio web y est\u00e1n sujetos a cambios sin previo aviso. Por ello, se invita a los usuarios del sitio a consultarlas regularmente para tomar nota de ellas.<\/p>\n<p>[\/et_pb_text][\/et_pb_column][\/et_pb_row][\/et_pb_section]<\/p>\n","protected":false},"excerpt":{"rendered":"<p>Informaci\u00f3n jur\u00eddicaDe conformidad con lo dispuesto en los art\u00edculos 6-III y 19 de la Ley n\u00ba 2004-575 de 21 de junio de 2004 sobre la confianza en la econom\u00eda digital, conocida como L.C.E.N., se pone en conocimiento de los usuarios y visitantes del sitio web https:\/\/www.legalprod.com la siguiente informaci\u00f3n: I- INFORMACI\u00d3N JUR\u00cdDICA 1.1. Editor del [&hellip;]<\/p>\n","protected":false},"author":1,"featured_media":0,"parent":0,"menu_order":0,"comment_status":"closed","ping_status":"closed","template":"","meta":{"_et_pb_use_builder":"on","_et_pb_old_content":"","_et_gb_content_width":"","_monsterinsights_skip_tracking":false,"_monsterinsights_sitenote_active":false,"_monsterinsights_sitenote_note":"","_monsterinsights_sitenote_category":0,"footnotes":""},"class_list":["post-5844","page","type-page","status-publish","hentry"],"yoast_head":"<!-- This site is optimized with the Yoast SEO plugin v27.5 - https:\/\/yoast.com\/product\/yoast-seo-wordpress\/ -->\n<title>Software LegalProd para abogados<\/title>\n<meta name=\"robots\" content=\"index, follow, max-snippet:-1, max-image-preview:large, max-video-preview:-1\" \/>\n<link rel=\"canonical\" href=\"https:\/\/www.legalprod.com\/es\/informacion-juridica\/\" \/>\n<meta property=\"og:locale\" content=\"es_ES\" \/>\n<meta property=\"og:type\" content=\"article\" \/>\n<meta property=\"og:title\" content=\"Software LegalProd para abogados\" \/>\n<meta property=\"og:description\" content=\"Informaci\u00f3n jur\u00eddicaDe conformidad con lo dispuesto en los art\u00edculos 6-III y 19 de la Ley n\u00ba 2004-575 de 21 de junio de 2004 sobre la confianza en la econom\u00eda digital, conocida como L.C.E.N., se pone en conocimiento de los usuarios y visitantes del sitio web https:\/\/www.legalprod.com la siguiente informaci\u00f3n: I- INFORMACI\u00d3N JUR\u00cdDICA 1.1. Editor del [&hellip;]\" \/>\n<meta property=\"og:url\" content=\"https:\/\/www.legalprod.com\/es\/informacion-juridica\/\" \/>\n<meta property=\"og:site_name\" content=\"LEGALPROD\" \/>\n<meta property=\"article:modified_time\" content=\"2026-02-11T09:48:07+00:00\" \/>\n<meta name=\"twitter:card\" content=\"summary_large_image\" \/>\n<meta name=\"twitter:label1\" content=\"Tiempo de lectura\" \/>\n\t<meta name=\"twitter:data1\" content=\"9 minutos\" \/>\n<script type=\"application\/ld+json\" class=\"yoast-schema-graph\">{\"@context\":\"https:\\\/\\\/schema.org\",\"@graph\":[{\"@type\":\"WebPage\",\"@id\":\"https:\\\/\\\/www.legalprod.com\\\/es\\\/informacion-juridica\\\/\",\"url\":\"https:\\\/\\\/www.legalprod.com\\\/es\\\/informacion-juridica\\\/\",\"name\":\"Software LegalProd para abogados\",\"isPartOf\":{\"@id\":\"https:\\\/\\\/www.legalprod.com\\\/es\\\/#website\"},\"datePublished\":\"2023-02-16T16:19:12+00:00\",\"dateModified\":\"2026-02-11T09:48:07+00:00\",\"breadcrumb\":{\"@id\":\"https:\\\/\\\/www.legalprod.com\\\/es\\\/informacion-juridica\\\/#breadcrumb\"},\"inLanguage\":\"es\",\"potentialAction\":[{\"@type\":\"ReadAction\",\"target\":[\"https:\\\/\\\/www.legalprod.com\\\/es\\\/informacion-juridica\\\/\"]}]},{\"@type\":\"BreadcrumbList\",\"@id\":\"https:\\\/\\\/www.legalprod.com\\\/es\\\/informacion-juridica\\\/#breadcrumb\",\"itemListElement\":[{\"@type\":\"ListItem\",\"position\":1,\"name\":\"Accueil\",\"item\":\"https:\\\/\\\/www.legalprod.com\\\/es\\\/\"},{\"@type\":\"ListItem\",\"position\":2,\"name\":\"Informaci\u00f3n jur\u00eddica\"}]},{\"@type\":\"WebSite\",\"@id\":\"https:\\\/\\\/www.legalprod.com\\\/es\\\/#website\",\"url\":\"https:\\\/\\\/www.legalprod.com\\\/es\\\/\",\"name\":\"LEGALPROD\",\"description\":\"La plateforme intelligente des avocats performants\",\"publisher\":{\"@id\":\"https:\\\/\\\/www.legalprod.com\\\/es\\\/#organization\"},\"potentialAction\":[{\"@type\":\"SearchAction\",\"target\":{\"@type\":\"EntryPoint\",\"urlTemplate\":\"https:\\\/\\\/www.legalprod.com\\\/es\\\/?s={search_term_string}\"},\"query-input\":{\"@type\":\"PropertyValueSpecification\",\"valueRequired\":true,\"valueName\":\"search_term_string\"}}],\"inLanguage\":\"es\"},{\"@type\":\"Organization\",\"@id\":\"https:\\\/\\\/www.legalprod.com\\\/es\\\/#organization\",\"name\":\"LEGALPROD\",\"url\":\"https:\\\/\\\/www.legalprod.com\\\/es\\\/\",\"logo\":{\"@type\":\"ImageObject\",\"inLanguage\":\"es\",\"@id\":\"https:\\\/\\\/www.legalprod.com\\\/es\\\/#\\\/schema\\\/logo\\\/image\\\/\",\"url\":\"https:\\\/\\\/www.legalprod.com\\\/wp-content\\\/uploads\\\/2022\\\/11\\\/legalprod.png\",\"contentUrl\":\"https:\\\/\\\/www.legalprod.com\\\/wp-content\\\/uploads\\\/2022\\\/11\\\/legalprod.png\",\"width\":420,\"height\":127,\"caption\":\"LEGALPROD\"},\"image\":{\"@id\":\"https:\\\/\\\/www.legalprod.com\\\/es\\\/#\\\/schema\\\/logo\\\/image\\\/\"},\"sameAs\":[\"https:\\\/\\\/www.linkedin.com\\\/company\\\/legalprod\"]}]}<\/script>\n<!-- \/ Yoast SEO plugin. -->","yoast_head_json":{"title":"Software LegalProd para abogados","robots":{"index":"index","follow":"follow","max-snippet":"max-snippet:-1","max-image-preview":"max-image-preview:large","max-video-preview":"max-video-preview:-1"},"canonical":"https:\/\/www.legalprod.com\/es\/informacion-juridica\/","og_locale":"es_ES","og_type":"article","og_title":"Software LegalProd para abogados","og_description":"Informaci\u00f3n jur\u00eddicaDe conformidad con lo dispuesto en los art\u00edculos 6-III y 19 de la Ley n\u00ba 2004-575 de 21 de junio de 2004 sobre la confianza en la econom\u00eda digital, conocida como L.C.E.N., se pone en conocimiento de los usuarios y visitantes del sitio web https:\/\/www.legalprod.com la siguiente informaci\u00f3n: I- INFORMACI\u00d3N JUR\u00cdDICA 1.1. Editor del [&hellip;]","og_url":"https:\/\/www.legalprod.com\/es\/informacion-juridica\/","og_site_name":"LEGALPROD","article_modified_time":"2026-02-11T09:48:07+00:00","twitter_card":"summary_large_image","twitter_misc":{"Tiempo de lectura":"9 minutos"},"schema":{"@context":"https:\/\/schema.org","@graph":[{"@type":"WebPage","@id":"https:\/\/www.legalprod.com\/es\/informacion-juridica\/","url":"https:\/\/www.legalprod.com\/es\/informacion-juridica\/","name":"Software LegalProd para abogados","isPartOf":{"@id":"https:\/\/www.legalprod.com\/es\/#website"},"datePublished":"2023-02-16T16:19:12+00:00","dateModified":"2026-02-11T09:48:07+00:00","breadcrumb":{"@id":"https:\/\/www.legalprod.com\/es\/informacion-juridica\/#breadcrumb"},"inLanguage":"es","potentialAction":[{"@type":"ReadAction","target":["https:\/\/www.legalprod.com\/es\/informacion-juridica\/"]}]},{"@type":"BreadcrumbList","@id":"https:\/\/www.legalprod.com\/es\/informacion-juridica\/#breadcrumb","itemListElement":[{"@type":"ListItem","position":1,"name":"Accueil","item":"https:\/\/www.legalprod.com\/es\/"},{"@type":"ListItem","position":2,"name":"Informaci\u00f3n jur\u00eddica"}]},{"@type":"WebSite","@id":"https:\/\/www.legalprod.com\/es\/#website","url":"https:\/\/www.legalprod.com\/es\/","name":"LEGALPROD","description":"La plateforme intelligente des avocats performants","publisher":{"@id":"https:\/\/www.legalprod.com\/es\/#organization"},"potentialAction":[{"@type":"SearchAction","target":{"@type":"EntryPoint","urlTemplate":"https:\/\/www.legalprod.com\/es\/?s={search_term_string}"},"query-input":{"@type":"PropertyValueSpecification","valueRequired":true,"valueName":"search_term_string"}}],"inLanguage":"es"},{"@type":"Organization","@id":"https:\/\/www.legalprod.com\/es\/#organization","name":"LEGALPROD","url":"https:\/\/www.legalprod.com\/es\/","logo":{"@type":"ImageObject","inLanguage":"es","@id":"https:\/\/www.legalprod.com\/es\/#\/schema\/logo\/image\/","url":"https:\/\/www.legalprod.com\/wp-content\/uploads\/2022\/11\/legalprod.png","contentUrl":"https:\/\/www.legalprod.com\/wp-content\/uploads\/2022\/11\/legalprod.png","width":420,"height":127,"caption":"LEGALPROD"},"image":{"@id":"https:\/\/www.legalprod.com\/es\/#\/schema\/logo\/image\/"},"sameAs":["https:\/\/www.linkedin.com\/company\/legalprod"]}]}},"_links":{"self":[{"href":"https:\/\/www.legalprod.com\/es\/wp-json\/wp\/v2\/pages\/5844","targetHints":{"allow":["GET"]}}],"collection":[{"href":"https:\/\/www.legalprod.com\/es\/wp-json\/wp\/v2\/pages"}],"about":[{"href":"https:\/\/www.legalprod.com\/es\/wp-json\/wp\/v2\/types\/page"}],"author":[{"embeddable":true,"href":"https:\/\/www.legalprod.com\/es\/wp-json\/wp\/v2\/users\/1"}],"replies":[{"embeddable":true,"href":"https:\/\/www.legalprod.com\/es\/wp-json\/wp\/v2\/comments?post=5844"}],"version-history":[{"count":3,"href":"https:\/\/www.legalprod.com\/es\/wp-json\/wp\/v2\/pages\/5844\/revisions"}],"predecessor-version":[{"id":20246,"href":"https:\/\/www.legalprod.com\/es\/wp-json\/wp\/v2\/pages\/5844\/revisions\/20246"}],"wp:attachment":[{"href":"https:\/\/www.legalprod.com\/es\/wp-json\/wp\/v2\/media?parent=5844"}],"curies":[{"name":"wp","href":"https:\/\/api.w.org\/{rel}","templated":true}]}}