 {"id":5871,"date":"2023-12-08T19:03:12","date_gmt":"2023-12-08T18:03:12","guid":{"rendered":"https:\/\/www.legalprod.com\/quienes-somos\/"},"modified":"2024-09-23T12:30:49","modified_gmt":"2024-09-23T10:30:49","slug":"quienes-somos","status":"publish","type":"page","link":"https:\/\/www.legalprod.com\/es\/quienes-somos\/","title":{"rendered":"Qui\u00e9nes somos"},"content":{"rendered":"<p>[et_pb_section fb_built=&#8221;1&#8243; custom_padding_last_edited=&#8221;on|tablet&#8221; _builder_version=&#8221;4.23.1&#8243; _module_preset=&#8221;default&#8221; background_color=&#8221;#5233ff&#8221; z_index=&#8221;1&#8243; custom_padding=&#8221;205px||210px||false|false&#8221; custom_padding_tablet=&#8221;175px||150px||false|false&#8221; custom_padding_phone=&#8221;175px||150px||false|false&#8221; global_colors_info=&#8221;{}&#8221;][et_pb_row column_structure=&#8221;1_2,1_2&#8243; use_custom_gutter=&#8221;on&#8221; gutter_width=&#8221;1&#8243; _builder_version=&#8221;4.23.1&#8243; _module_preset=&#8221;default&#8221; max_width=&#8221;1200px&#8221; module_alignment=&#8221;center&#8221; custom_padding=&#8221;||0px|||&#8221; global_colors_info=&#8221;{}&#8221;][et_pb_column type=&#8221;1_2&#8243; _builder_version=&#8221;4.23.1&#8243; _module_preset=&#8221;default&#8221; global_colors_info=&#8221;{}&#8221;][et_pb_text _builder_version=&#8221;4.23.1&#8243; _module_preset=&#8221;default&#8221; text_font=&#8221;Poppins||||||||&#8221; text_text_color=&#8221;#020000&#8243; text_font_size=&#8221;73px&#8221; text_line_height=&#8221;150%&#8221; header_font=&#8221;Poppins||||||||&#8221; header_text_color=&#8221;#ffffff&#8221; header_font_size=&#8221;45px&#8221; header_line_height=&#8221;190%&#8221; custom_padding=&#8221;||20px||false|false&#8221; header_font_size_tablet=&#8221;35px&#8221; header_font_size_phone=&#8221;35px&#8221; header_font_size_last_edited=&#8221;on|tablet&#8221; global_colors_info=&#8221;{}&#8221;]<\/p>\n<h1>Qui\u00e9nes somos<\/h1>\n<p>[\/et_pb_text][et_pb_text _builder_version=&#8221;4.23.1&#8243; _module_preset=&#8221;default&#8221; text_text_color=&#8221;#e2e2e2&#8243; custom_padding=&#8221;||10px||false|false&#8221; global_colors_info=&#8221;{}&#8221;]<\/p>\n<p>LegalProd se fund\u00f3 en 2021 con el objetivo de cambiar el flujo de trabajo de las empresas jur\u00eddicas. Nos propusimos crear la mejor plataforma para abogados, profesionales del derecho y todos aquellos que trabajan en la profesi\u00f3n jur\u00eddica. Y no nos conformamos con eso: queremos revolucionar la forma de trabajar de estos profesionales a escala mundial. Y estamos aqu\u00ed para quedarnos.<\/p>\n<p>[\/et_pb_text][\/et_pb_column][et_pb_column type=&#8221;1_2&#8243; _builder_version=&#8221;4.23.1&#8243; _module_preset=&#8221;default&#8221; global_colors_info=&#8221;{}&#8221;][et_pb_image src=&#8221;https:\/\/www.legalprod.com\/wp-content\/uploads\/2023\/12\/Asset-2-8.png&#8221; alt=&#8221;Icon LegalProd&#8221; title_text=&#8221;Icon LegalProd&#8221; align=&#8221;right&#8221; disabled_on=&#8221;on|on|off&#8221; _builder_version=&#8221;4.23.1&#8243; _module_preset=&#8221;default&#8221; width=&#8221;60%&#8221; module_alignment=&#8221;center&#8221; custom_padding=&#8221;|||25%|false|false&#8221; scroll_vertical_motion_enable=&#8221;on&#8221; scroll_vertical_motion=&#8221;0|50|50|100|0|0.25|0.5&#8243; global_colors_info=&#8221;{}&#8221;][\/et_pb_image][\/et_pb_column][\/et_pb_row][\/et_pb_section][et_pb_section fb_built=&#8221;1&#8243; custom_padding_last_edited=&#8221;on|phone&#8221; _builder_version=&#8221;4.23.1&#8243; _module_preset=&#8221;default&#8221; z_index=&#8221;2&#8243; custom_margin=&#8221;45px||||false|false&#8221; custom_padding=&#8221;0px||100px||false|false&#8221; custom_padding_tablet=&#8221;0px||75px||false|false&#8221; custom_padding_phone=&#8221;0px||50px||false|false&#8221; global_colors_info=&#8221;{}&#8221;][et_pb_row custom_padding_last_edited=&#8221;on|phone&#8221; _builder_version=&#8221;4.23.1&#8243; _module_preset=&#8221;default&#8221; background_color=&#8221;#FFFFFF&#8221; max_width=&#8221;1210px&#8221; custom_margin=&#8221;|auto||auto|false|false&#8221; custom_padding=&#8221;45px|55px|45px|55px|true|true&#8221; custom_padding_tablet=&#8221;45px|55px|45px|55px|true|true&#8221; custom_padding_phone=&#8221;45px|10px|45px|10px|true|true&#8221; border_radii=&#8221;on|10px|10px|10px|10px&#8221; global_colors_info=&#8221;{}&#8221;][et_pb_column type=&#8221;4_4&#8243; _builder_version=&#8221;4.23.1&#8243; _module_preset=&#8221;default&#8221; global_colors_info=&#8221;{}&#8221;][et_pb_text _builder_version=&#8221;4.23.1&#8243; _module_preset=&#8221;default&#8221; header_2_text_align=&#8221;center&#8221; header_2_text_color=&#8221;#43414e&#8221; header_2_font_size=&#8221;40px&#8221; custom_margin=&#8221;||15px||false|false&#8221; global_colors_info=&#8221;{}&#8221;]<\/p>\n<h2>Te cuidan bien<\/h2>\n<p>[\/et_pb_text][et_pb_text _builder_version=&#8221;4.23.1&#8243; _module_preset=&#8221;default&#8221; text_font_size=&#8221;18px&#8221; text_line_height=&#8221;130%&#8221; text_orientation=&#8221;center&#8221; custom_padding=&#8221;|10%||10%|false|true&#8221; custom_padding_tablet=&#8221;|10%||10%|false|true&#8221; custom_padding_phone=&#8221;|2%||2%|false|true&#8221; custom_padding_last_edited=&#8221;on|phone&#8221; global_colors_info=&#8221;{}&#8221;]<\/p>\n<p>Armado con un abogado, un representante comercial de gran experiencia y un experimentado jefe de desarrollo, nuestro peque\u00f1o equipo demuestra que todo es posible.<\/p>\n<p>[\/et_pb_text][\/et_pb_column][\/et_pb_row][et_pb_row make_equal=&#8221;on&#8221; _builder_version=&#8221;4.23.1&#8243; _module_preset=&#8221;default&#8221; max_width=&#8221;1200px&#8221; custom_margin=&#8221;||4px||false|false&#8221; custom_padding=&#8221;0px||0px||false|false&#8221; global_colors_info=&#8221;{}&#8221;][et_pb_column type=&#8221;4_4&#8243; _builder_version=&#8221;4.23.1&#8243; _module_preset=&#8221;default&#8221; background_color=&#8221;#FFFFFF&#8221; custom_padding=&#8221;50px|50px|50px|50px|true|true&#8221; border_radii=&#8221;on|10px|10px|10px|10px&#8221; global_colors_info=&#8221;{}&#8221;][et_pb_team_member name=&#8221;Cyril MAUCOUR&#8221; position=&#8221;Presidente (CEO)&#8221; image_url=&#8221;https:\/\/www.legalprod.com\/wp-content\/uploads\/2023\/12\/Cyril-1-1024&#215;1024.jpg&#8221; linkedin_url=&#8221;https:\/\/www.linkedin.com\/in\/cyril-maucour\/&#8221; _builder_version=&#8221;4.23.1&#8243; _module_preset=&#8221;default&#8221; header_level=&#8221;h3&#8243; header_text_align=&#8221;left&#8221; header_text_color=&#8221;#43414e&#8221; header_font_size=&#8221;1.5rem&#8221; body_text_align=&#8221;left&#8221; text_orientation=&#8221;center&#8221; module_alignment=&#8221;center&#8221; custom_margin=&#8221;||45px||false|false&#8221; custom_css_main_element=&#8221;background-color: #FFFFFF;||  border-radius: 25px 25px 25px 25px;||  overflow: hidden;||  padding: 25px;||  box-shadow: 0px 5px 25px 0px rgba(225,234,248,1);&#8221; border_radii_image=&#8221;on|500px|500px|500px|500px&#8221; global_colors_info=&#8221;{}&#8221;]<\/p>\n<p>Trabaj\u00f3 m\u00e1s de 15 a\u00f1os como socio en bufetes internacionales (Baker McKenzie, Ernst &amp; Young) y franceses (Ravet &amp; Associes, Bignon Lebray, DS avocats). Su conocimiento del funcionamiento y las necesidades de los despachos de abogados es un activo fundamental para LegalProd.<\/p>\n<p>[\/et_pb_team_member][et_pb_team_member name=&#8221;Djibril Bathily&#8221; position=&#8221;Director de inform\u00e1tica&#8221; linkedin_url=&#8221;https:\/\/www.linkedin.com\/in\/dbathily\/&#8221; _builder_version=&#8221;4.23.1&#8243; _module_preset=&#8221;default&#8221; header_level=&#8221;h3&#8243; header_text_align=&#8221;left&#8221; header_text_color=&#8221;#43414e&#8221; header_font_size=&#8221;1.5rem&#8221; body_text_align=&#8221;left&#8221; text_orientation=&#8221;center&#8221; module_alignment=&#8221;center&#8221; custom_margin=&#8221;||45px||false|false&#8221; hover_enabled=&#8221;0&#8243; custom_css_main_element=&#8221;background-color: #FFFFFF;||  border-radius: 25px 25px 25px 25px;||  overflow: hidden;||  padding: 25px;||  box-shadow: 0px 5px 25px 0px rgba(225,234,248,1);&#8221; border_radii=&#8221;on|500px|500px|500px|500px&#8221; border_radii_image=&#8221;on|500px|500px|500px|500px&#8221; global_colors_info=&#8221;{}&#8221; title_text=&#8221;WhatsApp Image 2024-09-23 \u00e0 12.13.50_e17ea6a5&#8243; image_url=&#8221;https:\/\/www.legalprod.com\/wp-content\/uploads\/2024\/09\/WhatsApp-Image-2024-09-23-a-12.13.50_e17ea6a5.jpg&#8221; sticky_enabled=&#8221;0&#8243;]<\/p>\n<p>Djibril se gradu\u00f3 en HETIC como Lead Tech y es nuestro principal desarrollador full stack.<\/p>\n<p>[\/et_pb_team_member][et_pb_team_member name=&#8221;Yvan TATSI KETCHAPA&#8221; position=&#8221;Desarrollador Full Stack&#8221; image_url=&#8221;https:\/\/www.legalprod.com\/wp-content\/uploads\/2024\/09\/WhatsApp-Image-2024-09-23-a-12.23.46_9465a6c8.jpg&#8221; linkedin_url=&#8221;https:\/\/www.linkedin.com\/in\/yvan-tatsi-ketchapa-474902182\/&#8221; _builder_version=&#8221;4.23.1&#8243; _module_preset=&#8221;default&#8221; header_level=&#8221;h3&#8243; header_text_align=&#8221;left&#8221; header_text_color=&#8221;#43414e&#8221; header_font_size=&#8221;1.5rem&#8221; body_text_align=&#8221;left&#8221; text_orientation=&#8221;center&#8221; module_alignment=&#8221;center&#8221; custom_margin=&#8221;||45px||false|false&#8221; hover_enabled=&#8221;0&#8243; custom_css_main_element=&#8221;background-color: #FFFFFF;||  border-radius: 25px 25px 25px 25px;||  overflow: hidden;||  padding: 25px;||  box-shadow: 0px 5px 25px 0px rgba(225,234,248,1);&#8221; border_radii_image=&#8221;on|500px|500px|500px|500px&#8221; global_colors_info=&#8221;{}&#8221; title_text=&#8221;WhatsApp Image 2024-09-23 \u00e0 12.23.46_9465a6c8&#8243; sticky_enabled=&#8221;0&#8243;]<\/p>\n<p>\u00c9cole d&#8217;Ing\u00e9nieurs du Littoral &#8211; C\u00f4te d&#8217;Opale \u00c9cole d&#8217;Ing\u00e9nieurs du Littoral &#8211; C\u00f4te d&#8217;Opale Licenciatura en Ingenier\u00eda, Inform\u00e1tica<\/p>\n<p>[\/et_pb_team_member][et_pb_team_member name=&#8221;Y un mont\u00f3n de aut\u00f3nomos y agencias&#8221; position=&#8221;Muchos \u00e1mbitos de especializaci\u00f3n&#8221; image_url=&#8221;https:\/\/www.legalprod.com\/wp-content\/uploads\/2023\/12\/stan-de-jesus-oliveira-1024&#215;683.jpg&#8221; _builder_version=&#8221;4.23.1&#8243; _module_preset=&#8221;default&#8221; header_level=&#8221;h3&#8243; header_text_align=&#8221;left&#8221; header_text_color=&#8221;#43414e&#8221; header_font_size=&#8221;1.5rem&#8221; body_text_align=&#8221;left&#8221; text_orientation=&#8221;center&#8221; module_alignment=&#8221;center&#8221; custom_margin=&#8221;||45px||false|false&#8221; custom_css_main_element=&#8221;background-color: #FFFFFF;||  border-radius: 25px 25px 25px 25px;||  overflow: hidden;||  padding: 25px;||  box-shadow: 0px 5px 25px 0px rgba(225,234,248,1);&#8221; border_radii_image=&#8221;on|500px|500px|500px|500px&#8221; global_colors_info=&#8221;{}&#8221; border_radii__hover_enabled=&#8221;off|desktop&#8221;]<\/p>\n<p>Para ayudarnos, recurrimos a una serie de aut\u00f3nomos de todo el mundo, ya sea para desarrollar nuestra plataforma LegalProd, para nuestro marketing, nuestro sitio web, etc. Nos gustar\u00eda dar las gracias a todos por su duro trabajo. Eres extraordinario. No podemos enumerarlos todos porque son demasiados, \u00a1pero todos estar\u00e1n all\u00ed! \u00a1Muchas gracias!<\/p>\n<p>[\/et_pb_team_member][\/et_pb_column][\/et_pb_row][\/et_pb_section][et_pb_section fb_built=&#8221;1&#8243; _builder_version=&#8221;4.23.1&#8243; _module_preset=&#8221;default&#8221; background_color=&#8221;#fca739&#8243; use_background_color_gradient=&#8221;on&#8221; background_color_gradient_type=&#8221;circular&#8221; background_color_gradient_direction_radial=&#8221;bottom left&#8221; background_color_gradient_stops=&#8221;#5233ff 0%|rgba(255,255,255,0) 33%|rgba(255,255,255,0) 100%&#8221; global_colors_info=&#8221;{}&#8221;][et_pb_row _builder_version=&#8221;4.23.1&#8243; _module_preset=&#8221;default&#8221; max_width=&#8221;1200px&#8221; custom_padding=&#8221;||15px||false|false&#8221; global_colors_info=&#8221;{}&#8221;][et_pb_column type=&#8221;4_4&#8243; _builder_version=&#8221;4.23.1&#8243; _module_preset=&#8221;default&#8221; global_colors_info=&#8221;{}&#8221;][et_pb_text _builder_version=&#8221;4.23.1&#8243; _module_preset=&#8221;default&#8221; text_text_color=&#8221;#FFFFFF&#8221; text_font_size=&#8221;40px&#8221; text_line_height=&#8221;100%&#8221; text_orientation=&#8221;center&#8221; custom_margin=&#8221;||30px|||&#8221; global_colors_info=&#8221;{}&#8221;]<\/p>\n<aside>\n<p>P\u00f3ngase en contacto con nosotros<\/p>\n<\/aside>\n<p>[\/et_pb_text][et_pb_text _builder_version=&#8221;4.23.1&#8243; _module_preset=&#8221;default&#8221; text_text_color=&#8221;#ededed&#8221; text_font_size=&#8221;18px&#8221; text_orientation=&#8221;center&#8221; custom_padding=&#8221;|15%||15%|false|true&#8221; global_colors_info=&#8221;{}&#8221;]<\/p>\n<aside>\n<p>P\u00f3ngase en contacto con nuestro equipo de ventas para encontrar el mejor plan para su consulta.<\/p>\n<\/aside>\n<p>[\/et_pb_text][\/et_pb_column][\/et_pb_row][et_pb_row use_custom_gutter=&#8221;on&#8221; gutter_width=&#8221;2&#8243; _builder_version=&#8221;4.23.1&#8243; _module_preset=&#8221;default&#8221; max_width=&#8221;1200px&#8221; global_colors_info=&#8221;{}&#8221;][et_pb_column type=&#8221;4_4&#8243; _builder_version=&#8221;4.23.1&#8243; _module_preset=&#8221;default&#8221; global_colors_info=&#8221;{}&#8221;][et_pb_button button_url=&#8221;https:\/\/www.legalprod.com\/es\/demarrer\/&#8221; button_text=&#8221;Solicitar una demostraci\u00f3n&#8221; button_alignment=&#8221;center&#8221; disabled_on=&#8221;off|off|off&#8221; _builder_version=&#8221;4.23.1&#8243; _module_preset=&#8221;default&#8221; custom_button=&#8221;on&#8221; button_text_size=&#8221;20px&#8221; button_text_color=&#8221;#020202&#8243; button_bg_color=&#8221;#FFFFFF&#8221; button_border_width=&#8221;2px&#8221; button_border_color=&#8221;#FFFFFF&#8221; button_border_radius=&#8221;25px&#8221; custom_padding=&#8221;10px|33px|13px|33px|false|true&#8221; global_colors_info=&#8221;{}&#8221; button_text_color__hover=&#8221;#FFFFFF&#8221; button_text_color__hover_enabled=&#8221;on|hover&#8221; button_bg_color__hover=&#8221;RGBA(255,255,255,0)&#8221; button_bg_color__hover_enabled=&#8221;on|hover&#8221;][\/et_pb_button][\/et_pb_column][\/et_pb_row][\/et_pb_section]<\/p>\n","protected":false},"excerpt":{"rendered":"<p>Qui\u00e9nes somosLegalProd se fund\u00f3 en 2021 con el objetivo de cambiar el flujo de trabajo de las empresas jur\u00eddicas. Nos propusimos crear la mejor plataforma para abogados, profesionales del derecho y todos aquellos que trabajan en la profesi\u00f3n jur\u00eddica. Y no nos conformamos con eso: queremos revolucionar la forma de trabajar de estos profesionales a [&hellip;]<\/p>\n","protected":false},"author":3,"featured_media":0,"parent":0,"menu_order":0,"comment_status":"closed","ping_status":"closed","template":"","meta":{"_et_pb_use_builder":"on","_et_pb_old_content":"","_et_gb_content_width":"","_monsterinsights_skip_tracking":false,"_monsterinsights_sitenote_active":false,"_monsterinsights_sitenote_note":"","_monsterinsights_sitenote_category":0,"footnotes":""},"class_list":["post-5871","page","type-page","status-publish","hentry"],"yoast_head":"<!-- This site is optimized with the Yoast SEO plugin v27.5 - https:\/\/yoast.com\/product\/yoast-seo-wordpress\/ -->\n<title>Qui\u00e9nes somos - LEGALPROD<\/title>\n<meta name=\"robots\" content=\"index, follow, max-snippet:-1, max-image-preview:large, max-video-preview:-1\" \/>\n<link rel=\"canonical\" href=\"https:\/\/www.legalprod.com\/es\/quienes-somos\/\" \/>\n<meta property=\"og:locale\" content=\"es_ES\" \/>\n<meta property=\"og:type\" content=\"article\" \/>\n<meta property=\"og:title\" content=\"Qui\u00e9nes somos - LEGALPROD\" \/>\n<meta property=\"og:description\" content=\"Qui\u00e9nes somosLegalProd se fund\u00f3 en 2021 con el objetivo de cambiar el flujo de trabajo de las empresas jur\u00eddicas. Nos propusimos crear la mejor plataforma para abogados, profesionales del derecho y todos aquellos que trabajan en la profesi\u00f3n jur\u00eddica. Y no nos conformamos con eso: queremos revolucionar la forma de trabajar de estos profesionales a [&hellip;]\" \/>\n<meta property=\"og:url\" content=\"https:\/\/www.legalprod.com\/es\/quienes-somos\/\" \/>\n<meta property=\"og:site_name\" content=\"LEGALPROD\" \/>\n<meta property=\"article:modified_time\" content=\"2024-09-23T10:30:49+00:00\" \/>\n<meta name=\"twitter:card\" content=\"summary_large_image\" \/>\n<meta name=\"twitter:label1\" content=\"Tiempo de lectura\" \/>\n\t<meta name=\"twitter:data1\" content=\"7 minutos\" \/>\n<script type=\"application\/ld+json\" class=\"yoast-schema-graph\">{\"@context\":\"https:\\\/\\\/schema.org\",\"@graph\":[{\"@type\":\"WebPage\",\"@id\":\"https:\\\/\\\/www.legalprod.com\\\/es\\\/quienes-somos\\\/\",\"url\":\"https:\\\/\\\/www.legalprod.com\\\/es\\\/quienes-somos\\\/\",\"name\":\"Qui\u00e9nes somos - LEGALPROD\",\"isPartOf\":{\"@id\":\"https:\\\/\\\/www.legalprod.com\\\/es\\\/#website\"},\"datePublished\":\"2023-12-08T18:03:12+00:00\",\"dateModified\":\"2024-09-23T10:30:49+00:00\",\"breadcrumb\":{\"@id\":\"https:\\\/\\\/www.legalprod.com\\\/es\\\/quienes-somos\\\/#breadcrumb\"},\"inLanguage\":\"es\",\"potentialAction\":[{\"@type\":\"ReadAction\",\"target\":[\"https:\\\/\\\/www.legalprod.com\\\/es\\\/quienes-somos\\\/\"]}]},{\"@type\":\"BreadcrumbList\",\"@id\":\"https:\\\/\\\/www.legalprod.com\\\/es\\\/quienes-somos\\\/#breadcrumb\",\"itemListElement\":[{\"@type\":\"ListItem\",\"position\":1,\"name\":\"Accueil\",\"item\":\"https:\\\/\\\/www.legalprod.com\\\/es\\\/\"},{\"@type\":\"ListItem\",\"position\":2,\"name\":\"Qui\u00e9nes somos\"}]},{\"@type\":\"WebSite\",\"@id\":\"https:\\\/\\\/www.legalprod.com\\\/es\\\/#website\",\"url\":\"https:\\\/\\\/www.legalprod.com\\\/es\\\/\",\"name\":\"LEGALPROD\",\"description\":\"La plateforme intelligente des avocats performants\",\"publisher\":{\"@id\":\"https:\\\/\\\/www.legalprod.com\\\/es\\\/#organization\"},\"potentialAction\":[{\"@type\":\"SearchAction\",\"target\":{\"@type\":\"EntryPoint\",\"urlTemplate\":\"https:\\\/\\\/www.legalprod.com\\\/es\\\/?s={search_term_string}\"},\"query-input\":{\"@type\":\"PropertyValueSpecification\",\"valueRequired\":true,\"valueName\":\"search_term_string\"}}],\"inLanguage\":\"es\"},{\"@type\":\"Organization\",\"@id\":\"https:\\\/\\\/www.legalprod.com\\\/es\\\/#organization\",\"name\":\"LEGALPROD\",\"url\":\"https:\\\/\\\/www.legalprod.com\\\/es\\\/\",\"logo\":{\"@type\":\"ImageObject\",\"inLanguage\":\"es\",\"@id\":\"https:\\\/\\\/www.legalprod.com\\\/es\\\/#\\\/schema\\\/logo\\\/image\\\/\",\"url\":\"https:\\\/\\\/www.legalprod.com\\\/wp-content\\\/uploads\\\/2022\\\/11\\\/legalprod.png\",\"contentUrl\":\"https:\\\/\\\/www.legalprod.com\\\/wp-content\\\/uploads\\\/2022\\\/11\\\/legalprod.png\",\"width\":420,\"height\":127,\"caption\":\"LEGALPROD\"},\"image\":{\"@id\":\"https:\\\/\\\/www.legalprod.com\\\/es\\\/#\\\/schema\\\/logo\\\/image\\\/\"},\"sameAs\":[\"https:\\\/\\\/www.linkedin.com\\\/company\\\/legalprod\"]}]}<\/script>\n<!-- \/ Yoast SEO plugin. -->","yoast_head_json":{"title":"Qui\u00e9nes somos - LEGALPROD","robots":{"index":"index","follow":"follow","max-snippet":"max-snippet:-1","max-image-preview":"max-image-preview:large","max-video-preview":"max-video-preview:-1"},"canonical":"https:\/\/www.legalprod.com\/es\/quienes-somos\/","og_locale":"es_ES","og_type":"article","og_title":"Qui\u00e9nes somos - LEGALPROD","og_description":"Qui\u00e9nes somosLegalProd se fund\u00f3 en 2021 con el objetivo de cambiar el flujo de trabajo de las empresas jur\u00eddicas. Nos propusimos crear la mejor plataforma para abogados, profesionales del derecho y todos aquellos que trabajan en la profesi\u00f3n jur\u00eddica. Y no nos conformamos con eso: queremos revolucionar la forma de trabajar de estos profesionales a [&hellip;]","og_url":"https:\/\/www.legalprod.com\/es\/quienes-somos\/","og_site_name":"LEGALPROD","article_modified_time":"2024-09-23T10:30:49+00:00","twitter_card":"summary_large_image","twitter_misc":{"Tiempo de lectura":"7 minutos"},"schema":{"@context":"https:\/\/schema.org","@graph":[{"@type":"WebPage","@id":"https:\/\/www.legalprod.com\/es\/quienes-somos\/","url":"https:\/\/www.legalprod.com\/es\/quienes-somos\/","name":"Qui\u00e9nes somos - LEGALPROD","isPartOf":{"@id":"https:\/\/www.legalprod.com\/es\/#website"},"datePublished":"2023-12-08T18:03:12+00:00","dateModified":"2024-09-23T10:30:49+00:00","breadcrumb":{"@id":"https:\/\/www.legalprod.com\/es\/quienes-somos\/#breadcrumb"},"inLanguage":"es","potentialAction":[{"@type":"ReadAction","target":["https:\/\/www.legalprod.com\/es\/quienes-somos\/"]}]},{"@type":"BreadcrumbList","@id":"https:\/\/www.legalprod.com\/es\/quienes-somos\/#breadcrumb","itemListElement":[{"@type":"ListItem","position":1,"name":"Accueil","item":"https:\/\/www.legalprod.com\/es\/"},{"@type":"ListItem","position":2,"name":"Qui\u00e9nes somos"}]},{"@type":"WebSite","@id":"https:\/\/www.legalprod.com\/es\/#website","url":"https:\/\/www.legalprod.com\/es\/","name":"LEGALPROD","description":"La plateforme intelligente des avocats performants","publisher":{"@id":"https:\/\/www.legalprod.com\/es\/#organization"},"potentialAction":[{"@type":"SearchAction","target":{"@type":"EntryPoint","urlTemplate":"https:\/\/www.legalprod.com\/es\/?s={search_term_string}"},"query-input":{"@type":"PropertyValueSpecification","valueRequired":true,"valueName":"search_term_string"}}],"inLanguage":"es"},{"@type":"Organization","@id":"https:\/\/www.legalprod.com\/es\/#organization","name":"LEGALPROD","url":"https:\/\/www.legalprod.com\/es\/","logo":{"@type":"ImageObject","inLanguage":"es","@id":"https:\/\/www.legalprod.com\/es\/#\/schema\/logo\/image\/","url":"https:\/\/www.legalprod.com\/wp-content\/uploads\/2022\/11\/legalprod.png","contentUrl":"https:\/\/www.legalprod.com\/wp-content\/uploads\/2022\/11\/legalprod.png","width":420,"height":127,"caption":"LEGALPROD"},"image":{"@id":"https:\/\/www.legalprod.com\/es\/#\/schema\/logo\/image\/"},"sameAs":["https:\/\/www.linkedin.com\/company\/legalprod"]}]}},"_links":{"self":[{"href":"https:\/\/www.legalprod.com\/es\/wp-json\/wp\/v2\/pages\/5871","targetHints":{"allow":["GET"]}}],"collection":[{"href":"https:\/\/www.legalprod.com\/es\/wp-json\/wp\/v2\/pages"}],"about":[{"href":"https:\/\/www.legalprod.com\/es\/wp-json\/wp\/v2\/types\/page"}],"author":[{"embeddable":true,"href":"https:\/\/www.legalprod.com\/es\/wp-json\/wp\/v2\/users\/3"}],"replies":[{"embeddable":true,"href":"https:\/\/www.legalprod.com\/es\/wp-json\/wp\/v2\/comments?post=5871"}],"version-history":[{"count":14,"href":"https:\/\/www.legalprod.com\/es\/wp-json\/wp\/v2\/pages\/5871\/revisions"}],"predecessor-version":[{"id":12354,"href":"https:\/\/www.legalprod.com\/es\/wp-json\/wp\/v2\/pages\/5871\/revisions\/12354"}],"wp:attachment":[{"href":"https:\/\/www.legalprod.com\/es\/wp-json\/wp\/v2\/media?parent=5871"}],"curies":[{"name":"wp","href":"https:\/\/api.w.org\/{rel}","templated":true}]}}