 {"id":10808,"date":"2024-07-12T16:25:28","date_gmt":"2024-07-12T14:25:28","guid":{"rendered":"https:\/\/www.legalprod.com\/programador-symfony-vuejs-h-f\/"},"modified":"2024-07-26T17:06:28","modified_gmt":"2024-07-26T15:06:28","slug":"programador-symfony-vuejs-h-f","status":"publish","type":"page","link":"https:\/\/www.legalprod.com\/pt-pt\/programador-symfony-vuejs-h-f\/","title":{"rendered":"Programador Symfony + VueJS H\/F"},"content":{"rendered":"<p>[et_pb_section fb_built=&#8221;1&#8243; custom_padding_last_edited=&#8221;on|tablet&#8221; _builder_version=&#8221;4.23.1&#8243; _module_preset=&#8221;default&#8221; background_color=&#8221;#5233ff&#8221; z_index=&#8221;1&#8243; custom_padding=&#8221;205px||210px||false|false&#8221; custom_padding_tablet=&#8221;175px||150px||false|false&#8221; custom_padding_phone=&#8221;175px||150px||false|false&#8221; global_colors_info=&#8221;{}&#8221;][et_pb_row column_structure=&#8221;1_2,1_2&#8243; use_custom_gutter=&#8221;on&#8221; gutter_width=&#8221;1&#8243; _builder_version=&#8221;4.23.1&#8243; _module_preset=&#8221;default&#8221; max_width=&#8221;1200px&#8221; module_alignment=&#8221;center&#8221; custom_padding=&#8221;||0px|||&#8221; global_colors_info=&#8221;{}&#8221;][et_pb_column type=&#8221;1_2&#8243; _builder_version=&#8221;4.23.1&#8243; _module_preset=&#8221;default&#8221; global_colors_info=&#8221;{}&#8221;][et_pb_text _builder_version=&#8221;4.23.1&#8243; _module_preset=&#8221;default&#8221; text_font=&#8221;Poppins||||||||&#8221; text_text_color=&#8221;#020000&#8243; text_font_size=&#8221;73px&#8221; text_line_height=&#8221;117.2%&#8221; header_font=&#8221;Poppins||||||||&#8221; header_text_color=&#8221;#ffffff&#8221; header_font_size=&#8221;45px&#8221; header_line_height=&#8221;130%&#8221; custom_padding=&#8221;||20px||false|false&#8221; header_font_size_tablet=&#8221;35px&#8221; header_font_size_phone=&#8221;35px&#8221; header_font_size_last_edited=&#8221;on|tablet&#8221; global_colors_info=&#8221;{}&#8221;]<\/p>\n<h1>Programador Symfony + VueJS H\/F<\/h1>\n<p>[\/et_pb_text][\/et_pb_column][et_pb_column type=&#8221;1_2&#8243; _builder_version=&#8221;4.23.1&#8243; _module_preset=&#8221;default&#8221; global_colors_info=&#8221;{}&#8221;][et_pb_icon font_icon=&#8221;&#xf120;||fa||900&#8243; icon_color=&#8221;#FFFFFF&#8221; _builder_version=&#8221;4.23.1&#8243; _module_preset=&#8221;default&#8221; custom_margin=&#8221;15px||||false|false&#8221; hover_enabled=&#8221;0&#8243; global_colors_info=&#8221;{}&#8221; disabled_on=&#8221;on|on|off&#8221; sticky_enabled=&#8221;0&#8243;][\/et_pb_icon][\/et_pb_column][\/et_pb_row][et_pb_row _builder_version=&#8221;4.23.1&#8243; _module_preset=&#8221;default&#8221; max_width=&#8221;1200px&#8221; global_colors_info=&#8221;{}&#8221;][et_pb_column type=&#8221;4_4&#8243; _builder_version=&#8221;4.23.1&#8243; _module_preset=&#8221;default&#8221; global_colors_info=&#8221;{}&#8221;][et_pb_text _builder_version=&#8221;4.23.1&#8243; _module_preset=&#8221;default&#8221; text_font=&#8221;Poppins||||||||&#8221; text_text_color=&#8221;#FFFFFF&#8221; text_font_size=&#8221;17px&#8221; custom_padding=&#8221;||10px||false|false&#8221; global_colors_info=&#8221;{}&#8221;]<\/p>\n<p>Paris &#8211; Contrato permanente<\/p>\n<p>Fun\u00e7\u00f5es do lugar :<\/p>\n<p><span style=\"text-decoration: underline;\"><strong>As tuas tarefas?<\/strong><\/span><\/p>\n<p>Como parte da nossa equipa, vais trabalhar num projeto de desenvolvimento de software para escrit\u00f3rios de advogados.<\/p>\n<p>Como Symfony + VueJS Developer Engineer (M\/F), ser\u00e1s respons\u00e1vel pelas seguintes tarefas :<\/p>\n<ul>\n<li>Desenvolvimento de funcionalidades Front-End e Back-End de acordo com as especifica\u00e7\u00f5es definidas;<\/li>\n<li>Revis\u00e3o do c\u00f3digo em colabora\u00e7\u00e3o com outros membros da equipa;<\/li>\n<li>Escreve testes unit\u00e1rios e funcionais para garantir a qualidade do software ;<\/li>\n<li>Industrializa\u00e7\u00e3o dos desenvolvimentos atrav\u00e9s do nosso PIC ;<\/li>\n<li>Participa\u00e7\u00e3o em cerim\u00f3nias \u00e1geis: Reuni\u00e3o di\u00e1ria do Scrum, Revis\u00e3o do Sprint, Retrospetiva do Sprint e Planning Poker.<\/li>\n<\/ul>\n<p>&nbsp;<\/p>\n<p><span style=\"text-decoration: underline;\"><strong>A pilha t\u00e9cnica :<\/strong><\/span><\/p>\n<ul>\n<li>Imperativo: VueJS, Symfony<\/li>\n<li>Popular: NodeJS, ReactJS<\/li>\n<li>Base de dados: MySQL e PostgreSQL<\/li>\n<li>Ferramentas: Git, Jenkins, Jira<\/li>\n<\/ul>\n<p>&nbsp;<\/p>\n<p><span style=\"text-decoration: underline;\"><strong>Perfil necess\u00e1rio:<\/strong><\/span><\/p>\n<p>O que \u00e9 que se passa? Est\u00e1s pronto para aceitar o desafio?<\/p>\n<p>Se te reconheces, n\u00e3o hesites em candidatar-te:<\/p>\n<ul>\n<li>Tens um diploma de 5 anos (mestrado ou escola de engenharia) e pelo menos 1 ano de experi\u00eancia em desenvolvimento front-end com VueJS e desenvolvimento back-end com Symfony.<\/li>\n<li>Gostas de descobrir novos contextos funcionais e de compreender os objectivos das aplica\u00e7\u00f5es que desenvolves.<\/li>\n<li>\u00c0 vontade numa organiza\u00e7\u00e3o \u00e1gil, demonstrar\u00e1s rigor e aplicar\u00e1s normas de qualidade ao longo do processo de desenvolvimento.<\/li>\n<\/ul>\n<p>Para al\u00e9m das tuas compet\u00eancias t\u00e9cnicas, interessa-nos tamb\u00e9m o teu potencial e a tua motiva\u00e7\u00e3o.<\/p>\n<p>As nossas vagas est\u00e3o abertas a pessoas com defici\u00eancia.<\/p>\n<p>Envia o teu CV para cyril.maucour@gmail.com ou contact@legalprod.com<\/p>\n<p>[\/et_pb_text][\/et_pb_column][\/et_pb_row][et_pb_row _builder_version=&#8221;4.23.1&#8243; _module_preset=&#8221;default&#8221; max_width=&#8221;1200px&#8221; custom_padding=&#8221;5px||5px||true|false&#8221; global_colors_info=&#8221;{}&#8221;][et_pb_column type=&#8221;4_4&#8243; _builder_version=&#8221;4.23.1&#8243; _module_preset=&#8221;default&#8221; global_colors_info=&#8221;{}&#8221;][et_pb_button button_url=&#8221;mailto:contact@legalprod.com&#8221; button_text=&#8221;Contacta-nos&#8221; button_alignment=&#8221;left&#8221; _builder_version=&#8221;4.23.1&#8243; _module_preset=&#8221;default&#8221; custom_button=&#8221;on&#8221; button_text_color=&#8221;#5233ff&#8221; button_bg_color=&#8221;#FFFFFF&#8221; button_border_width=&#8221;0px&#8221; button_border_color=&#8221;RGBA(255,255,255,0)&#8221; button_border_radius=&#8221;25px&#8221; button_icon=&#8221;&#x35;||divi||400&#8243; custom_margin=&#8221;||||false|false&#8221; global_colors_info=&#8221;{}&#8221; button_bg_color__hover_enabled=&#8221;on|hover&#8221; button_bg_color__hover=&#8221;#FFFFFF&#8221; button_bg_enable_color__hover=&#8221;on&#8221; button_text_color__hover_enabled=&#8221;on|hover&#8221; button_text_color__hover=&#8221;#000000&#8243;][\/et_pb_button][\/et_pb_column][\/et_pb_row][\/et_pb_section]<\/p>\n","protected":false},"excerpt":{"rendered":"<p>Programador Symfony + VueJS H\/F Paris &#8211; Contrato permanente Fun\u00e7\u00f5es do lugar : As tuas tarefas? Como parte da nossa equipa, vais trabalhar num projeto de desenvolvimento de software para escrit\u00f3rios de advogados. Como Symfony + VueJS Developer Engineer (M\/F), ser\u00e1s respons\u00e1vel pelas seguintes tarefas : Desenvolvimento de funcionalidades Front-End e Back-End de acordo com [&hellip;]<\/p>\n","protected":false},"author":3,"featured_media":0,"parent":0,"menu_order":0,"comment_status":"closed","ping_status":"closed","template":"","meta":{"_et_pb_use_builder":"on","_et_pb_old_content":"","_et_gb_content_width":"","_monsterinsights_skip_tracking":false,"_monsterinsights_sitenote_active":false,"_monsterinsights_sitenote_note":"","_monsterinsights_sitenote_category":0,"footnotes":""},"class_list":["post-10808","page","type-page","status-publish","hentry"],"yoast_head":"<!-- This site is optimized with the Yoast SEO plugin v27.4 - https:\/\/yoast.com\/product\/yoast-seo-wordpress\/ -->\n<title>Programador Symfony + VueJS H\/F - LEGALPROD<\/title>\n<meta name=\"robots\" content=\"noindex, nofollow\" \/>\n<meta property=\"og:locale\" content=\"pt_PT\" \/>\n<meta property=\"og:type\" content=\"article\" \/>\n<meta property=\"og:title\" content=\"Programador Symfony + VueJS H\/F - LEGALPROD\" \/>\n<meta property=\"og:description\" content=\"Programador Symfony + VueJS H\/F Paris - Contrato permanente Fun\u00e7\u00f5es do lugar : As tuas tarefas? Como parte da nossa equipa, vais trabalhar num projeto de desenvolvimento de software para escrit\u00f3rios de advogados. Como Symfony + VueJS Developer Engineer (M\/F), ser\u00e1s respons\u00e1vel pelas seguintes tarefas : Desenvolvimento de funcionalidades Front-End e Back-End de acordo com [&hellip;]\" \/>\n<meta property=\"og:url\" content=\"https:\/\/www.legalprod.com\/pt-pt\/programador-symfony-vuejs-h-f\/\" \/>\n<meta property=\"og:site_name\" content=\"LEGALPROD\" \/>\n<meta property=\"article:modified_time\" content=\"2024-07-26T15:06:28+00:00\" \/>\n<meta name=\"twitter:card\" content=\"summary_large_image\" \/>\n<meta name=\"twitter:label1\" content=\"Tempo estimado de leitura\" \/>\n\t<meta name=\"twitter:data1\" content=\"3 minutos\" \/>\n<script type=\"application\/ld+json\" class=\"yoast-schema-graph\">{\"@context\":\"https:\\\/\\\/schema.org\",\"@graph\":[{\"@type\":\"WebPage\",\"@id\":\"https:\\\/\\\/www.legalprod.com\\\/pt-pt\\\/programador-symfony-vuejs-h-f\\\/\",\"url\":\"https:\\\/\\\/www.legalprod.com\\\/pt-pt\\\/programador-symfony-vuejs-h-f\\\/\",\"name\":\"Programador Symfony + VueJS H\\\/F - LEGALPROD\",\"isPartOf\":{\"@id\":\"https:\\\/\\\/www.legalprod.com\\\/pt-pt\\\/#website\"},\"datePublished\":\"2024-07-12T14:25:28+00:00\",\"dateModified\":\"2024-07-26T15:06:28+00:00\",\"breadcrumb\":{\"@id\":\"https:\\\/\\\/www.legalprod.com\\\/pt-pt\\\/programador-symfony-vuejs-h-f\\\/#breadcrumb\"},\"inLanguage\":\"pt-PT\",\"potentialAction\":[{\"@type\":\"ReadAction\",\"target\":[\"https:\\\/\\\/www.legalprod.com\\\/pt-pt\\\/programador-symfony-vuejs-h-f\\\/\"]}]},{\"@type\":\"BreadcrumbList\",\"@id\":\"https:\\\/\\\/www.legalprod.com\\\/pt-pt\\\/programador-symfony-vuejs-h-f\\\/#breadcrumb\",\"itemListElement\":[{\"@type\":\"ListItem\",\"position\":1,\"name\":\"Accueil\",\"item\":\"https:\\\/\\\/www.legalprod.com\\\/pt-pt\\\/\"},{\"@type\":\"ListItem\",\"position\":2,\"name\":\"Programador Symfony + VueJS H\\\/F\"}]},{\"@type\":\"WebSite\",\"@id\":\"https:\\\/\\\/www.legalprod.com\\\/pt-pt\\\/#website\",\"url\":\"https:\\\/\\\/www.legalprod.com\\\/pt-pt\\\/\",\"name\":\"LEGALPROD\",\"description\":\"La plateforme intelligente des avocats performants\",\"publisher\":{\"@id\":\"https:\\\/\\\/www.legalprod.com\\\/pt-pt\\\/#organization\"},\"potentialAction\":[{\"@type\":\"SearchAction\",\"target\":{\"@type\":\"EntryPoint\",\"urlTemplate\":\"https:\\\/\\\/www.legalprod.com\\\/pt-pt\\\/?s={search_term_string}\"},\"query-input\":{\"@type\":\"PropertyValueSpecification\",\"valueRequired\":true,\"valueName\":\"search_term_string\"}}],\"inLanguage\":\"pt-PT\"},{\"@type\":\"Organization\",\"@id\":\"https:\\\/\\\/www.legalprod.com\\\/pt-pt\\\/#organization\",\"name\":\"LEGALPROD\",\"url\":\"https:\\\/\\\/www.legalprod.com\\\/pt-pt\\\/\",\"logo\":{\"@type\":\"ImageObject\",\"inLanguage\":\"pt-PT\",\"@id\":\"https:\\\/\\\/www.legalprod.com\\\/pt-pt\\\/#\\\/schema\\\/logo\\\/image\\\/\",\"url\":\"https:\\\/\\\/www.legalprod.com\\\/wp-content\\\/uploads\\\/2022\\\/11\\\/legalprod.png\",\"contentUrl\":\"https:\\\/\\\/www.legalprod.com\\\/wp-content\\\/uploads\\\/2022\\\/11\\\/legalprod.png\",\"width\":420,\"height\":127,\"caption\":\"LEGALPROD\"},\"image\":{\"@id\":\"https:\\\/\\\/www.legalprod.com\\\/pt-pt\\\/#\\\/schema\\\/logo\\\/image\\\/\"},\"sameAs\":[\"https:\\\/\\\/www.linkedin.com\\\/company\\\/legalprod\"]}]}<\/script>\n<!-- \/ Yoast SEO plugin. -->","yoast_head_json":{"title":"Programador Symfony + VueJS H\/F - LEGALPROD","robots":{"index":"noindex","follow":"nofollow"},"og_locale":"pt_PT","og_type":"article","og_title":"Programador Symfony + VueJS H\/F - LEGALPROD","og_description":"Programador Symfony + VueJS H\/F Paris - Contrato permanente Fun\u00e7\u00f5es do lugar : As tuas tarefas? Como parte da nossa equipa, vais trabalhar num projeto de desenvolvimento de software para escrit\u00f3rios de advogados. Como Symfony + VueJS Developer Engineer (M\/F), ser\u00e1s respons\u00e1vel pelas seguintes tarefas : Desenvolvimento de funcionalidades Front-End e Back-End de acordo com [&hellip;]","og_url":"https:\/\/www.legalprod.com\/pt-pt\/programador-symfony-vuejs-h-f\/","og_site_name":"LEGALPROD","article_modified_time":"2024-07-26T15:06:28+00:00","twitter_card":"summary_large_image","twitter_misc":{"Tempo estimado de leitura":"3 minutos"},"schema":{"@context":"https:\/\/schema.org","@graph":[{"@type":"WebPage","@id":"https:\/\/www.legalprod.com\/pt-pt\/programador-symfony-vuejs-h-f\/","url":"https:\/\/www.legalprod.com\/pt-pt\/programador-symfony-vuejs-h-f\/","name":"Programador Symfony + VueJS H\/F - LEGALPROD","isPartOf":{"@id":"https:\/\/www.legalprod.com\/pt-pt\/#website"},"datePublished":"2024-07-12T14:25:28+00:00","dateModified":"2024-07-26T15:06:28+00:00","breadcrumb":{"@id":"https:\/\/www.legalprod.com\/pt-pt\/programador-symfony-vuejs-h-f\/#breadcrumb"},"inLanguage":"pt-PT","potentialAction":[{"@type":"ReadAction","target":["https:\/\/www.legalprod.com\/pt-pt\/programador-symfony-vuejs-h-f\/"]}]},{"@type":"BreadcrumbList","@id":"https:\/\/www.legalprod.com\/pt-pt\/programador-symfony-vuejs-h-f\/#breadcrumb","itemListElement":[{"@type":"ListItem","position":1,"name":"Accueil","item":"https:\/\/www.legalprod.com\/pt-pt\/"},{"@type":"ListItem","position":2,"name":"Programador Symfony + VueJS H\/F"}]},{"@type":"WebSite","@id":"https:\/\/www.legalprod.com\/pt-pt\/#website","url":"https:\/\/www.legalprod.com\/pt-pt\/","name":"LEGALPROD","description":"La plateforme intelligente des avocats performants","publisher":{"@id":"https:\/\/www.legalprod.com\/pt-pt\/#organization"},"potentialAction":[{"@type":"SearchAction","target":{"@type":"EntryPoint","urlTemplate":"https:\/\/www.legalprod.com\/pt-pt\/?s={search_term_string}"},"query-input":{"@type":"PropertyValueSpecification","valueRequired":true,"valueName":"search_term_string"}}],"inLanguage":"pt-PT"},{"@type":"Organization","@id":"https:\/\/www.legalprod.com\/pt-pt\/#organization","name":"LEGALPROD","url":"https:\/\/www.legalprod.com\/pt-pt\/","logo":{"@type":"ImageObject","inLanguage":"pt-PT","@id":"https:\/\/www.legalprod.com\/pt-pt\/#\/schema\/logo\/image\/","url":"https:\/\/www.legalprod.com\/wp-content\/uploads\/2022\/11\/legalprod.png","contentUrl":"https:\/\/www.legalprod.com\/wp-content\/uploads\/2022\/11\/legalprod.png","width":420,"height":127,"caption":"LEGALPROD"},"image":{"@id":"https:\/\/www.legalprod.com\/pt-pt\/#\/schema\/logo\/image\/"},"sameAs":["https:\/\/www.linkedin.com\/company\/legalprod"]}]}},"_links":{"self":[{"href":"https:\/\/www.legalprod.com\/pt-pt\/wp-json\/wp\/v2\/pages\/10808","targetHints":{"allow":["GET"]}}],"collection":[{"href":"https:\/\/www.legalprod.com\/pt-pt\/wp-json\/wp\/v2\/pages"}],"about":[{"href":"https:\/\/www.legalprod.com\/pt-pt\/wp-json\/wp\/v2\/types\/page"}],"author":[{"embeddable":true,"href":"https:\/\/www.legalprod.com\/pt-pt\/wp-json\/wp\/v2\/users\/3"}],"replies":[{"embeddable":true,"href":"https:\/\/www.legalprod.com\/pt-pt\/wp-json\/wp\/v2\/comments?post=10808"}],"version-history":[{"count":10,"href":"https:\/\/www.legalprod.com\/pt-pt\/wp-json\/wp\/v2\/pages\/10808\/revisions"}],"predecessor-version":[{"id":10943,"href":"https:\/\/www.legalprod.com\/pt-pt\/wp-json\/wp\/v2\/pages\/10808\/revisions\/10943"}],"wp:attachment":[{"href":"https:\/\/www.legalprod.com\/pt-pt\/wp-json\/wp\/v2\/media?parent=10808"}],"curies":[{"name":"wp","href":"https:\/\/api.w.org\/{rel}","templated":true}]}}