 {"id":17328,"date":"2025-09-02T10:51:46","date_gmt":"2025-09-02T08:51:46","guid":{"rendered":"https:\/\/www.legalprod.com\/condicoes-gerais-para-o-envio-de-mensagens\/"},"modified":"2025-09-02T10:52:35","modified_gmt":"2025-09-02T08:52:35","slug":"condicoes-gerais-para-o-envio-de-mensagens","status":"publish","type":"page","link":"https:\/\/www.legalprod.com\/pt-pt\/condicoes-gerais-para-o-envio-de-mensagens\/","title":{"rendered":"Condi\u00e7\u00f5es gerais para o envio de mensagens"},"content":{"rendered":"<p>[et_pb_section fb_built=&#8221;1&#8243; next_background_color=&#8221;#ffffff&#8221; admin_label=&#8221;Header&#8221; _builder_version=&#8221;4.23.1&#8243; _module_preset=&#8221;default&#8221; background_color=&#8221;#5233ff&#8221; background_enable_image=&#8221;off&#8221; background_size=&#8221;initial&#8221; background_blend=&#8221;color&#8221; min_height=&#8221;266px&#8221; custom_margin=&#8221;||||false|false&#8221; custom_padding=&#8221;125px||||false|false&#8221; bottom_divider_style=&#8221;slant&#8221; bottom_divider_height=&#8221;0vw&#8221; bottom_divider_repeat=&#8221;1x&#8221; bottom_divider_flip=&#8221;horizontal&#8221; bottom_divider_arrangement=&#8221;above_content&#8221; border_style_all=&#8221;none&#8221; locked=&#8221;off&#8221; global_colors_info=&#8221;{%22gcid-af512a5f-530a-4e80-bfc4-3632d9174c8b%22:%91%93,%22gcid-b593ef39-6aba-4318-8d2d-133b31113704%22:%91%93}&#8221; theme_builder_area=&#8221;post_content&#8221;][et_pb_row _builder_version=&#8221;4.19.0&#8243; _module_preset=&#8221;default&#8221; background_color=&#8221;RGBA(255,255,255,0)&#8221; border_color_all=&#8221;RGBA(255,255,255,0)&#8221; border_style_all=&#8221;none&#8221; global_colors_info=&#8221;{}&#8221; theme_builder_area=&#8221;post_content&#8221;][et_pb_column type=&#8221;4_4&#8243; _builder_version=&#8221;4.19.5&#8243; _module_preset=&#8221;default&#8221; background_color=&#8221;RGBA(255,255,255,0)&#8221; background_enable_image=&#8221;off&#8221; background_size=&#8221;initial&#8221; custom_padding=&#8221;||||false|false&#8221; border_style_all=&#8221;none&#8221; global_colors_info=&#8221;{}&#8221; theme_builder_area=&#8221;post_content&#8221;][et_pb_divider show_divider=&#8221;off&#8221; _builder_version=&#8221;4.19.0&#8243; _module_preset=&#8221;default&#8221; max_width=&#8221;50px&#8221; custom_margin=&#8221;||0px||false|false&#8221; global_colors_info=&#8221;{}&#8221; theme_builder_area=&#8221;post_content&#8221;][\/et_pb_divider][et_pb_text admin_label=&#8221;Texte&#8221; _builder_version=&#8221;4.23.1&#8243; _module_preset=&#8221;default&#8221; text_font=&#8221;Barlow|500|||||||&#8221; text_font_size=&#8221;15px&#8221; text_line_height=&#8221;24px&#8221; header_font=&#8221;Barlow|700|||||||&#8221; header_text_align=&#8221;left&#8221; header_text_color=&#8221;#132F5E&#8221; header_font_size=&#8221;50px&#8221; header_line_height=&#8221;60px&#8221; header_2_font=&#8221;Barlow|600|||||||&#8221; header_2_text_align=&#8221;center&#8221; header_2_text_color=&#8221;#132F5E&#8221; header_2_font_size=&#8221;35px&#8221; header_2_line_height=&#8221;40px&#8221; header_3_font=&#8221;Barlow|600||on|||||&#8221; header_3_text_align=&#8221;left&#8221; header_3_text_color=&#8221;#132F5E&#8221; header_3_font_size=&#8221;24px&#8221; header_3_line_height=&#8221;30px&#8221; header_4_font=&#8221;Barlow|600||on|||||&#8221; header_4_text_align=&#8221;left&#8221; header_4_text_color=&#8221;#C2C5CD&#8221; header_4_line_height=&#8221;24px&#8221; module_alignment=&#8221;left&#8221; hover_enabled=&#8221;0&#8243; border_style_all=&#8221;none&#8221; global_colors_info=&#8221;{}&#8221; theme_builder_area=&#8221;post_content&#8221; sticky_enabled=&#8221;0&#8243;]<\/p>\n<h1 style=\"text-align: center;\" ffffff=\"\" color:=\"\"><span style=\"color: #ffffff;\">Condi\u00e7\u00f5es gerais para o envio de mensagens<\/span><\/h1>\n<p>[\/et_pb_text][\/et_pb_column][\/et_pb_row][\/et_pb_section][et_pb_section fb_built=&#8221;1&#8243; _builder_version=&#8221;4.20.0&#8243; _module_preset=&#8221;default&#8221; global_colors_info=&#8221;{}&#8221; theme_builder_area=&#8221;post_content&#8221;][et_pb_row _builder_version=&#8221;4.20.0&#8243; _module_preset=&#8221;default&#8221; global_colors_info=&#8221;{}&#8221; theme_builder_area=&#8221;post_content&#8221;][et_pb_column type=&#8221;4_4&#8243; _builder_version=&#8221;4.20.0&#8243; _module_preset=&#8221;default&#8221; global_colors_info=&#8221;{}&#8221; theme_builder_area=&#8221;post_content&#8221;][et_pb_text _builder_version=&#8221;4.23.1&#8243; _module_preset=&#8221;default&#8221; hover_enabled=&#8221;0&#8243; global_colors_info=&#8221;{}&#8221; theme_builder_area=&#8221;post_content&#8221; header_text_color=&#8221;#333333&#8243; header_2_text_color=&#8221;#333333&#8243; header_3_text_color=&#8221;#333333&#8243; header_4_text_color=&#8221;#333333&#8243; header_5_text_color=&#8221;#333333&#8243; sticky_enabled=&#8221;0&#8243;]<\/p>\n<p data-pm-slice=\"0 0 []\">LegalProd<\/p>\n<p>34 Avenue Des Champs Elysees Paris FR 75008<\/p>\n<p>stan@legalprod.com<\/p>\n<p>http:\/\/eepurl.com\/jmrmVc<\/p>\n<p>&nbsp;<\/p>\n<h1>Termos e condi\u00e7\u00f5es gerais para o envio de mensagens<\/h1>\n<p>&nbsp;<\/p>\n<p>LegalProd | 34 Avenue Des Champs Elysees Paris FR 75008<\/p>\n<p>&nbsp;<\/p>\n<h2>Geral<\/h2>\n<p>&nbsp;<\/p>\n<p>Quando te registares no servi\u00e7o, enviar-te-emos uma mensagem para confirmar o teu registo.<\/p>\n<p>&nbsp;<\/p>\n<p>Ao registar-se para receber mensagens, aceita receber mensagens SMS informativas e de marketing autom\u00e1ticas recorrentes do LegalProd. As mensagens automatizadas podem ser enviadas atrav\u00e9s de um sistema de marca\u00e7\u00e3o autom\u00e1tica para o n\u00famero de telem\u00f3vel que forneceste quando te registaste ou para qualquer outro n\u00famero que designes. <\/p>\n<p>&nbsp;<\/p>\n<p>A frequ\u00eancia das mensagens varia, e mensagens m\u00f3veis adicionais podem ser enviadas periodicamente com base na sua intera\u00e7\u00e3o com o LegalProd. LegalProd reserva-se o direito de alterar a frequ\u00eancia das mensagens enviadas a qualquer momento para aumentar ou diminuir o n\u00famero total de mensagens enviadas. O LegalProd tamb\u00e9m se reserva o direito de alterar o c\u00f3digo curto, o n\u00famero de telefone ou o remetente alfanum\u00e9rico para o qual as mensagens s\u00e3o enviadas.  <\/p>\n<p>&nbsp;<\/p>\n<p>Poder\u00e3o ser aplicadas as tarifas habituais para mensagens e dados. Se tiveres alguma d\u00favida sobre o teu plano de SMS ou de dados, contacta o teu fornecedor de telem\u00f3vel. N\u00e3o nos responsabilizamos por mensagens atrasadas ou n\u00e3o entregues.  <\/p>\n<p>&nbsp;<\/p>\n<p>O teu consentimento para receber mensagens comerciais n\u00e3o constitui uma condi\u00e7\u00e3o de compra.<\/p>\n<p>&nbsp;<\/p>\n<h2>Operadores<\/h2>\n<p>&nbsp;<\/p>\n<p>Os operadores n\u00e3o s\u00e3o respons\u00e1veis por mensagens atrasadas ou n\u00e3o entregues.<\/p>\n<p>&nbsp;<\/p>\n<h2>Cancelamento<\/h2>\n<p>&nbsp;<\/p>\n<p>As mensagens indicar\u00e3o a possibilidade de anular a tua subscri\u00e7\u00e3o, quer enviando uma mensagem de texto com a palavra &#8220;STOP&#8221;, quer atrav\u00e9s da liga\u00e7\u00e3o inclu\u00edda na mensagem. Depois de cancelares a tua subscri\u00e7\u00e3o, enviar-te-emos uma mensagem a confirmar que cancelaste a tua subscri\u00e7\u00e3o e que n\u00e3o ser\u00e3o enviadas mais mensagens. Se desejares receber mensagens do LegalProd novamente, inscreve-te como fizeste quando te inscreveste pela primeira vez. O LegalProd voltar\u00e1 a enviar-te mensagens.   <\/p>\n<p>&nbsp;<\/p>\n<h2>Informa\u00e7\u00f5es<\/h2>\n<p>&nbsp;<\/p>\n<p>Para obter assist\u00eancia com os nossos servi\u00e7os, envia-nos um e-mail para stan@legalprod.com ou, se esta op\u00e7\u00e3o for suportada, envia &#8220;HELP&#8221; para em qualquer altura, e dir-te-emos como cancelar a subscri\u00e7\u00e3o. Se houver um link nas mensagens que te enviamos da LegalProd, tamb\u00e9m podes aceder ao procedimento de cancelamento da subscri\u00e7\u00e3o e a informa\u00e7\u00f5es sobre a nossa empresa atrav\u00e9s desse link. <\/p>\n<p>&nbsp;<\/p>\n<h2>Transfer\u00eancia de n\u00fameros<\/h2>\n<p>&nbsp;<\/p>\n<p>Aceita que, antes de alterar o seu n\u00famero de telem\u00f3vel ou de transferir o seu n\u00famero de telem\u00f3vel para outra pessoa, se compromete a enviar &#8220;STOP&#8221; a partir do n\u00famero original ou a informar-nos do seu antigo n\u00famero em stan@legalprod.com. O dever de nos informar nestas situa\u00e7\u00f5es \u00e9 uma condi\u00e7\u00e3o pr\u00e9via \u00e0 utiliza\u00e7\u00e3o deste servi\u00e7o para receber mensagens. <\/p>\n<p>&nbsp;<\/p>\n<h2>Confidencialidade<\/h2>\n<p>&nbsp;<\/p>\n<p>Se tiveres alguma d\u00favida sobre os teus dados ou sobre as nossas pr\u00e1ticas de privacidade, visita http:\/\/eepurl.com\/jmrmVc.<\/p>\n<p>&nbsp;<\/p>\n<h2>Altera\u00e7\u00f5es \u00e0s condi\u00e7\u00f5es gerais de envio de mensagens<\/h2>\n<p>&nbsp;<\/p>\n<p>Reservamo-nos o direito de alterar ou terminar o nosso programa de mensagens em qualquer altura. Tamb\u00e9m nos reservamos o direito de atualizar estes Termos e Condi\u00e7\u00f5es de Mensagens em qualquer altura. Estas altera\u00e7\u00f5es entrar\u00e3o em vigor imediatamente ap\u00f3s a sua publica\u00e7\u00e3o. Se n\u00e3o concordares com quaisquer altera\u00e7\u00f5es aos presentes Termos e Condi\u00e7\u00f5es do Servi\u00e7o de Mensagens, deves cancelar o teu registo no nosso Programa de Mensagens. A continua\u00e7\u00e3o do teu registo ap\u00f3s estas altera\u00e7\u00f5es constituir\u00e1 a tua aceita\u00e7\u00e3o das mesmas.    <\/p>\n<p>&nbsp;<\/p>\n<p>[\/et_pb_text][\/et_pb_column][\/et_pb_row][\/et_pb_section]<\/p>\n","protected":false},"excerpt":{"rendered":"<p>Condi\u00e7\u00f5es gerais para o envio de mensagensLegalProd 34 Avenue Des Champs Elysees Paris FR 75008 stan@legalprod.com http:\/\/eepurl.com\/jmrmVc &nbsp; Termos e condi\u00e7\u00f5es gerais para o envio de mensagens &nbsp; LegalProd | 34 Avenue Des Champs Elysees Paris FR 75008 &nbsp; Geral &nbsp; Quando te registares no servi\u00e7o, enviar-te-emos uma mensagem para confirmar o teu registo. &nbsp; [&hellip;]<\/p>\n","protected":false},"author":3,"featured_media":0,"parent":0,"menu_order":0,"comment_status":"closed","ping_status":"closed","template":"","meta":{"_et_pb_use_builder":"on","_et_pb_old_content":"","_et_gb_content_width":"","_monsterinsights_skip_tracking":false,"_monsterinsights_sitenote_active":false,"_monsterinsights_sitenote_note":"","_monsterinsights_sitenote_category":0,"footnotes":""},"class_list":["post-17328","page","type-page","status-publish","hentry"],"yoast_head":"<!-- This site is optimized with the Yoast SEO plugin v27.5 - https:\/\/yoast.com\/product\/yoast-seo-wordpress\/ -->\n<title>Condi\u00e7\u00f5es gerais para o envio de mensagens - LEGALPROD<\/title>\n<meta name=\"robots\" content=\"index, follow, max-snippet:-1, max-image-preview:large, max-video-preview:-1\" \/>\n<link rel=\"canonical\" href=\"https:\/\/www.legalprod.com\/pt-pt\/condicoes-gerais-para-o-envio-de-mensagens\/\" \/>\n<meta property=\"og:locale\" content=\"pt_PT\" \/>\n<meta property=\"og:type\" content=\"article\" \/>\n<meta property=\"og:title\" content=\"Condi\u00e7\u00f5es gerais para o envio de mensagens - LEGALPROD\" \/>\n<meta property=\"og:description\" content=\"Condi\u00e7\u00f5es gerais para o envio de mensagensLegalProd 34 Avenue Des Champs Elysees Paris FR 75008 stan@legalprod.com http:\/\/eepurl.com\/jmrmVc &nbsp; Termos e condi\u00e7\u00f5es gerais para o envio de mensagens &nbsp; LegalProd | 34 Avenue Des Champs Elysees Paris FR 75008 &nbsp; Geral &nbsp; Quando te registares no servi\u00e7o, enviar-te-emos uma mensagem para confirmar o teu registo. &nbsp; [&hellip;]\" \/>\n<meta property=\"og:url\" content=\"https:\/\/www.legalprod.com\/pt-pt\/condicoes-gerais-para-o-envio-de-mensagens\/\" \/>\n<meta property=\"og:site_name\" content=\"LEGALPROD\" \/>\n<meta property=\"article:modified_time\" content=\"2025-09-02T08:52:35+00:00\" \/>\n<meta name=\"twitter:card\" content=\"summary_large_image\" \/>\n<meta name=\"twitter:label1\" content=\"Tempo estimado de leitura\" \/>\n\t<meta name=\"twitter:data1\" content=\"5 minutos\" \/>\n<script type=\"application\/ld+json\" class=\"yoast-schema-graph\">{\"@context\":\"https:\\\/\\\/schema.org\",\"@graph\":[{\"@type\":\"WebPage\",\"@id\":\"https:\\\/\\\/www.legalprod.com\\\/pt-pt\\\/condicoes-gerais-para-o-envio-de-mensagens\\\/\",\"url\":\"https:\\\/\\\/www.legalprod.com\\\/pt-pt\\\/condicoes-gerais-para-o-envio-de-mensagens\\\/\",\"name\":\"Condi\u00e7\u00f5es gerais para o envio de mensagens - LEGALPROD\",\"isPartOf\":{\"@id\":\"https:\\\/\\\/www.legalprod.com\\\/pt-pt\\\/#website\"},\"datePublished\":\"2025-09-02T08:51:46+00:00\",\"dateModified\":\"2025-09-02T08:52:35+00:00\",\"breadcrumb\":{\"@id\":\"https:\\\/\\\/www.legalprod.com\\\/pt-pt\\\/condicoes-gerais-para-o-envio-de-mensagens\\\/#breadcrumb\"},\"inLanguage\":\"pt-PT\",\"potentialAction\":[{\"@type\":\"ReadAction\",\"target\":[\"https:\\\/\\\/www.legalprod.com\\\/pt-pt\\\/condicoes-gerais-para-o-envio-de-mensagens\\\/\"]}]},{\"@type\":\"BreadcrumbList\",\"@id\":\"https:\\\/\\\/www.legalprod.com\\\/pt-pt\\\/condicoes-gerais-para-o-envio-de-mensagens\\\/#breadcrumb\",\"itemListElement\":[{\"@type\":\"ListItem\",\"position\":1,\"name\":\"Accueil\",\"item\":\"https:\\\/\\\/www.legalprod.com\\\/pt-pt\\\/\"},{\"@type\":\"ListItem\",\"position\":2,\"name\":\"Condi\u00e7\u00f5es gerais para o envio de mensagens\"}]},{\"@type\":\"WebSite\",\"@id\":\"https:\\\/\\\/www.legalprod.com\\\/pt-pt\\\/#website\",\"url\":\"https:\\\/\\\/www.legalprod.com\\\/pt-pt\\\/\",\"name\":\"LEGALPROD\",\"description\":\"La plateforme intelligente des avocats performants\",\"publisher\":{\"@id\":\"https:\\\/\\\/www.legalprod.com\\\/pt-pt\\\/#organization\"},\"potentialAction\":[{\"@type\":\"SearchAction\",\"target\":{\"@type\":\"EntryPoint\",\"urlTemplate\":\"https:\\\/\\\/www.legalprod.com\\\/pt-pt\\\/?s={search_term_string}\"},\"query-input\":{\"@type\":\"PropertyValueSpecification\",\"valueRequired\":true,\"valueName\":\"search_term_string\"}}],\"inLanguage\":\"pt-PT\"},{\"@type\":\"Organization\",\"@id\":\"https:\\\/\\\/www.legalprod.com\\\/pt-pt\\\/#organization\",\"name\":\"LEGALPROD\",\"url\":\"https:\\\/\\\/www.legalprod.com\\\/pt-pt\\\/\",\"logo\":{\"@type\":\"ImageObject\",\"inLanguage\":\"pt-PT\",\"@id\":\"https:\\\/\\\/www.legalprod.com\\\/pt-pt\\\/#\\\/schema\\\/logo\\\/image\\\/\",\"url\":\"https:\\\/\\\/www.legalprod.com\\\/wp-content\\\/uploads\\\/2022\\\/11\\\/legalprod.png\",\"contentUrl\":\"https:\\\/\\\/www.legalprod.com\\\/wp-content\\\/uploads\\\/2022\\\/11\\\/legalprod.png\",\"width\":420,\"height\":127,\"caption\":\"LEGALPROD\"},\"image\":{\"@id\":\"https:\\\/\\\/www.legalprod.com\\\/pt-pt\\\/#\\\/schema\\\/logo\\\/image\\\/\"},\"sameAs\":[\"https:\\\/\\\/www.linkedin.com\\\/company\\\/legalprod\"]}]}<\/script>\n<!-- \/ Yoast SEO plugin. -->","yoast_head_json":{"title":"Condi\u00e7\u00f5es gerais para o envio de mensagens - LEGALPROD","robots":{"index":"index","follow":"follow","max-snippet":"max-snippet:-1","max-image-preview":"max-image-preview:large","max-video-preview":"max-video-preview:-1"},"canonical":"https:\/\/www.legalprod.com\/pt-pt\/condicoes-gerais-para-o-envio-de-mensagens\/","og_locale":"pt_PT","og_type":"article","og_title":"Condi\u00e7\u00f5es gerais para o envio de mensagens - LEGALPROD","og_description":"Condi\u00e7\u00f5es gerais para o envio de mensagensLegalProd 34 Avenue Des Champs Elysees Paris FR 75008 stan@legalprod.com http:\/\/eepurl.com\/jmrmVc &nbsp; Termos e condi\u00e7\u00f5es gerais para o envio de mensagens &nbsp; LegalProd | 34 Avenue Des Champs Elysees Paris FR 75008 &nbsp; Geral &nbsp; Quando te registares no servi\u00e7o, enviar-te-emos uma mensagem para confirmar o teu registo. &nbsp; [&hellip;]","og_url":"https:\/\/www.legalprod.com\/pt-pt\/condicoes-gerais-para-o-envio-de-mensagens\/","og_site_name":"LEGALPROD","article_modified_time":"2025-09-02T08:52:35+00:00","twitter_card":"summary_large_image","twitter_misc":{"Tempo estimado de leitura":"5 minutos"},"schema":{"@context":"https:\/\/schema.org","@graph":[{"@type":"WebPage","@id":"https:\/\/www.legalprod.com\/pt-pt\/condicoes-gerais-para-o-envio-de-mensagens\/","url":"https:\/\/www.legalprod.com\/pt-pt\/condicoes-gerais-para-o-envio-de-mensagens\/","name":"Condi\u00e7\u00f5es gerais para o envio de mensagens - LEGALPROD","isPartOf":{"@id":"https:\/\/www.legalprod.com\/pt-pt\/#website"},"datePublished":"2025-09-02T08:51:46+00:00","dateModified":"2025-09-02T08:52:35+00:00","breadcrumb":{"@id":"https:\/\/www.legalprod.com\/pt-pt\/condicoes-gerais-para-o-envio-de-mensagens\/#breadcrumb"},"inLanguage":"pt-PT","potentialAction":[{"@type":"ReadAction","target":["https:\/\/www.legalprod.com\/pt-pt\/condicoes-gerais-para-o-envio-de-mensagens\/"]}]},{"@type":"BreadcrumbList","@id":"https:\/\/www.legalprod.com\/pt-pt\/condicoes-gerais-para-o-envio-de-mensagens\/#breadcrumb","itemListElement":[{"@type":"ListItem","position":1,"name":"Accueil","item":"https:\/\/www.legalprod.com\/pt-pt\/"},{"@type":"ListItem","position":2,"name":"Condi\u00e7\u00f5es gerais para o envio de mensagens"}]},{"@type":"WebSite","@id":"https:\/\/www.legalprod.com\/pt-pt\/#website","url":"https:\/\/www.legalprod.com\/pt-pt\/","name":"LEGALPROD","description":"La plateforme intelligente des avocats performants","publisher":{"@id":"https:\/\/www.legalprod.com\/pt-pt\/#organization"},"potentialAction":[{"@type":"SearchAction","target":{"@type":"EntryPoint","urlTemplate":"https:\/\/www.legalprod.com\/pt-pt\/?s={search_term_string}"},"query-input":{"@type":"PropertyValueSpecification","valueRequired":true,"valueName":"search_term_string"}}],"inLanguage":"pt-PT"},{"@type":"Organization","@id":"https:\/\/www.legalprod.com\/pt-pt\/#organization","name":"LEGALPROD","url":"https:\/\/www.legalprod.com\/pt-pt\/","logo":{"@type":"ImageObject","inLanguage":"pt-PT","@id":"https:\/\/www.legalprod.com\/pt-pt\/#\/schema\/logo\/image\/","url":"https:\/\/www.legalprod.com\/wp-content\/uploads\/2022\/11\/legalprod.png","contentUrl":"https:\/\/www.legalprod.com\/wp-content\/uploads\/2022\/11\/legalprod.png","width":420,"height":127,"caption":"LEGALPROD"},"image":{"@id":"https:\/\/www.legalprod.com\/pt-pt\/#\/schema\/logo\/image\/"},"sameAs":["https:\/\/www.linkedin.com\/company\/legalprod"]}]}},"_links":{"self":[{"href":"https:\/\/www.legalprod.com\/pt-pt\/wp-json\/wp\/v2\/pages\/17328","targetHints":{"allow":["GET"]}}],"collection":[{"href":"https:\/\/www.legalprod.com\/pt-pt\/wp-json\/wp\/v2\/pages"}],"about":[{"href":"https:\/\/www.legalprod.com\/pt-pt\/wp-json\/wp\/v2\/types\/page"}],"author":[{"embeddable":true,"href":"https:\/\/www.legalprod.com\/pt-pt\/wp-json\/wp\/v2\/users\/3"}],"replies":[{"embeddable":true,"href":"https:\/\/www.legalprod.com\/pt-pt\/wp-json\/wp\/v2\/comments?post=17328"}],"version-history":[{"count":2,"href":"https:\/\/www.legalprod.com\/pt-pt\/wp-json\/wp\/v2\/pages\/17328\/revisions"}],"predecessor-version":[{"id":17330,"href":"https:\/\/www.legalprod.com\/pt-pt\/wp-json\/wp\/v2\/pages\/17328\/revisions\/17330"}],"wp:attachment":[{"href":"https:\/\/www.legalprod.com\/pt-pt\/wp-json\/wp\/v2\/media?parent=17328"}],"curies":[{"name":"wp","href":"https:\/\/api.w.org\/{rel}","templated":true}]}}